{"id":7083,"date":"2025-04-24T18:27:51","date_gmt":"2025-04-24T18:27:51","guid":{"rendered":"https:\/\/luxuryvacationscolombia.com\/?post_type=product&#038;p=7083"},"modified":"2026-03-16T16:25:44","modified_gmt":"2026-03-16T16:25:44","slug":"sabai-dia-de-playa-en-baru","status":"publish","type":"product","link":"https:\/\/luxuryvacationscolombia.com\/index.php\/producto\/sabai-dia-de-playa-en-baru\/","title":{"rendered":"Sabai (D\u00eda de playa en Bar\u00fa y opci\u00f3n para pasar la noche)"},"content":{"rendered":"<p>\u00bfCre\u00edas que no hay sitio en Bar\u00fa donde relajarse y pasar el d\u00eda en un fabuloso Hotel entre la naturaleza, donde predomina la tranquilidad, sin vendedores que te acosen?<\/p>\n<p>Rel\u00e1jate, disfruta, crea tus historias y contenido con fotos maravillosas en este para\u00edso en Bar\u00fa.<\/p>\n<p>A 60 minutos de Cartagena en lancha, con tranquila y extensa playa, piscina infinita, sol y sombra. Puedes ir si prefieres v\u00eda terrestre.<\/p>\n<p>Un lugar escondido con arena blanca y manglares los cuales puedes conocer camino al resort.<\/p>\n<p>Un verdadero lujo que radica en redescubrir cada momento a trav\u00e9s de experiencias \u00fanicas en una playa exclusiva junto con un nuevo restaurante de primer nivel, una piscina infinita con vista al mar, cuatro habitaciones y una azotea que permite contemplar la magia del lugar.<\/p>\n<p>Deja las preocupaciones en casa y ven a desconectar, a comer delicioso y conocer el caribe Colombiano.<\/p>\n<p>&nbsp;<\/p>\n<p>&nbsp;<\/p>\n","protected":false},"excerpt":{"rendered":"<p>\u00bfCre\u00edas que no hay sitio en Bar\u00fa donde relajarse y pasar el d\u00eda en un fabuloso Hotel entre la naturaleza, donde predomina la tranquilidad, sin vendedores que te acosen? Rel\u00e1jate, disfruta, crea tus historias y contenido con fotos maravillosas en este para\u00edso en Bar\u00fa. A 60 minutos de Cartagena en lancha, con tranquila y extensa [&hellip;]<\/p>\n","protected":false},"featured_media":6481,"comment_status":"open","ping_status":"closed","template":"","meta":{"_acf_changed":false,"_monsterinsights_skip_tracking":false,"_monsterinsights_sitenote_active":false,"_monsterinsights_sitenote_note":"","_monsterinsights_sitenote_category":0,"_joinchat":[]},"product_brand":[],"product_cat":[200,113],"product_tag":[203],"class_list":{"0":"post-7083","1":"product","2":"type-product","3":"status-publish","4":"has-post-thumbnail","6":"product_cat-experiencias","7":"product_cat-pasadia","8":"product_tag-islas-del-rosario","10":"first","11":"instock","12":"sold-individually","13":"shipping-taxable","14":"purchasable","15":"product-type-booking"},"acf":[],"yoast_head":"<!-- This site is optimized with the Yoast SEO plugin v24.7 - https:\/\/yoast.com\/wordpress\/plugins\/seo\/ -->\n<title>Sabai (D\u00eda de playa en Bar\u00fa y opci\u00f3n para pasar la noche) - Luxury Vacations &amp; Getaways in Colombia<\/title>\n<meta name=\"robots\" content=\"index, follow, max-snippet:-1, max-image-preview:large, max-video-preview:-1\" \/>\n<link rel=\"canonical\" href=\"https:\/\/luxuryvacationscolombia.com\/index.php\/producto\/sabai-dia-de-playa-en-baru\/\" \/>\n<meta property=\"og:locale\" content=\"es_ES\" \/>\n<meta property=\"og:type\" content=\"article\" \/>\n<meta property=\"og:title\" content=\"Sabai (D\u00eda de playa en Bar\u00fa y opci\u00f3n para pasar la noche) - Luxury Vacations &amp; Getaways in Colombia\" \/>\n<meta property=\"og:description\" content=\"\u00bfCre\u00edas que no hay sitio en Bar\u00fa donde relajarse y pasar el d\u00eda en un fabuloso Hotel entre la naturaleza, donde predomina la tranquilidad, sin vendedores que te acosen? Rel\u00e1jate, disfruta, crea tus historias y contenido con fotos maravillosas en este para\u00edso en Bar\u00fa. A 60 minutos de Cartagena en lancha, con tranquila y extensa [&hellip;]\" \/>\n<meta property=\"og:url\" content=\"https:\/\/luxuryvacationscolombia.com\/index.php\/producto\/sabai-dia-de-playa-en-baru\/\" \/>\n<meta property=\"og:site_name\" content=\"Luxury Vacations &amp; Getaways in Colombia\" \/>\n<meta property=\"article:modified_time\" content=\"2026-03-16T16:25:44+00:00\" \/>\n<meta property=\"og:image\" content=\"https:\/\/luxuryvacationscolombia.com\/wp-content\/uploads\/2024\/01\/IMG_2804.jpg\" \/>\n\t<meta property=\"og:image:width\" content=\"750\" \/>\n\t<meta property=\"og:image:height\" content=\"707\" \/>\n\t<meta property=\"og:image:type\" content=\"image\/jpeg\" \/>\n<meta name=\"twitter:card\" content=\"summary_large_image\" \/>\n<meta name=\"twitter:label1\" content=\"Tiempo de lectura\" \/>\n\t<meta name=\"twitter:data1\" content=\"1 minuto\" \/>\n<script type=\"application\/ld+json\" class=\"yoast-schema-graph\">{\"@context\":\"https:\/\/schema.org\",\"@graph\":[{\"@type\":\"WebPage\",\"@id\":\"https:\/\/luxuryvacationscolombia.com\/index.php\/producto\/sabai-dia-de-playa-en-baru\/\",\"url\":\"https:\/\/luxuryvacationscolombia.com\/index.php\/producto\/sabai-dia-de-playa-en-baru\/\",\"name\":\"Sabai (D\u00eda de playa en Bar\u00fa y opci\u00f3n para pasar la noche) - Luxury Vacations &amp; Getaways in Colombia\",\"isPartOf\":{\"@id\":\"https:\/\/luxuryvacationscolombia.com\/#website\"},\"primaryImageOfPage\":{\"@id\":\"https:\/\/luxuryvacationscolombia.com\/index.php\/producto\/sabai-dia-de-playa-en-baru\/#primaryimage\"},\"image\":{\"@id\":\"https:\/\/luxuryvacationscolombia.com\/index.php\/producto\/sabai-dia-de-playa-en-baru\/#primaryimage\"},\"thumbnailUrl\":\"https:\/\/luxuryvacationscolombia.com\/wp-content\/uploads\/2024\/01\/IMG_2804.jpg\",\"datePublished\":\"2025-04-24T18:27:51+00:00\",\"dateModified\":\"2026-03-16T16:25:44+00:00\",\"breadcrumb\":{\"@id\":\"https:\/\/luxuryvacationscolombia.com\/index.php\/producto\/sabai-dia-de-playa-en-baru\/#breadcrumb\"},\"inLanguage\":\"es\",\"potentialAction\":[{\"@type\":\"ReadAction\",\"target\":[\"https:\/\/luxuryvacationscolombia.com\/index.php\/producto\/sabai-dia-de-playa-en-baru\/\"]}]},{\"@type\":\"ImageObject\",\"inLanguage\":\"es\",\"@id\":\"https:\/\/luxuryvacationscolombia.com\/index.php\/producto\/sabai-dia-de-playa-en-baru\/#primaryimage\",\"url\":\"https:\/\/luxuryvacationscolombia.com\/wp-content\/uploads\/2024\/01\/IMG_2804.jpg\",\"contentUrl\":\"https:\/\/luxuryvacationscolombia.com\/wp-content\/uploads\/2024\/01\/IMG_2804.jpg\",\"width\":750,\"height\":707},{\"@type\":\"BreadcrumbList\",\"@id\":\"https:\/\/luxuryvacationscolombia.com\/index.php\/producto\/sabai-dia-de-playa-en-baru\/#breadcrumb\",\"itemListElement\":[{\"@type\":\"ListItem\",\"position\":1,\"name\":\"Portada\",\"item\":\"https:\/\/luxuryvacationscolombia.com\/\"},{\"@type\":\"ListItem\",\"position\":2,\"name\":\"Experiencias\",\"item\":\"https:\/\/luxuryvacationscolombia.com\/index.php\/home\/experiencias\/\"},{\"@type\":\"ListItem\",\"position\":3,\"name\":\"Sabai (D\u00eda de playa en Bar\u00fa y opci\u00f3n para pasar la noche)\"}]},{\"@type\":\"WebSite\",\"@id\":\"https:\/\/luxuryvacationscolombia.com\/#website\",\"url\":\"https:\/\/luxuryvacationscolombia.com\/\",\"name\":\"Luxury Vacations &amp; Getaways in Colombia\",\"description\":\"Agencia de Viajes y Tours, las mejores experiencias en Cartagena de Indias\",\"publisher\":{\"@id\":\"https:\/\/luxuryvacationscolombia.com\/#organization\"},\"potentialAction\":[{\"@type\":\"SearchAction\",\"target\":{\"@type\":\"EntryPoint\",\"urlTemplate\":\"https:\/\/luxuryvacationscolombia.com\/?s={search_term_string}\"},\"query-input\":{\"@type\":\"PropertyValueSpecification\",\"valueRequired\":true,\"valueName\":\"search_term_string\"}}],\"inLanguage\":\"es\"},{\"@type\":\"Organization\",\"@id\":\"https:\/\/luxuryvacationscolombia.com\/#organization\",\"name\":\"Luxury Vacations &amp; Getaways in Colombia\",\"url\":\"https:\/\/luxuryvacationscolombia.com\/\",\"logo\":{\"@type\":\"ImageObject\",\"inLanguage\":\"es\",\"@id\":\"https:\/\/luxuryvacationscolombia.com\/#\/schema\/logo\/image\/\",\"url\":\"https:\/\/luxuryvacationscolombia.com\/wp-content\/uploads\/2023\/09\/Luxury-Vacations-in-Colombia-Logo-pequeno.webp\",\"contentUrl\":\"https:\/\/luxuryvacationscolombia.com\/wp-content\/uploads\/2023\/09\/Luxury-Vacations-in-Colombia-Logo-pequeno.webp\",\"width\":1500,\"height\":580,\"caption\":\"Luxury Vacations &amp; Getaways in Colombia\"},\"image\":{\"@id\":\"https:\/\/luxuryvacationscolombia.com\/#\/schema\/logo\/image\/\"}}]}<\/script>\n<!-- \/ Yoast SEO plugin. -->","yoast_head_json":{"title":"Sabai (D\u00eda de playa en Bar\u00fa y opci\u00f3n para pasar la noche) - Luxury Vacations &amp; Getaways in Colombia","robots":{"index":"index","follow":"follow","max-snippet":"max-snippet:-1","max-image-preview":"max-image-preview:large","max-video-preview":"max-video-preview:-1"},"canonical":"https:\/\/luxuryvacationscolombia.com\/index.php\/producto\/sabai-dia-de-playa-en-baru\/","og_locale":"es_ES","og_type":"article","og_title":"Sabai (D\u00eda de playa en Bar\u00fa y opci\u00f3n para pasar la noche) - Luxury Vacations &amp; Getaways in Colombia","og_description":"\u00bfCre\u00edas que no hay sitio en Bar\u00fa donde relajarse y pasar el d\u00eda en un fabuloso Hotel entre la naturaleza, donde predomina la tranquilidad, sin vendedores que te acosen? Rel\u00e1jate, disfruta, crea tus historias y contenido con fotos maravillosas en este para\u00edso en Bar\u00fa. A 60 minutos de Cartagena en lancha, con tranquila y extensa [&hellip;]","og_url":"https:\/\/luxuryvacationscolombia.com\/index.php\/producto\/sabai-dia-de-playa-en-baru\/","og_site_name":"Luxury Vacations &amp; Getaways in Colombia","article_modified_time":"2026-03-16T16:25:44+00:00","og_image":[{"width":750,"height":707,"url":"https:\/\/luxuryvacationscolombia.com\/wp-content\/uploads\/2024\/01\/IMG_2804.jpg","type":"image\/jpeg"}],"twitter_card":"summary_large_image","twitter_misc":{"Tiempo de lectura":"1 minuto"},"schema":{"@context":"https:\/\/schema.org","@graph":[{"@type":"WebPage","@id":"https:\/\/luxuryvacationscolombia.com\/index.php\/producto\/sabai-dia-de-playa-en-baru\/","url":"https:\/\/luxuryvacationscolombia.com\/index.php\/producto\/sabai-dia-de-playa-en-baru\/","name":"Sabai (D\u00eda de playa en Bar\u00fa y opci\u00f3n para pasar la noche) - Luxury Vacations &amp; Getaways in Colombia","isPartOf":{"@id":"https:\/\/luxuryvacationscolombia.com\/#website"},"primaryImageOfPage":{"@id":"https:\/\/luxuryvacationscolombia.com\/index.php\/producto\/sabai-dia-de-playa-en-baru\/#primaryimage"},"image":{"@id":"https:\/\/luxuryvacationscolombia.com\/index.php\/producto\/sabai-dia-de-playa-en-baru\/#primaryimage"},"thumbnailUrl":"https:\/\/luxuryvacationscolombia.com\/wp-content\/uploads\/2024\/01\/IMG_2804.jpg","datePublished":"2025-04-24T18:27:51+00:00","dateModified":"2026-03-16T16:25:44+00:00","breadcrumb":{"@id":"https:\/\/luxuryvacationscolombia.com\/index.php\/producto\/sabai-dia-de-playa-en-baru\/#breadcrumb"},"inLanguage":"es","potentialAction":[{"@type":"ReadAction","target":["https:\/\/luxuryvacationscolombia.com\/index.php\/producto\/sabai-dia-de-playa-en-baru\/"]}]},{"@type":"ImageObject","inLanguage":"es","@id":"https:\/\/luxuryvacationscolombia.com\/index.php\/producto\/sabai-dia-de-playa-en-baru\/#primaryimage","url":"https:\/\/luxuryvacationscolombia.com\/wp-content\/uploads\/2024\/01\/IMG_2804.jpg","contentUrl":"https:\/\/luxuryvacationscolombia.com\/wp-content\/uploads\/2024\/01\/IMG_2804.jpg","width":750,"height":707},{"@type":"BreadcrumbList","@id":"https:\/\/luxuryvacationscolombia.com\/index.php\/producto\/sabai-dia-de-playa-en-baru\/#breadcrumb","itemListElement":[{"@type":"ListItem","position":1,"name":"Portada","item":"https:\/\/luxuryvacationscolombia.com\/"},{"@type":"ListItem","position":2,"name":"Experiencias","item":"https:\/\/luxuryvacationscolombia.com\/index.php\/home\/experiencias\/"},{"@type":"ListItem","position":3,"name":"Sabai (D\u00eda de playa en Bar\u00fa y opci\u00f3n para pasar la noche)"}]},{"@type":"WebSite","@id":"https:\/\/luxuryvacationscolombia.com\/#website","url":"https:\/\/luxuryvacationscolombia.com\/","name":"Luxury Vacations &amp; Getaways in Colombia","description":"Agencia de Viajes y Tours, las mejores experiencias en Cartagena de Indias","publisher":{"@id":"https:\/\/luxuryvacationscolombia.com\/#organization"},"potentialAction":[{"@type":"SearchAction","target":{"@type":"EntryPoint","urlTemplate":"https:\/\/luxuryvacationscolombia.com\/?s={search_term_string}"},"query-input":{"@type":"PropertyValueSpecification","valueRequired":true,"valueName":"search_term_string"}}],"inLanguage":"es"},{"@type":"Organization","@id":"https:\/\/luxuryvacationscolombia.com\/#organization","name":"Luxury Vacations &amp; Getaways in Colombia","url":"https:\/\/luxuryvacationscolombia.com\/","logo":{"@type":"ImageObject","inLanguage":"es","@id":"https:\/\/luxuryvacationscolombia.com\/#\/schema\/logo\/image\/","url":"https:\/\/luxuryvacationscolombia.com\/wp-content\/uploads\/2023\/09\/Luxury-Vacations-in-Colombia-Logo-pequeno.webp","contentUrl":"https:\/\/luxuryvacationscolombia.com\/wp-content\/uploads\/2023\/09\/Luxury-Vacations-in-Colombia-Logo-pequeno.webp","width":1500,"height":580,"caption":"Luxury Vacations &amp; Getaways in Colombia"},"image":{"@id":"https:\/\/luxuryvacationscolombia.com\/#\/schema\/logo\/image\/"}}]}},"_links":{"self":[{"href":"https:\/\/luxuryvacationscolombia.com\/index.php\/wp-json\/wp\/v2\/product\/7083","targetHints":{"allow":["GET"]}}],"collection":[{"href":"https:\/\/luxuryvacationscolombia.com\/index.php\/wp-json\/wp\/v2\/product"}],"about":[{"href":"https:\/\/luxuryvacationscolombia.com\/index.php\/wp-json\/wp\/v2\/types\/product"}],"replies":[{"embeddable":true,"href":"https:\/\/luxuryvacationscolombia.com\/index.php\/wp-json\/wp\/v2\/comments?post=7083"}],"wp:featuredmedia":[{"embeddable":true,"href":"https:\/\/luxuryvacationscolombia.com\/index.php\/wp-json\/wp\/v2\/media\/6481"}],"wp:attachment":[{"href":"https:\/\/luxuryvacationscolombia.com\/index.php\/wp-json\/wp\/v2\/media?parent=7083"}],"wp:term":[{"taxonomy":"product_brand","embeddable":true,"href":"https:\/\/luxuryvacationscolombia.com\/index.php\/wp-json\/wp\/v2\/product_brand?post=7083"},{"taxonomy":"product_cat","embeddable":true,"href":"https:\/\/luxuryvacationscolombia.com\/index.php\/wp-json\/wp\/v2\/product_cat?post=7083"},{"taxonomy":"product_tag","embeddable":true,"href":"https:\/\/luxuryvacationscolombia.com\/index.php\/wp-json\/wp\/v2\/product_tag?post=7083"}],"curies":[{"name":"wp","href":"https:\/\/api.w.org\/{rel}","templated":true}]}}