{"id":7081,"date":"2025-04-24T18:05:29","date_gmt":"2025-04-24T18:05:29","guid":{"rendered":"https:\/\/luxuryvacationscolombia.com\/?post_type=product&#038;p=7081"},"modified":"2026-01-16T19:39:17","modified_gmt":"2026-01-16T19:39:17","slug":"vista-mare-dia-de-playa-en-tierra-bomba-y-opcion-para-pasar-la-noche","status":"publish","type":"product","link":"https:\/\/luxuryvacationscolombia.com\/index.php\/producto\/vista-mare-dia-de-playa-en-tierra-bomba-y-opcion-para-pasar-la-noche\/","title":{"rendered":"Vista Mare (D\u00eda de playa en Tierra Bomba y opci\u00f3n para pasar la noche)"},"content":{"rendered":"<p>\u00bfC\u00f3mo te imaginas un d\u00eda perfecto de playa respirando pura relajaci\u00f3n?<\/p>\n<p>Disfruta un d\u00eda perfecto de playa y piensa s\u00f3lo en disfrutar del mar, en un ambiente de relajado y de disfrute al mismo tiempo.<\/p>\n<p>Deja las preocupaciones en casa y ven a desconectar, a comer delicioso en un equilibrio entre lo mejor del mar, tierra y platos vegetarianos. A tan solo 15 minutos de Cartagena.<\/p>\n<p>Posibilidad de alojamiento, y eventos (consultar precios)<\/p>\n<p>&nbsp;<\/p>\n<p>&nbsp;<\/p>\n","protected":false},"excerpt":{"rendered":"<p>\u00bfC\u00f3mo te imaginas un d\u00eda perfecto de playa respirando pura relajaci\u00f3n? Disfruta un d\u00eda perfecto de playa y piensa s\u00f3lo en disfrutar del mar, en un ambiente de relajado y de disfrute al mismo tiempo. Deja las preocupaciones en casa y ven a desconectar, a comer delicioso en un equilibrio entre lo mejor del mar, [&hellip;]<\/p>\n","protected":false},"featured_media":7009,"comment_status":"open","ping_status":"closed","template":"","meta":{"_acf_changed":false,"_monsterinsights_skip_tracking":false,"_monsterinsights_sitenote_active":false,"_monsterinsights_sitenote_note":"","_monsterinsights_sitenote_category":0,"_joinchat":[]},"product_brand":[],"product_cat":[200,221,113],"product_tag":[203],"class_list":{"0":"post-7081","1":"product","2":"type-product","3":"status-publish","4":"has-post-thumbnail","6":"product_cat-experiencias","7":"product_cat-flora-y-fauna-experiencias","8":"product_cat-pasadia","9":"product_tag-islas-del-rosario","11":"first","12":"instock","13":"sold-individually","14":"shipping-taxable","15":"purchasable","16":"product-type-booking"},"acf":[],"yoast_head":"<!-- This site is optimized with the Yoast SEO plugin v24.7 - https:\/\/yoast.com\/wordpress\/plugins\/seo\/ -->\n<title>Vista Mare (D\u00eda de playa en Tierra Bomba y opci\u00f3n para pasar la noche) - Luxury Vacations &amp; Getaways in Colombia<\/title>\n<meta name=\"robots\" content=\"index, follow, max-snippet:-1, max-image-preview:large, max-video-preview:-1\" \/>\n<link rel=\"canonical\" href=\"https:\/\/luxuryvacationscolombia.com\/index.php\/producto\/vista-mare-dia-de-playa-en-tierra-bomba-y-opcion-para-pasar-la-noche\/\" \/>\n<meta property=\"og:locale\" content=\"es_ES\" \/>\n<meta property=\"og:type\" content=\"article\" \/>\n<meta property=\"og:title\" content=\"Vista Mare (D\u00eda de playa en Tierra Bomba y opci\u00f3n para pasar la noche) - Luxury Vacations &amp; Getaways in Colombia\" \/>\n<meta property=\"og:description\" content=\"\u00bfC\u00f3mo te imaginas un d\u00eda perfecto de playa respirando pura relajaci\u00f3n? Disfruta un d\u00eda perfecto de playa y piensa s\u00f3lo en disfrutar del mar, en un ambiente de relajado y de disfrute al mismo tiempo. Deja las preocupaciones en casa y ven a desconectar, a comer delicioso en un equilibrio entre lo mejor del mar, [&hellip;]\" \/>\n<meta property=\"og:url\" content=\"https:\/\/luxuryvacationscolombia.com\/index.php\/producto\/vista-mare-dia-de-playa-en-tierra-bomba-y-opcion-para-pasar-la-noche\/\" \/>\n<meta property=\"og:site_name\" content=\"Luxury Vacations &amp; Getaways in Colombia\" \/>\n<meta property=\"article:modified_time\" content=\"2026-01-16T19:39:17+00:00\" \/>\n<meta property=\"og:image\" content=\"https:\/\/luxuryvacationscolombia.com\/wp-content\/uploads\/2025\/04\/3.jpeg\" \/>\n\t<meta property=\"og:image:width\" content=\"2000\" \/>\n\t<meta property=\"og:image:height\" content=\"1126\" \/>\n\t<meta property=\"og:image:type\" content=\"image\/jpeg\" \/>\n<meta name=\"twitter:card\" content=\"summary_large_image\" \/>\n<meta name=\"twitter:label1\" content=\"Tiempo de lectura\" \/>\n\t<meta name=\"twitter:data1\" content=\"1 minuto\" \/>\n<script type=\"application\/ld+json\" class=\"yoast-schema-graph\">{\"@context\":\"https:\/\/schema.org\",\"@graph\":[{\"@type\":\"WebPage\",\"@id\":\"https:\/\/luxuryvacationscolombia.com\/index.php\/producto\/vista-mare-dia-de-playa-en-tierra-bomba-y-opcion-para-pasar-la-noche\/\",\"url\":\"https:\/\/luxuryvacationscolombia.com\/index.php\/producto\/vista-mare-dia-de-playa-en-tierra-bomba-y-opcion-para-pasar-la-noche\/\",\"name\":\"Vista Mare (D\u00eda de playa en Tierra Bomba y opci\u00f3n para pasar la noche) - Luxury Vacations &amp; Getaways in Colombia\",\"isPartOf\":{\"@id\":\"https:\/\/luxuryvacationscolombia.com\/#website\"},\"primaryImageOfPage\":{\"@id\":\"https:\/\/luxuryvacationscolombia.com\/index.php\/producto\/vista-mare-dia-de-playa-en-tierra-bomba-y-opcion-para-pasar-la-noche\/#primaryimage\"},\"image\":{\"@id\":\"https:\/\/luxuryvacationscolombia.com\/index.php\/producto\/vista-mare-dia-de-playa-en-tierra-bomba-y-opcion-para-pasar-la-noche\/#primaryimage\"},\"thumbnailUrl\":\"https:\/\/luxuryvacationscolombia.com\/wp-content\/uploads\/2025\/04\/3.jpeg\",\"datePublished\":\"2025-04-24T18:05:29+00:00\",\"dateModified\":\"2026-01-16T19:39:17+00:00\",\"breadcrumb\":{\"@id\":\"https:\/\/luxuryvacationscolombia.com\/index.php\/producto\/vista-mare-dia-de-playa-en-tierra-bomba-y-opcion-para-pasar-la-noche\/#breadcrumb\"},\"inLanguage\":\"es\",\"potentialAction\":[{\"@type\":\"ReadAction\",\"target\":[\"https:\/\/luxuryvacationscolombia.com\/index.php\/producto\/vista-mare-dia-de-playa-en-tierra-bomba-y-opcion-para-pasar-la-noche\/\"]}]},{\"@type\":\"ImageObject\",\"inLanguage\":\"es\",\"@id\":\"https:\/\/luxuryvacationscolombia.com\/index.php\/producto\/vista-mare-dia-de-playa-en-tierra-bomba-y-opcion-para-pasar-la-noche\/#primaryimage\",\"url\":\"https:\/\/luxuryvacationscolombia.com\/wp-content\/uploads\/2025\/04\/3.jpeg\",\"contentUrl\":\"https:\/\/luxuryvacationscolombia.com\/wp-content\/uploads\/2025\/04\/3.jpeg\",\"width\":2000,\"height\":1126},{\"@type\":\"BreadcrumbList\",\"@id\":\"https:\/\/luxuryvacationscolombia.com\/index.php\/producto\/vista-mare-dia-de-playa-en-tierra-bomba-y-opcion-para-pasar-la-noche\/#breadcrumb\",\"itemListElement\":[{\"@type\":\"ListItem\",\"position\":1,\"name\":\"Portada\",\"item\":\"https:\/\/luxuryvacationscolombia.com\/\"},{\"@type\":\"ListItem\",\"position\":2,\"name\":\"Experiencias\",\"item\":\"https:\/\/luxuryvacationscolombia.com\/index.php\/home\/experiencias\/\"},{\"@type\":\"ListItem\",\"position\":3,\"name\":\"Vista Mare (D\u00eda de playa en Tierra Bomba y opci\u00f3n para pasar la noche)\"}]},{\"@type\":\"WebSite\",\"@id\":\"https:\/\/luxuryvacationscolombia.com\/#website\",\"url\":\"https:\/\/luxuryvacationscolombia.com\/\",\"name\":\"Luxury Vacations &amp; Getaways in Colombia\",\"description\":\"Agencia de Viajes y Tours, las mejores experiencias en Cartagena de Indias\",\"publisher\":{\"@id\":\"https:\/\/luxuryvacationscolombia.com\/#organization\"},\"potentialAction\":[{\"@type\":\"SearchAction\",\"target\":{\"@type\":\"EntryPoint\",\"urlTemplate\":\"https:\/\/luxuryvacationscolombia.com\/?s={search_term_string}\"},\"query-input\":{\"@type\":\"PropertyValueSpecification\",\"valueRequired\":true,\"valueName\":\"search_term_string\"}}],\"inLanguage\":\"es\"},{\"@type\":\"Organization\",\"@id\":\"https:\/\/luxuryvacationscolombia.com\/#organization\",\"name\":\"Luxury Vacations &amp; Getaways in Colombia\",\"url\":\"https:\/\/luxuryvacationscolombia.com\/\",\"logo\":{\"@type\":\"ImageObject\",\"inLanguage\":\"es\",\"@id\":\"https:\/\/luxuryvacationscolombia.com\/#\/schema\/logo\/image\/\",\"url\":\"https:\/\/luxuryvacationscolombia.com\/wp-content\/uploads\/2023\/09\/Luxury-Vacations-in-Colombia-Logo-pequeno.webp\",\"contentUrl\":\"https:\/\/luxuryvacationscolombia.com\/wp-content\/uploads\/2023\/09\/Luxury-Vacations-in-Colombia-Logo-pequeno.webp\",\"width\":1500,\"height\":580,\"caption\":\"Luxury Vacations &amp; Getaways in Colombia\"},\"image\":{\"@id\":\"https:\/\/luxuryvacationscolombia.com\/#\/schema\/logo\/image\/\"}}]}<\/script>\n<!-- \/ Yoast SEO plugin. -->","yoast_head_json":{"title":"Vista Mare (D\u00eda de playa en Tierra Bomba y opci\u00f3n para pasar la noche) - Luxury Vacations &amp; Getaways in Colombia","robots":{"index":"index","follow":"follow","max-snippet":"max-snippet:-1","max-image-preview":"max-image-preview:large","max-video-preview":"max-video-preview:-1"},"canonical":"https:\/\/luxuryvacationscolombia.com\/index.php\/producto\/vista-mare-dia-de-playa-en-tierra-bomba-y-opcion-para-pasar-la-noche\/","og_locale":"es_ES","og_type":"article","og_title":"Vista Mare (D\u00eda de playa en Tierra Bomba y opci\u00f3n para pasar la noche) - Luxury Vacations &amp; Getaways in Colombia","og_description":"\u00bfC\u00f3mo te imaginas un d\u00eda perfecto de playa respirando pura relajaci\u00f3n? Disfruta un d\u00eda perfecto de playa y piensa s\u00f3lo en disfrutar del mar, en un ambiente de relajado y de disfrute al mismo tiempo. Deja las preocupaciones en casa y ven a desconectar, a comer delicioso en un equilibrio entre lo mejor del mar, [&hellip;]","og_url":"https:\/\/luxuryvacationscolombia.com\/index.php\/producto\/vista-mare-dia-de-playa-en-tierra-bomba-y-opcion-para-pasar-la-noche\/","og_site_name":"Luxury Vacations &amp; Getaways in Colombia","article_modified_time":"2026-01-16T19:39:17+00:00","og_image":[{"width":2000,"height":1126,"url":"https:\/\/luxuryvacationscolombia.com\/wp-content\/uploads\/2025\/04\/3.jpeg","type":"image\/jpeg"}],"twitter_card":"summary_large_image","twitter_misc":{"Tiempo de lectura":"1 minuto"},"schema":{"@context":"https:\/\/schema.org","@graph":[{"@type":"WebPage","@id":"https:\/\/luxuryvacationscolombia.com\/index.php\/producto\/vista-mare-dia-de-playa-en-tierra-bomba-y-opcion-para-pasar-la-noche\/","url":"https:\/\/luxuryvacationscolombia.com\/index.php\/producto\/vista-mare-dia-de-playa-en-tierra-bomba-y-opcion-para-pasar-la-noche\/","name":"Vista Mare (D\u00eda de playa en Tierra Bomba y opci\u00f3n para pasar la noche) - Luxury Vacations &amp; Getaways in Colombia","isPartOf":{"@id":"https:\/\/luxuryvacationscolombia.com\/#website"},"primaryImageOfPage":{"@id":"https:\/\/luxuryvacationscolombia.com\/index.php\/producto\/vista-mare-dia-de-playa-en-tierra-bomba-y-opcion-para-pasar-la-noche\/#primaryimage"},"image":{"@id":"https:\/\/luxuryvacationscolombia.com\/index.php\/producto\/vista-mare-dia-de-playa-en-tierra-bomba-y-opcion-para-pasar-la-noche\/#primaryimage"},"thumbnailUrl":"https:\/\/luxuryvacationscolombia.com\/wp-content\/uploads\/2025\/04\/3.jpeg","datePublished":"2025-04-24T18:05:29+00:00","dateModified":"2026-01-16T19:39:17+00:00","breadcrumb":{"@id":"https:\/\/luxuryvacationscolombia.com\/index.php\/producto\/vista-mare-dia-de-playa-en-tierra-bomba-y-opcion-para-pasar-la-noche\/#breadcrumb"},"inLanguage":"es","potentialAction":[{"@type":"ReadAction","target":["https:\/\/luxuryvacationscolombia.com\/index.php\/producto\/vista-mare-dia-de-playa-en-tierra-bomba-y-opcion-para-pasar-la-noche\/"]}]},{"@type":"ImageObject","inLanguage":"es","@id":"https:\/\/luxuryvacationscolombia.com\/index.php\/producto\/vista-mare-dia-de-playa-en-tierra-bomba-y-opcion-para-pasar-la-noche\/#primaryimage","url":"https:\/\/luxuryvacationscolombia.com\/wp-content\/uploads\/2025\/04\/3.jpeg","contentUrl":"https:\/\/luxuryvacationscolombia.com\/wp-content\/uploads\/2025\/04\/3.jpeg","width":2000,"height":1126},{"@type":"BreadcrumbList","@id":"https:\/\/luxuryvacationscolombia.com\/index.php\/producto\/vista-mare-dia-de-playa-en-tierra-bomba-y-opcion-para-pasar-la-noche\/#breadcrumb","itemListElement":[{"@type":"ListItem","position":1,"name":"Portada","item":"https:\/\/luxuryvacationscolombia.com\/"},{"@type":"ListItem","position":2,"name":"Experiencias","item":"https:\/\/luxuryvacationscolombia.com\/index.php\/home\/experiencias\/"},{"@type":"ListItem","position":3,"name":"Vista Mare (D\u00eda de playa en Tierra Bomba y opci\u00f3n para pasar la noche)"}]},{"@type":"WebSite","@id":"https:\/\/luxuryvacationscolombia.com\/#website","url":"https:\/\/luxuryvacationscolombia.com\/","name":"Luxury Vacations &amp; Getaways in Colombia","description":"Agencia de Viajes y Tours, las mejores experiencias en Cartagena de Indias","publisher":{"@id":"https:\/\/luxuryvacationscolombia.com\/#organization"},"potentialAction":[{"@type":"SearchAction","target":{"@type":"EntryPoint","urlTemplate":"https:\/\/luxuryvacationscolombia.com\/?s={search_term_string}"},"query-input":{"@type":"PropertyValueSpecification","valueRequired":true,"valueName":"search_term_string"}}],"inLanguage":"es"},{"@type":"Organization","@id":"https:\/\/luxuryvacationscolombia.com\/#organization","name":"Luxury Vacations &amp; Getaways in Colombia","url":"https:\/\/luxuryvacationscolombia.com\/","logo":{"@type":"ImageObject","inLanguage":"es","@id":"https:\/\/luxuryvacationscolombia.com\/#\/schema\/logo\/image\/","url":"https:\/\/luxuryvacationscolombia.com\/wp-content\/uploads\/2023\/09\/Luxury-Vacations-in-Colombia-Logo-pequeno.webp","contentUrl":"https:\/\/luxuryvacationscolombia.com\/wp-content\/uploads\/2023\/09\/Luxury-Vacations-in-Colombia-Logo-pequeno.webp","width":1500,"height":580,"caption":"Luxury Vacations &amp; Getaways in Colombia"},"image":{"@id":"https:\/\/luxuryvacationscolombia.com\/#\/schema\/logo\/image\/"}}]}},"_links":{"self":[{"href":"https:\/\/luxuryvacationscolombia.com\/index.php\/wp-json\/wp\/v2\/product\/7081","targetHints":{"allow":["GET"]}}],"collection":[{"href":"https:\/\/luxuryvacationscolombia.com\/index.php\/wp-json\/wp\/v2\/product"}],"about":[{"href":"https:\/\/luxuryvacationscolombia.com\/index.php\/wp-json\/wp\/v2\/types\/product"}],"replies":[{"embeddable":true,"href":"https:\/\/luxuryvacationscolombia.com\/index.php\/wp-json\/wp\/v2\/comments?post=7081"}],"wp:featuredmedia":[{"embeddable":true,"href":"https:\/\/luxuryvacationscolombia.com\/index.php\/wp-json\/wp\/v2\/media\/7009"}],"wp:attachment":[{"href":"https:\/\/luxuryvacationscolombia.com\/index.php\/wp-json\/wp\/v2\/media?parent=7081"}],"wp:term":[{"taxonomy":"product_brand","embeddable":true,"href":"https:\/\/luxuryvacationscolombia.com\/index.php\/wp-json\/wp\/v2\/product_brand?post=7081"},{"taxonomy":"product_cat","embeddable":true,"href":"https:\/\/luxuryvacationscolombia.com\/index.php\/wp-json\/wp\/v2\/product_cat?post=7081"},{"taxonomy":"product_tag","embeddable":true,"href":"https:\/\/luxuryvacationscolombia.com\/index.php\/wp-json\/wp\/v2\/product_tag?post=7081"}],"curies":[{"name":"wp","href":"https:\/\/api.w.org\/{rel}","templated":true}]}}