{"id":7029,"date":"2025-04-23T15:59:32","date_gmt":"2025-04-23T15:59:32","guid":{"rendered":"https:\/\/luxuryvacationscolombia.com\/?post_type=product&#038;p=7029"},"modified":"2025-05-13T22:57:45","modified_gmt":"2025-05-13T22:57:45","slug":"tour-manglares-y-avistamiento-de-flamingos","status":"publish","type":"product","link":"https:\/\/luxuryvacationscolombia.com\/index.php\/producto\/tour-manglares-y-avistamiento-de-flamingos\/","title":{"rendered":"TOUR POR MANGLARES Y AVISTAMIENTO DE FLAMENCOS (Privado)"},"content":{"rendered":"<p>\u00a1Los manglares te esperan!<\/p>\n<p>Una experiencia natural y aut\u00e9ntica.<\/p>\n<p>Descubre un rinc\u00f3n m\u00e1gico de Cartagena que pocos conocen. Un tour privado por los manglares y la ci\u00e9naga es una inmersi\u00f3n total en la belleza natural y la cultura local de la regi\u00f3n. Conoce las aves, como se pesca y la fauna que hay entre los manglares, y veras en directo los encantadores flamencos.<\/p>\n<p>Ideal para familias, grupos de amigos o parejas aventureras, esta experiencia te permite desconectarte del ruido de la ciudad y reconectar con la naturaleza en su estado m\u00e1s puro.<\/p>\n<p>Una actividad educativa y emocionante.<\/p>\n","protected":false},"excerpt":{"rendered":"<p>\u00a1Los manglares te esperan! Una experiencia natural y aut\u00e9ntica. Descubre un rinc\u00f3n m\u00e1gico de Cartagena que pocos conocen. Un tour privado por los manglares y la ci\u00e9naga es una inmersi\u00f3n total en la belleza natural y la cultura local de la regi\u00f3n. Conoce las aves, como se pesca y la fauna que hay entre los [&hellip;]<\/p>\n","protected":false},"featured_media":7036,"comment_status":"closed","ping_status":"closed","template":"","meta":{"_acf_changed":false,"_monsterinsights_skip_tracking":false,"_monsterinsights_sitenote_active":false,"_monsterinsights_sitenote_note":"","_monsterinsights_sitenote_category":0,"_joinchat":[]},"product_brand":[],"product_cat":[200,221,219],"product_tag":[204],"class_list":{"0":"post-7029","1":"product","2":"type-product","3":"status-publish","4":"has-post-thumbnail","6":"product_cat-experiencias","7":"product_cat-flora-y-fauna-experiencias","8":"product_cat-tours","9":"product_tag-baru","11":"first","12":"instock","13":"virtual","14":"sold-individually","15":"purchasable","16":"product-type-booking"},"acf":[],"yoast_head":"<!-- This site is optimized with the Yoast SEO plugin v24.7 - https:\/\/yoast.com\/wordpress\/plugins\/seo\/ -->\n<title>TOUR POR MANGLARES Y AVISTAMIENTO DE FLAMENCOS (Privado) - Luxury Vacations &amp; Getaways in Colombia<\/title>\n<meta name=\"robots\" content=\"index, follow, max-snippet:-1, max-image-preview:large, max-video-preview:-1\" \/>\n<link rel=\"canonical\" href=\"https:\/\/luxuryvacationscolombia.com\/index.php\/producto\/tour-manglares-y-avistamiento-de-flamingos\/\" \/>\n<meta property=\"og:locale\" content=\"es_ES\" \/>\n<meta property=\"og:type\" content=\"article\" \/>\n<meta property=\"og:title\" content=\"TOUR POR MANGLARES Y AVISTAMIENTO DE FLAMENCOS (Privado) - Luxury Vacations &amp; Getaways in Colombia\" \/>\n<meta property=\"og:description\" content=\"\u00a1Los manglares te esperan! Una experiencia natural y aut\u00e9ntica. Descubre un rinc\u00f3n m\u00e1gico de Cartagena que pocos conocen. Un tour privado por los manglares y la ci\u00e9naga es una inmersi\u00f3n total en la belleza natural y la cultura local de la regi\u00f3n. Conoce las aves, como se pesca y la fauna que hay entre los [&hellip;]\" \/>\n<meta property=\"og:url\" content=\"https:\/\/luxuryvacationscolombia.com\/index.php\/producto\/tour-manglares-y-avistamiento-de-flamingos\/\" \/>\n<meta property=\"og:site_name\" content=\"Luxury Vacations &amp; Getaways in Colombia\" \/>\n<meta property=\"article:modified_time\" content=\"2025-05-13T22:57:45+00:00\" \/>\n<meta property=\"og:image\" content=\"https:\/\/luxuryvacationscolombia.com\/wp-content\/uploads\/2025\/04\/PHOTO-2025-04-18-10-40-38-1.jpg\" \/>\n\t<meta property=\"og:image:width\" content=\"1599\" \/>\n\t<meta property=\"og:image:height\" content=\"1200\" \/>\n\t<meta property=\"og:image:type\" content=\"image\/jpeg\" \/>\n<meta name=\"twitter:card\" content=\"summary_large_image\" \/>\n<meta name=\"twitter:label1\" content=\"Tiempo de lectura\" \/>\n\t<meta name=\"twitter:data1\" content=\"1 minuto\" \/>\n<script type=\"application\/ld+json\" class=\"yoast-schema-graph\">{\"@context\":\"https:\/\/schema.org\",\"@graph\":[{\"@type\":\"WebPage\",\"@id\":\"https:\/\/luxuryvacationscolombia.com\/index.php\/producto\/tour-manglares-y-avistamiento-de-flamingos\/\",\"url\":\"https:\/\/luxuryvacationscolombia.com\/index.php\/producto\/tour-manglares-y-avistamiento-de-flamingos\/\",\"name\":\"TOUR POR MANGLARES Y AVISTAMIENTO DE FLAMENCOS (Privado) - Luxury Vacations &amp; Getaways in Colombia\",\"isPartOf\":{\"@id\":\"https:\/\/luxuryvacationscolombia.com\/#website\"},\"primaryImageOfPage\":{\"@id\":\"https:\/\/luxuryvacationscolombia.com\/index.php\/producto\/tour-manglares-y-avistamiento-de-flamingos\/#primaryimage\"},\"image\":{\"@id\":\"https:\/\/luxuryvacationscolombia.com\/index.php\/producto\/tour-manglares-y-avistamiento-de-flamingos\/#primaryimage\"},\"thumbnailUrl\":\"https:\/\/luxuryvacationscolombia.com\/wp-content\/uploads\/2025\/04\/PHOTO-2025-04-18-10-40-38-1.jpg\",\"datePublished\":\"2025-04-23T15:59:32+00:00\",\"dateModified\":\"2025-05-13T22:57:45+00:00\",\"breadcrumb\":{\"@id\":\"https:\/\/luxuryvacationscolombia.com\/index.php\/producto\/tour-manglares-y-avistamiento-de-flamingos\/#breadcrumb\"},\"inLanguage\":\"es\",\"potentialAction\":[{\"@type\":\"ReadAction\",\"target\":[\"https:\/\/luxuryvacationscolombia.com\/index.php\/producto\/tour-manglares-y-avistamiento-de-flamingos\/\"]}]},{\"@type\":\"ImageObject\",\"inLanguage\":\"es\",\"@id\":\"https:\/\/luxuryvacationscolombia.com\/index.php\/producto\/tour-manglares-y-avistamiento-de-flamingos\/#primaryimage\",\"url\":\"https:\/\/luxuryvacationscolombia.com\/wp-content\/uploads\/2025\/04\/PHOTO-2025-04-18-10-40-38-1.jpg\",\"contentUrl\":\"https:\/\/luxuryvacationscolombia.com\/wp-content\/uploads\/2025\/04\/PHOTO-2025-04-18-10-40-38-1.jpg\",\"width\":1599,\"height\":1200},{\"@type\":\"BreadcrumbList\",\"@id\":\"https:\/\/luxuryvacationscolombia.com\/index.php\/producto\/tour-manglares-y-avistamiento-de-flamingos\/#breadcrumb\",\"itemListElement\":[{\"@type\":\"ListItem\",\"position\":1,\"name\":\"Portada\",\"item\":\"https:\/\/luxuryvacationscolombia.com\/\"},{\"@type\":\"ListItem\",\"position\":2,\"name\":\"Experiencias\",\"item\":\"https:\/\/luxuryvacationscolombia.com\/index.php\/home\/experiencias\/\"},{\"@type\":\"ListItem\",\"position\":3,\"name\":\"TOUR POR MANGLARES Y AVISTAMIENTO DE FLAMENCOS (Privado)\"}]},{\"@type\":\"WebSite\",\"@id\":\"https:\/\/luxuryvacationscolombia.com\/#website\",\"url\":\"https:\/\/luxuryvacationscolombia.com\/\",\"name\":\"Luxury Vacations &amp; Getaways in Colombia\",\"description\":\"Agencia de Viajes y Tours, las mejores experiencias en Cartagena de Indias\",\"publisher\":{\"@id\":\"https:\/\/luxuryvacationscolombia.com\/#organization\"},\"potentialAction\":[{\"@type\":\"SearchAction\",\"target\":{\"@type\":\"EntryPoint\",\"urlTemplate\":\"https:\/\/luxuryvacationscolombia.com\/?s={search_term_string}\"},\"query-input\":{\"@type\":\"PropertyValueSpecification\",\"valueRequired\":true,\"valueName\":\"search_term_string\"}}],\"inLanguage\":\"es\"},{\"@type\":\"Organization\",\"@id\":\"https:\/\/luxuryvacationscolombia.com\/#organization\",\"name\":\"Luxury Vacations &amp; Getaways in Colombia\",\"url\":\"https:\/\/luxuryvacationscolombia.com\/\",\"logo\":{\"@type\":\"ImageObject\",\"inLanguage\":\"es\",\"@id\":\"https:\/\/luxuryvacationscolombia.com\/#\/schema\/logo\/image\/\",\"url\":\"https:\/\/luxuryvacationscolombia.com\/wp-content\/uploads\/2023\/09\/Luxury-Vacations-in-Colombia-Logo-pequeno.webp\",\"contentUrl\":\"https:\/\/luxuryvacationscolombia.com\/wp-content\/uploads\/2023\/09\/Luxury-Vacations-in-Colombia-Logo-pequeno.webp\",\"width\":1500,\"height\":580,\"caption\":\"Luxury Vacations &amp; Getaways in Colombia\"},\"image\":{\"@id\":\"https:\/\/luxuryvacationscolombia.com\/#\/schema\/logo\/image\/\"}}]}<\/script>\n<!-- \/ Yoast SEO plugin. -->","yoast_head_json":{"title":"TOUR POR MANGLARES Y AVISTAMIENTO DE FLAMENCOS (Privado) - Luxury Vacations &amp; Getaways in Colombia","robots":{"index":"index","follow":"follow","max-snippet":"max-snippet:-1","max-image-preview":"max-image-preview:large","max-video-preview":"max-video-preview:-1"},"canonical":"https:\/\/luxuryvacationscolombia.com\/index.php\/producto\/tour-manglares-y-avistamiento-de-flamingos\/","og_locale":"es_ES","og_type":"article","og_title":"TOUR POR MANGLARES Y AVISTAMIENTO DE FLAMENCOS (Privado) - Luxury Vacations &amp; Getaways in Colombia","og_description":"\u00a1Los manglares te esperan! Una experiencia natural y aut\u00e9ntica. Descubre un rinc\u00f3n m\u00e1gico de Cartagena que pocos conocen. Un tour privado por los manglares y la ci\u00e9naga es una inmersi\u00f3n total en la belleza natural y la cultura local de la regi\u00f3n. Conoce las aves, como se pesca y la fauna que hay entre los [&hellip;]","og_url":"https:\/\/luxuryvacationscolombia.com\/index.php\/producto\/tour-manglares-y-avistamiento-de-flamingos\/","og_site_name":"Luxury Vacations &amp; Getaways in Colombia","article_modified_time":"2025-05-13T22:57:45+00:00","og_image":[{"width":1599,"height":1200,"url":"https:\/\/luxuryvacationscolombia.com\/wp-content\/uploads\/2025\/04\/PHOTO-2025-04-18-10-40-38-1.jpg","type":"image\/jpeg"}],"twitter_card":"summary_large_image","twitter_misc":{"Tiempo de lectura":"1 minuto"},"schema":{"@context":"https:\/\/schema.org","@graph":[{"@type":"WebPage","@id":"https:\/\/luxuryvacationscolombia.com\/index.php\/producto\/tour-manglares-y-avistamiento-de-flamingos\/","url":"https:\/\/luxuryvacationscolombia.com\/index.php\/producto\/tour-manglares-y-avistamiento-de-flamingos\/","name":"TOUR POR MANGLARES Y AVISTAMIENTO DE FLAMENCOS (Privado) - Luxury Vacations &amp; Getaways in Colombia","isPartOf":{"@id":"https:\/\/luxuryvacationscolombia.com\/#website"},"primaryImageOfPage":{"@id":"https:\/\/luxuryvacationscolombia.com\/index.php\/producto\/tour-manglares-y-avistamiento-de-flamingos\/#primaryimage"},"image":{"@id":"https:\/\/luxuryvacationscolombia.com\/index.php\/producto\/tour-manglares-y-avistamiento-de-flamingos\/#primaryimage"},"thumbnailUrl":"https:\/\/luxuryvacationscolombia.com\/wp-content\/uploads\/2025\/04\/PHOTO-2025-04-18-10-40-38-1.jpg","datePublished":"2025-04-23T15:59:32+00:00","dateModified":"2025-05-13T22:57:45+00:00","breadcrumb":{"@id":"https:\/\/luxuryvacationscolombia.com\/index.php\/producto\/tour-manglares-y-avistamiento-de-flamingos\/#breadcrumb"},"inLanguage":"es","potentialAction":[{"@type":"ReadAction","target":["https:\/\/luxuryvacationscolombia.com\/index.php\/producto\/tour-manglares-y-avistamiento-de-flamingos\/"]}]},{"@type":"ImageObject","inLanguage":"es","@id":"https:\/\/luxuryvacationscolombia.com\/index.php\/producto\/tour-manglares-y-avistamiento-de-flamingos\/#primaryimage","url":"https:\/\/luxuryvacationscolombia.com\/wp-content\/uploads\/2025\/04\/PHOTO-2025-04-18-10-40-38-1.jpg","contentUrl":"https:\/\/luxuryvacationscolombia.com\/wp-content\/uploads\/2025\/04\/PHOTO-2025-04-18-10-40-38-1.jpg","width":1599,"height":1200},{"@type":"BreadcrumbList","@id":"https:\/\/luxuryvacationscolombia.com\/index.php\/producto\/tour-manglares-y-avistamiento-de-flamingos\/#breadcrumb","itemListElement":[{"@type":"ListItem","position":1,"name":"Portada","item":"https:\/\/luxuryvacationscolombia.com\/"},{"@type":"ListItem","position":2,"name":"Experiencias","item":"https:\/\/luxuryvacationscolombia.com\/index.php\/home\/experiencias\/"},{"@type":"ListItem","position":3,"name":"TOUR POR MANGLARES Y AVISTAMIENTO DE FLAMENCOS (Privado)"}]},{"@type":"WebSite","@id":"https:\/\/luxuryvacationscolombia.com\/#website","url":"https:\/\/luxuryvacationscolombia.com\/","name":"Luxury Vacations &amp; Getaways in Colombia","description":"Agencia de Viajes y Tours, las mejores experiencias en Cartagena de Indias","publisher":{"@id":"https:\/\/luxuryvacationscolombia.com\/#organization"},"potentialAction":[{"@type":"SearchAction","target":{"@type":"EntryPoint","urlTemplate":"https:\/\/luxuryvacationscolombia.com\/?s={search_term_string}"},"query-input":{"@type":"PropertyValueSpecification","valueRequired":true,"valueName":"search_term_string"}}],"inLanguage":"es"},{"@type":"Organization","@id":"https:\/\/luxuryvacationscolombia.com\/#organization","name":"Luxury Vacations &amp; Getaways in Colombia","url":"https:\/\/luxuryvacationscolombia.com\/","logo":{"@type":"ImageObject","inLanguage":"es","@id":"https:\/\/luxuryvacationscolombia.com\/#\/schema\/logo\/image\/","url":"https:\/\/luxuryvacationscolombia.com\/wp-content\/uploads\/2023\/09\/Luxury-Vacations-in-Colombia-Logo-pequeno.webp","contentUrl":"https:\/\/luxuryvacationscolombia.com\/wp-content\/uploads\/2023\/09\/Luxury-Vacations-in-Colombia-Logo-pequeno.webp","width":1500,"height":580,"caption":"Luxury Vacations &amp; Getaways in Colombia"},"image":{"@id":"https:\/\/luxuryvacationscolombia.com\/#\/schema\/logo\/image\/"}}]}},"_links":{"self":[{"href":"https:\/\/luxuryvacationscolombia.com\/index.php\/wp-json\/wp\/v2\/product\/7029","targetHints":{"allow":["GET"]}}],"collection":[{"href":"https:\/\/luxuryvacationscolombia.com\/index.php\/wp-json\/wp\/v2\/product"}],"about":[{"href":"https:\/\/luxuryvacationscolombia.com\/index.php\/wp-json\/wp\/v2\/types\/product"}],"replies":[{"embeddable":true,"href":"https:\/\/luxuryvacationscolombia.com\/index.php\/wp-json\/wp\/v2\/comments?post=7029"}],"wp:featuredmedia":[{"embeddable":true,"href":"https:\/\/luxuryvacationscolombia.com\/index.php\/wp-json\/wp\/v2\/media\/7036"}],"wp:attachment":[{"href":"https:\/\/luxuryvacationscolombia.com\/index.php\/wp-json\/wp\/v2\/media?parent=7029"}],"wp:term":[{"taxonomy":"product_brand","embeddable":true,"href":"https:\/\/luxuryvacationscolombia.com\/index.php\/wp-json\/wp\/v2\/product_brand?post=7029"},{"taxonomy":"product_cat","embeddable":true,"href":"https:\/\/luxuryvacationscolombia.com\/index.php\/wp-json\/wp\/v2\/product_cat?post=7029"},{"taxonomy":"product_tag","embeddable":true,"href":"https:\/\/luxuryvacationscolombia.com\/index.php\/wp-json\/wp\/v2\/product_tag?post=7029"}],"curies":[{"name":"wp","href":"https:\/\/api.w.org\/{rel}","templated":true}]}}