{"id":6969,"date":"2025-02-18T22:04:26","date_gmt":"2025-02-18T22:04:26","guid":{"rendered":"https:\/\/luxuryvacationscolombia.com\/?post_type=product&#038;p=6969"},"modified":"2025-04-22T03:37:59","modified_gmt":"2025-04-22T03:37:59","slug":"cata-de-frutas","status":"publish","type":"product","link":"https:\/\/luxuryvacationscolombia.com\/index.php\/producto\/cata-de-frutas\/","title":{"rendered":"CATA DE FRUTAS COLOMBIANAS (Compartida o privada)"},"content":{"rendered":"<p>Ven a un viaje \u00fanico de degustaci\u00f3n de frutas ex\u00f3ticas de temporada. Explora la rica diversidad de las frutas colombianas.<\/p>\n<p>Investiga sus or\u00edgenes y sus m\u00e9todos de cultivo, y las comunidades que las cultivan y consumen.<\/p>\n<p>Podr\u00e1s probar la fruta en su forma original y luego en su transformaci\u00f3n en exquisitas formas que incluyen dichas frutas, como pasteles, galletas, tartas, helados, etc.<\/p>\n<p>&nbsp;<\/p>\n","protected":false},"excerpt":{"rendered":"<p>Si buscas una experiencia aut\u00e9ntica, sabores \u00fanicos y una nueva apreciaci\u00f3n por la cerveza artesanal, \u00a1esto es para ti!<\/p>\n","protected":false},"featured_media":6971,"comment_status":"closed","ping_status":"closed","template":"","meta":{"_acf_changed":false,"_monsterinsights_skip_tracking":false,"_monsterinsights_sitenote_active":false,"_monsterinsights_sitenote_note":"","_monsterinsights_sitenote_category":0,"_joinchat":[]},"product_brand":[],"product_cat":[224,200,223],"product_tag":[211],"class_list":{"0":"post-6969","1":"product","2":"type-product","3":"status-publish","4":"has-post-thumbnail","6":"product_cat-catas","7":"product_cat-experiencias","8":"product_cat-planes-de-noche","9":"product_tag-cartagena-domicilio","11":"first","12":"instock","13":"sold-individually","14":"shipping-taxable","15":"purchasable","16":"product-type-booking"},"acf":[],"yoast_head":"<!-- This site is optimized with the Yoast SEO plugin v24.7 - https:\/\/yoast.com\/wordpress\/plugins\/seo\/ -->\n<title>CATA DE FRUTAS COLOMBIANAS (Compartida o privada) - Luxury Vacations &amp; Getaways in Colombia<\/title>\n<meta name=\"robots\" content=\"index, follow, max-snippet:-1, max-image-preview:large, max-video-preview:-1\" \/>\n<link rel=\"canonical\" href=\"https:\/\/luxuryvacationscolombia.com\/index.php\/producto\/cata-de-frutas\/\" \/>\n<meta property=\"og:locale\" content=\"es_ES\" \/>\n<meta property=\"og:type\" content=\"article\" \/>\n<meta property=\"og:title\" content=\"CATA DE FRUTAS COLOMBIANAS (Compartida o privada) - Luxury Vacations &amp; Getaways in Colombia\" \/>\n<meta property=\"og:description\" content=\"Si buscas una experiencia aut\u00e9ntica, sabores \u00fanicos y una nueva apreciaci\u00f3n por la cerveza artesanal, \u00a1esto es para ti!\" \/>\n<meta property=\"og:url\" content=\"https:\/\/luxuryvacationscolombia.com\/index.php\/producto\/cata-de-frutas\/\" \/>\n<meta property=\"og:site_name\" content=\"Luxury Vacations &amp; Getaways in Colombia\" \/>\n<meta property=\"article:modified_time\" content=\"2025-04-22T03:37:59+00:00\" \/>\n<meta property=\"og:image\" content=\"https:\/\/luxuryvacationscolombia.com\/wp-content\/uploads\/2025\/02\/IMG_1767.jpg\" \/>\n\t<meta property=\"og:image:width\" content=\"1170\" \/>\n\t<meta property=\"og:image:height\" content=\"1455\" \/>\n\t<meta property=\"og:image:type\" content=\"image\/jpeg\" \/>\n<meta name=\"twitter:card\" content=\"summary_large_image\" \/>\n<meta name=\"twitter:label1\" content=\"Tiempo de lectura\" \/>\n\t<meta name=\"twitter:data1\" content=\"1 minuto\" \/>\n<script type=\"application\/ld+json\" class=\"yoast-schema-graph\">{\"@context\":\"https:\/\/schema.org\",\"@graph\":[{\"@type\":\"WebPage\",\"@id\":\"https:\/\/luxuryvacationscolombia.com\/index.php\/producto\/cata-de-frutas\/\",\"url\":\"https:\/\/luxuryvacationscolombia.com\/index.php\/producto\/cata-de-frutas\/\",\"name\":\"CATA DE FRUTAS COLOMBIANAS (Compartida o privada) - Luxury Vacations &amp; Getaways in Colombia\",\"isPartOf\":{\"@id\":\"https:\/\/luxuryvacationscolombia.com\/#website\"},\"primaryImageOfPage\":{\"@id\":\"https:\/\/luxuryvacationscolombia.com\/index.php\/producto\/cata-de-frutas\/#primaryimage\"},\"image\":{\"@id\":\"https:\/\/luxuryvacationscolombia.com\/index.php\/producto\/cata-de-frutas\/#primaryimage\"},\"thumbnailUrl\":\"https:\/\/luxuryvacationscolombia.com\/wp-content\/uploads\/2025\/02\/IMG_1767.jpg\",\"datePublished\":\"2025-02-18T22:04:26+00:00\",\"dateModified\":\"2025-04-22T03:37:59+00:00\",\"breadcrumb\":{\"@id\":\"https:\/\/luxuryvacationscolombia.com\/index.php\/producto\/cata-de-frutas\/#breadcrumb\"},\"inLanguage\":\"es\",\"potentialAction\":[{\"@type\":\"ReadAction\",\"target\":[\"https:\/\/luxuryvacationscolombia.com\/index.php\/producto\/cata-de-frutas\/\"]}]},{\"@type\":\"ImageObject\",\"inLanguage\":\"es\",\"@id\":\"https:\/\/luxuryvacationscolombia.com\/index.php\/producto\/cata-de-frutas\/#primaryimage\",\"url\":\"https:\/\/luxuryvacationscolombia.com\/wp-content\/uploads\/2025\/02\/IMG_1767.jpg\",\"contentUrl\":\"https:\/\/luxuryvacationscolombia.com\/wp-content\/uploads\/2025\/02\/IMG_1767.jpg\",\"width\":1170,\"height\":1455},{\"@type\":\"BreadcrumbList\",\"@id\":\"https:\/\/luxuryvacationscolombia.com\/index.php\/producto\/cata-de-frutas\/#breadcrumb\",\"itemListElement\":[{\"@type\":\"ListItem\",\"position\":1,\"name\":\"Portada\",\"item\":\"https:\/\/luxuryvacationscolombia.com\/\"},{\"@type\":\"ListItem\",\"position\":2,\"name\":\"Experiencias\",\"item\":\"https:\/\/luxuryvacationscolombia.com\/index.php\/home\/experiencias\/\"},{\"@type\":\"ListItem\",\"position\":3,\"name\":\"CATA DE FRUTAS COLOMBIANAS (Compartida o privada)\"}]},{\"@type\":\"WebSite\",\"@id\":\"https:\/\/luxuryvacationscolombia.com\/#website\",\"url\":\"https:\/\/luxuryvacationscolombia.com\/\",\"name\":\"Luxury Vacations &amp; Getaways in Colombia\",\"description\":\"Agencia de Viajes y Tours, las mejores experiencias en Cartagena de Indias\",\"publisher\":{\"@id\":\"https:\/\/luxuryvacationscolombia.com\/#organization\"},\"potentialAction\":[{\"@type\":\"SearchAction\",\"target\":{\"@type\":\"EntryPoint\",\"urlTemplate\":\"https:\/\/luxuryvacationscolombia.com\/?s={search_term_string}\"},\"query-input\":{\"@type\":\"PropertyValueSpecification\",\"valueRequired\":true,\"valueName\":\"search_term_string\"}}],\"inLanguage\":\"es\"},{\"@type\":\"Organization\",\"@id\":\"https:\/\/luxuryvacationscolombia.com\/#organization\",\"name\":\"Luxury Vacations &amp; Getaways in Colombia\",\"url\":\"https:\/\/luxuryvacationscolombia.com\/\",\"logo\":{\"@type\":\"ImageObject\",\"inLanguage\":\"es\",\"@id\":\"https:\/\/luxuryvacationscolombia.com\/#\/schema\/logo\/image\/\",\"url\":\"https:\/\/luxuryvacationscolombia.com\/wp-content\/uploads\/2023\/09\/Luxury-Vacations-in-Colombia-Logo-pequeno.webp\",\"contentUrl\":\"https:\/\/luxuryvacationscolombia.com\/wp-content\/uploads\/2023\/09\/Luxury-Vacations-in-Colombia-Logo-pequeno.webp\",\"width\":1500,\"height\":580,\"caption\":\"Luxury Vacations &amp; Getaways in Colombia\"},\"image\":{\"@id\":\"https:\/\/luxuryvacationscolombia.com\/#\/schema\/logo\/image\/\"}}]}<\/script>\n<!-- \/ Yoast SEO plugin. -->","yoast_head_json":{"title":"CATA DE FRUTAS COLOMBIANAS (Compartida o privada) - Luxury Vacations &amp; Getaways in Colombia","robots":{"index":"index","follow":"follow","max-snippet":"max-snippet:-1","max-image-preview":"max-image-preview:large","max-video-preview":"max-video-preview:-1"},"canonical":"https:\/\/luxuryvacationscolombia.com\/index.php\/producto\/cata-de-frutas\/","og_locale":"es_ES","og_type":"article","og_title":"CATA DE FRUTAS COLOMBIANAS (Compartida o privada) - Luxury Vacations &amp; Getaways in Colombia","og_description":"Si buscas una experiencia aut\u00e9ntica, sabores \u00fanicos y una nueva apreciaci\u00f3n por la cerveza artesanal, \u00a1esto es para ti!","og_url":"https:\/\/luxuryvacationscolombia.com\/index.php\/producto\/cata-de-frutas\/","og_site_name":"Luxury Vacations &amp; Getaways in Colombia","article_modified_time":"2025-04-22T03:37:59+00:00","og_image":[{"width":1170,"height":1455,"url":"https:\/\/luxuryvacationscolombia.com\/wp-content\/uploads\/2025\/02\/IMG_1767.jpg","type":"image\/jpeg"}],"twitter_card":"summary_large_image","twitter_misc":{"Tiempo de lectura":"1 minuto"},"schema":{"@context":"https:\/\/schema.org","@graph":[{"@type":"WebPage","@id":"https:\/\/luxuryvacationscolombia.com\/index.php\/producto\/cata-de-frutas\/","url":"https:\/\/luxuryvacationscolombia.com\/index.php\/producto\/cata-de-frutas\/","name":"CATA DE FRUTAS COLOMBIANAS (Compartida o privada) - Luxury Vacations &amp; Getaways in Colombia","isPartOf":{"@id":"https:\/\/luxuryvacationscolombia.com\/#website"},"primaryImageOfPage":{"@id":"https:\/\/luxuryvacationscolombia.com\/index.php\/producto\/cata-de-frutas\/#primaryimage"},"image":{"@id":"https:\/\/luxuryvacationscolombia.com\/index.php\/producto\/cata-de-frutas\/#primaryimage"},"thumbnailUrl":"https:\/\/luxuryvacationscolombia.com\/wp-content\/uploads\/2025\/02\/IMG_1767.jpg","datePublished":"2025-02-18T22:04:26+00:00","dateModified":"2025-04-22T03:37:59+00:00","breadcrumb":{"@id":"https:\/\/luxuryvacationscolombia.com\/index.php\/producto\/cata-de-frutas\/#breadcrumb"},"inLanguage":"es","potentialAction":[{"@type":"ReadAction","target":["https:\/\/luxuryvacationscolombia.com\/index.php\/producto\/cata-de-frutas\/"]}]},{"@type":"ImageObject","inLanguage":"es","@id":"https:\/\/luxuryvacationscolombia.com\/index.php\/producto\/cata-de-frutas\/#primaryimage","url":"https:\/\/luxuryvacationscolombia.com\/wp-content\/uploads\/2025\/02\/IMG_1767.jpg","contentUrl":"https:\/\/luxuryvacationscolombia.com\/wp-content\/uploads\/2025\/02\/IMG_1767.jpg","width":1170,"height":1455},{"@type":"BreadcrumbList","@id":"https:\/\/luxuryvacationscolombia.com\/index.php\/producto\/cata-de-frutas\/#breadcrumb","itemListElement":[{"@type":"ListItem","position":1,"name":"Portada","item":"https:\/\/luxuryvacationscolombia.com\/"},{"@type":"ListItem","position":2,"name":"Experiencias","item":"https:\/\/luxuryvacationscolombia.com\/index.php\/home\/experiencias\/"},{"@type":"ListItem","position":3,"name":"CATA DE FRUTAS COLOMBIANAS (Compartida o privada)"}]},{"@type":"WebSite","@id":"https:\/\/luxuryvacationscolombia.com\/#website","url":"https:\/\/luxuryvacationscolombia.com\/","name":"Luxury Vacations &amp; Getaways in Colombia","description":"Agencia de Viajes y Tours, las mejores experiencias en Cartagena de Indias","publisher":{"@id":"https:\/\/luxuryvacationscolombia.com\/#organization"},"potentialAction":[{"@type":"SearchAction","target":{"@type":"EntryPoint","urlTemplate":"https:\/\/luxuryvacationscolombia.com\/?s={search_term_string}"},"query-input":{"@type":"PropertyValueSpecification","valueRequired":true,"valueName":"search_term_string"}}],"inLanguage":"es"},{"@type":"Organization","@id":"https:\/\/luxuryvacationscolombia.com\/#organization","name":"Luxury Vacations &amp; Getaways in Colombia","url":"https:\/\/luxuryvacationscolombia.com\/","logo":{"@type":"ImageObject","inLanguage":"es","@id":"https:\/\/luxuryvacationscolombia.com\/#\/schema\/logo\/image\/","url":"https:\/\/luxuryvacationscolombia.com\/wp-content\/uploads\/2023\/09\/Luxury-Vacations-in-Colombia-Logo-pequeno.webp","contentUrl":"https:\/\/luxuryvacationscolombia.com\/wp-content\/uploads\/2023\/09\/Luxury-Vacations-in-Colombia-Logo-pequeno.webp","width":1500,"height":580,"caption":"Luxury Vacations &amp; Getaways in Colombia"},"image":{"@id":"https:\/\/luxuryvacationscolombia.com\/#\/schema\/logo\/image\/"}}]}},"_links":{"self":[{"href":"https:\/\/luxuryvacationscolombia.com\/index.php\/wp-json\/wp\/v2\/product\/6969","targetHints":{"allow":["GET"]}}],"collection":[{"href":"https:\/\/luxuryvacationscolombia.com\/index.php\/wp-json\/wp\/v2\/product"}],"about":[{"href":"https:\/\/luxuryvacationscolombia.com\/index.php\/wp-json\/wp\/v2\/types\/product"}],"replies":[{"embeddable":true,"href":"https:\/\/luxuryvacationscolombia.com\/index.php\/wp-json\/wp\/v2\/comments?post=6969"}],"wp:featuredmedia":[{"embeddable":true,"href":"https:\/\/luxuryvacationscolombia.com\/index.php\/wp-json\/wp\/v2\/media\/6971"}],"wp:attachment":[{"href":"https:\/\/luxuryvacationscolombia.com\/index.php\/wp-json\/wp\/v2\/media?parent=6969"}],"wp:term":[{"taxonomy":"product_brand","embeddable":true,"href":"https:\/\/luxuryvacationscolombia.com\/index.php\/wp-json\/wp\/v2\/product_brand?post=6969"},{"taxonomy":"product_cat","embeddable":true,"href":"https:\/\/luxuryvacationscolombia.com\/index.php\/wp-json\/wp\/v2\/product_cat?post=6969"},{"taxonomy":"product_tag","embeddable":true,"href":"https:\/\/luxuryvacationscolombia.com\/index.php\/wp-json\/wp\/v2\/product_tag?post=6969"}],"curies":[{"name":"wp","href":"https:\/\/api.w.org\/{rel}","templated":true}]}}