{"id":6584,"date":"2024-01-24T21:51:28","date_gmt":"2024-01-24T21:51:28","guid":{"rendered":"https:\/\/luxuryvacationscolombia.com\/?post_type=product&#038;p=6584"},"modified":"2024-02-09T15:35:47","modified_gmt":"2024-02-09T15:35:47","slug":"mamajuma-32ft-lancha-rapida","status":"publish","type":"product","link":"https:\/\/luxuryvacationscolombia.com\/index.php\/producto\/mamajuma-32ft-lancha-rapida\/","title":{"rendered":"MAMAJUMA 32FT (Lancha r\u00e1pida)"},"content":{"rendered":"<p>Tour por las islas a bordo de lanchas r\u00e1pidas. Conoce las espectaculares playas que tienen las islas para ofrecerte y disfruta de un d\u00eda de sol y playa con tus amigos, familia, o en pareja.<\/p>\n<p>El horario de la lancha es de 8am a 4pm. Cuando el capit\u00e1n lo considere oportuno se har\u00e1 la salida de las Islas a Cartagena, seg\u00fan como est\u00e9 la marea y los vientos. Las lanchas deben estar llegando a Cartagena a las 4pm.<\/p>\n<h3><strong>Caracter\u00edsticas:<\/strong><\/h3>\n<ul>\n<li>Capacidad para 18 personas<\/li>\n<li>2 motores de 200HP cada uno<\/li>\n<li>Sonido bluetooth<\/li>\n<li>Ducha de agua dulce<\/li>\n<li>3 asoleadoras con espaldares reclinables en la proa<\/li>\n<li>Sistema GPS de rastreo satelital con bot\u00f3n de p\u00e1nico y control de regulaci\u00f3n de la velocidad<\/li>\n<li>Sistema GPS de navegaci\u00f3n<\/li>\n<li>Cargador de celular, usb, 12 voltios y 110 (inversor)<\/li>\n<li>Equipos de snorkel para careteo disponibles con reserva previa<\/li>\n<li>Nevera<\/li>\n<\/ul>\n","protected":false},"excerpt":{"rendered":"<p>Tour por las islas a bordo de lanchas r\u00e1pidas. Conoce las espectaculares playas que tienen las islas para ofrecerte y disfruta de un d\u00eda de sol y playa con tus amigos, familia, o en pareja. El horario de la lancha es de 8am a 4pm. Cuando el capit\u00e1n lo considere oportuno se har\u00e1 la salida [&hellip;]<\/p>\n","protected":false},"featured_media":6589,"comment_status":"closed","ping_status":"closed","template":"","meta":{"_acf_changed":false,"_monsterinsights_skip_tracking":false,"_monsterinsights_sitenote_active":false,"_monsterinsights_sitenote_note":"","_monsterinsights_sitenote_category":0,"_joinchat":[]},"product_brand":[],"product_cat":[189,193],"product_tag":[210],"class_list":{"0":"post-6584","1":"product","2":"type-product","3":"status-publish","4":"has-post-thumbnail","6":"product_cat-embarcaciones","7":"product_cat-lancha-rapida","8":"product_tag-cartagena-de-indias","10":"first","11":"instock","12":"shipping-taxable","13":"product-type-simple"},"acf":[],"yoast_head":"<!-- This site is optimized with the Yoast SEO plugin v24.7 - https:\/\/yoast.com\/wordpress\/plugins\/seo\/ -->\n<title>MAMAJUMA 32FT (Lancha r\u00e1pida) - Luxury Vacations &amp; Getaways in Colombia<\/title>\n<meta name=\"robots\" content=\"index, follow, max-snippet:-1, max-image-preview:large, max-video-preview:-1\" \/>\n<link rel=\"canonical\" href=\"https:\/\/luxuryvacationscolombia.com\/index.php\/producto\/mamajuma-32ft-lancha-rapida\/\" \/>\n<meta property=\"og:locale\" content=\"es_ES\" \/>\n<meta property=\"og:type\" content=\"article\" \/>\n<meta property=\"og:title\" content=\"MAMAJUMA 32FT (Lancha r\u00e1pida) - Luxury Vacations &amp; Getaways in Colombia\" \/>\n<meta property=\"og:description\" content=\"Tour por las islas a bordo de lanchas r\u00e1pidas. Conoce las espectaculares playas que tienen las islas para ofrecerte y disfruta de un d\u00eda de sol y playa con tus amigos, familia, o en pareja. El horario de la lancha es de 8am a 4pm. Cuando el capit\u00e1n lo considere oportuno se har\u00e1 la salida [&hellip;]\" \/>\n<meta property=\"og:url\" content=\"https:\/\/luxuryvacationscolombia.com\/index.php\/producto\/mamajuma-32ft-lancha-rapida\/\" \/>\n<meta property=\"og:site_name\" content=\"Luxury Vacations &amp; Getaways in Colombia\" \/>\n<meta property=\"article:modified_time\" content=\"2024-02-09T15:35:47+00:00\" \/>\n<meta property=\"og:image\" content=\"https:\/\/luxuryvacationscolombia.com\/wp-content\/uploads\/2024\/01\/PHOTO-2024-01-24-08-28-54.jpg\" \/>\n\t<meta property=\"og:image:width\" content=\"768\" \/>\n\t<meta property=\"og:image:height\" content=\"1024\" \/>\n\t<meta property=\"og:image:type\" content=\"image\/jpeg\" \/>\n<meta name=\"twitter:card\" content=\"summary_large_image\" \/>\n<meta name=\"twitter:label1\" content=\"Tiempo de lectura\" \/>\n\t<meta name=\"twitter:data1\" content=\"1 minuto\" \/>\n<script type=\"application\/ld+json\" class=\"yoast-schema-graph\">{\"@context\":\"https:\/\/schema.org\",\"@graph\":[{\"@type\":\"WebPage\",\"@id\":\"https:\/\/luxuryvacationscolombia.com\/index.php\/producto\/mamajuma-32ft-lancha-rapida\/\",\"url\":\"https:\/\/luxuryvacationscolombia.com\/index.php\/producto\/mamajuma-32ft-lancha-rapida\/\",\"name\":\"MAMAJUMA 32FT (Lancha r\u00e1pida) - Luxury Vacations &amp; Getaways in Colombia\",\"isPartOf\":{\"@id\":\"https:\/\/luxuryvacationscolombia.com\/#website\"},\"primaryImageOfPage\":{\"@id\":\"https:\/\/luxuryvacationscolombia.com\/index.php\/producto\/mamajuma-32ft-lancha-rapida\/#primaryimage\"},\"image\":{\"@id\":\"https:\/\/luxuryvacationscolombia.com\/index.php\/producto\/mamajuma-32ft-lancha-rapida\/#primaryimage\"},\"thumbnailUrl\":\"https:\/\/luxuryvacationscolombia.com\/wp-content\/uploads\/2024\/01\/PHOTO-2024-01-24-08-28-54.jpg\",\"datePublished\":\"2024-01-24T21:51:28+00:00\",\"dateModified\":\"2024-02-09T15:35:47+00:00\",\"breadcrumb\":{\"@id\":\"https:\/\/luxuryvacationscolombia.com\/index.php\/producto\/mamajuma-32ft-lancha-rapida\/#breadcrumb\"},\"inLanguage\":\"es\",\"potentialAction\":[{\"@type\":\"ReadAction\",\"target\":[\"https:\/\/luxuryvacationscolombia.com\/index.php\/producto\/mamajuma-32ft-lancha-rapida\/\"]}]},{\"@type\":\"ImageObject\",\"inLanguage\":\"es\",\"@id\":\"https:\/\/luxuryvacationscolombia.com\/index.php\/producto\/mamajuma-32ft-lancha-rapida\/#primaryimage\",\"url\":\"https:\/\/luxuryvacationscolombia.com\/wp-content\/uploads\/2024\/01\/PHOTO-2024-01-24-08-28-54.jpg\",\"contentUrl\":\"https:\/\/luxuryvacationscolombia.com\/wp-content\/uploads\/2024\/01\/PHOTO-2024-01-24-08-28-54.jpg\",\"width\":768,\"height\":1024},{\"@type\":\"BreadcrumbList\",\"@id\":\"https:\/\/luxuryvacationscolombia.com\/index.php\/producto\/mamajuma-32ft-lancha-rapida\/#breadcrumb\",\"itemListElement\":[{\"@type\":\"ListItem\",\"position\":1,\"name\":\"Portada\",\"item\":\"https:\/\/luxuryvacationscolombia.com\/\"},{\"@type\":\"ListItem\",\"position\":2,\"name\":\"Experiencias\",\"item\":\"https:\/\/luxuryvacationscolombia.com\/index.php\/home\/experiencias\/\"},{\"@type\":\"ListItem\",\"position\":3,\"name\":\"MAMAJUMA 32FT (Lancha r\u00e1pida)\"}]},{\"@type\":\"WebSite\",\"@id\":\"https:\/\/luxuryvacationscolombia.com\/#website\",\"url\":\"https:\/\/luxuryvacationscolombia.com\/\",\"name\":\"Luxury Vacations &amp; Getaways in Colombia\",\"description\":\"Agencia de Viajes y Tours, las mejores experiencias en Cartagena de Indias\",\"publisher\":{\"@id\":\"https:\/\/luxuryvacationscolombia.com\/#organization\"},\"potentialAction\":[{\"@type\":\"SearchAction\",\"target\":{\"@type\":\"EntryPoint\",\"urlTemplate\":\"https:\/\/luxuryvacationscolombia.com\/?s={search_term_string}\"},\"query-input\":{\"@type\":\"PropertyValueSpecification\",\"valueRequired\":true,\"valueName\":\"search_term_string\"}}],\"inLanguage\":\"es\"},{\"@type\":\"Organization\",\"@id\":\"https:\/\/luxuryvacationscolombia.com\/#organization\",\"name\":\"Luxury Vacations &amp; Getaways in Colombia\",\"url\":\"https:\/\/luxuryvacationscolombia.com\/\",\"logo\":{\"@type\":\"ImageObject\",\"inLanguage\":\"es\",\"@id\":\"https:\/\/luxuryvacationscolombia.com\/#\/schema\/logo\/image\/\",\"url\":\"https:\/\/luxuryvacationscolombia.com\/wp-content\/uploads\/2023\/09\/Luxury-Vacations-in-Colombia-Logo-pequeno.webp\",\"contentUrl\":\"https:\/\/luxuryvacationscolombia.com\/wp-content\/uploads\/2023\/09\/Luxury-Vacations-in-Colombia-Logo-pequeno.webp\",\"width\":1500,\"height\":580,\"caption\":\"Luxury Vacations &amp; Getaways in Colombia\"},\"image\":{\"@id\":\"https:\/\/luxuryvacationscolombia.com\/#\/schema\/logo\/image\/\"}}]}<\/script>\n<!-- \/ Yoast SEO plugin. -->","yoast_head_json":{"title":"MAMAJUMA 32FT (Lancha r\u00e1pida) - Luxury Vacations &amp; Getaways in Colombia","robots":{"index":"index","follow":"follow","max-snippet":"max-snippet:-1","max-image-preview":"max-image-preview:large","max-video-preview":"max-video-preview:-1"},"canonical":"https:\/\/luxuryvacationscolombia.com\/index.php\/producto\/mamajuma-32ft-lancha-rapida\/","og_locale":"es_ES","og_type":"article","og_title":"MAMAJUMA 32FT (Lancha r\u00e1pida) - Luxury Vacations &amp; Getaways in Colombia","og_description":"Tour por las islas a bordo de lanchas r\u00e1pidas. Conoce las espectaculares playas que tienen las islas para ofrecerte y disfruta de un d\u00eda de sol y playa con tus amigos, familia, o en pareja. El horario de la lancha es de 8am a 4pm. Cuando el capit\u00e1n lo considere oportuno se har\u00e1 la salida [&hellip;]","og_url":"https:\/\/luxuryvacationscolombia.com\/index.php\/producto\/mamajuma-32ft-lancha-rapida\/","og_site_name":"Luxury Vacations &amp; Getaways in Colombia","article_modified_time":"2024-02-09T15:35:47+00:00","og_image":[{"width":768,"height":1024,"url":"https:\/\/luxuryvacationscolombia.com\/wp-content\/uploads\/2024\/01\/PHOTO-2024-01-24-08-28-54.jpg","type":"image\/jpeg"}],"twitter_card":"summary_large_image","twitter_misc":{"Tiempo de lectura":"1 minuto"},"schema":{"@context":"https:\/\/schema.org","@graph":[{"@type":"WebPage","@id":"https:\/\/luxuryvacationscolombia.com\/index.php\/producto\/mamajuma-32ft-lancha-rapida\/","url":"https:\/\/luxuryvacationscolombia.com\/index.php\/producto\/mamajuma-32ft-lancha-rapida\/","name":"MAMAJUMA 32FT (Lancha r\u00e1pida) - Luxury Vacations &amp; Getaways in Colombia","isPartOf":{"@id":"https:\/\/luxuryvacationscolombia.com\/#website"},"primaryImageOfPage":{"@id":"https:\/\/luxuryvacationscolombia.com\/index.php\/producto\/mamajuma-32ft-lancha-rapida\/#primaryimage"},"image":{"@id":"https:\/\/luxuryvacationscolombia.com\/index.php\/producto\/mamajuma-32ft-lancha-rapida\/#primaryimage"},"thumbnailUrl":"https:\/\/luxuryvacationscolombia.com\/wp-content\/uploads\/2024\/01\/PHOTO-2024-01-24-08-28-54.jpg","datePublished":"2024-01-24T21:51:28+00:00","dateModified":"2024-02-09T15:35:47+00:00","breadcrumb":{"@id":"https:\/\/luxuryvacationscolombia.com\/index.php\/producto\/mamajuma-32ft-lancha-rapida\/#breadcrumb"},"inLanguage":"es","potentialAction":[{"@type":"ReadAction","target":["https:\/\/luxuryvacationscolombia.com\/index.php\/producto\/mamajuma-32ft-lancha-rapida\/"]}]},{"@type":"ImageObject","inLanguage":"es","@id":"https:\/\/luxuryvacationscolombia.com\/index.php\/producto\/mamajuma-32ft-lancha-rapida\/#primaryimage","url":"https:\/\/luxuryvacationscolombia.com\/wp-content\/uploads\/2024\/01\/PHOTO-2024-01-24-08-28-54.jpg","contentUrl":"https:\/\/luxuryvacationscolombia.com\/wp-content\/uploads\/2024\/01\/PHOTO-2024-01-24-08-28-54.jpg","width":768,"height":1024},{"@type":"BreadcrumbList","@id":"https:\/\/luxuryvacationscolombia.com\/index.php\/producto\/mamajuma-32ft-lancha-rapida\/#breadcrumb","itemListElement":[{"@type":"ListItem","position":1,"name":"Portada","item":"https:\/\/luxuryvacationscolombia.com\/"},{"@type":"ListItem","position":2,"name":"Experiencias","item":"https:\/\/luxuryvacationscolombia.com\/index.php\/home\/experiencias\/"},{"@type":"ListItem","position":3,"name":"MAMAJUMA 32FT (Lancha r\u00e1pida)"}]},{"@type":"WebSite","@id":"https:\/\/luxuryvacationscolombia.com\/#website","url":"https:\/\/luxuryvacationscolombia.com\/","name":"Luxury Vacations &amp; Getaways in Colombia","description":"Agencia de Viajes y Tours, las mejores experiencias en Cartagena de Indias","publisher":{"@id":"https:\/\/luxuryvacationscolombia.com\/#organization"},"potentialAction":[{"@type":"SearchAction","target":{"@type":"EntryPoint","urlTemplate":"https:\/\/luxuryvacationscolombia.com\/?s={search_term_string}"},"query-input":{"@type":"PropertyValueSpecification","valueRequired":true,"valueName":"search_term_string"}}],"inLanguage":"es"},{"@type":"Organization","@id":"https:\/\/luxuryvacationscolombia.com\/#organization","name":"Luxury Vacations &amp; Getaways in Colombia","url":"https:\/\/luxuryvacationscolombia.com\/","logo":{"@type":"ImageObject","inLanguage":"es","@id":"https:\/\/luxuryvacationscolombia.com\/#\/schema\/logo\/image\/","url":"https:\/\/luxuryvacationscolombia.com\/wp-content\/uploads\/2023\/09\/Luxury-Vacations-in-Colombia-Logo-pequeno.webp","contentUrl":"https:\/\/luxuryvacationscolombia.com\/wp-content\/uploads\/2023\/09\/Luxury-Vacations-in-Colombia-Logo-pequeno.webp","width":1500,"height":580,"caption":"Luxury Vacations &amp; Getaways in Colombia"},"image":{"@id":"https:\/\/luxuryvacationscolombia.com\/#\/schema\/logo\/image\/"}}]}},"_links":{"self":[{"href":"https:\/\/luxuryvacationscolombia.com\/index.php\/wp-json\/wp\/v2\/product\/6584","targetHints":{"allow":["GET"]}}],"collection":[{"href":"https:\/\/luxuryvacationscolombia.com\/index.php\/wp-json\/wp\/v2\/product"}],"about":[{"href":"https:\/\/luxuryvacationscolombia.com\/index.php\/wp-json\/wp\/v2\/types\/product"}],"replies":[{"embeddable":true,"href":"https:\/\/luxuryvacationscolombia.com\/index.php\/wp-json\/wp\/v2\/comments?post=6584"}],"wp:featuredmedia":[{"embeddable":true,"href":"https:\/\/luxuryvacationscolombia.com\/index.php\/wp-json\/wp\/v2\/media\/6589"}],"wp:attachment":[{"href":"https:\/\/luxuryvacationscolombia.com\/index.php\/wp-json\/wp\/v2\/media?parent=6584"}],"wp:term":[{"taxonomy":"product_brand","embeddable":true,"href":"https:\/\/luxuryvacationscolombia.com\/index.php\/wp-json\/wp\/v2\/product_brand?post=6584"},{"taxonomy":"product_cat","embeddable":true,"href":"https:\/\/luxuryvacationscolombia.com\/index.php\/wp-json\/wp\/v2\/product_cat?post=6584"},{"taxonomy":"product_tag","embeddable":true,"href":"https:\/\/luxuryvacationscolombia.com\/index.php\/wp-json\/wp\/v2\/product_tag?post=6584"}],"curies":[{"name":"wp","href":"https:\/\/api.w.org\/{rel}","templated":true}]}}