{"id":6435,"date":"2024-01-12T23:01:34","date_gmt":"2024-01-12T23:01:34","guid":{"rendered":"https:\/\/luxuryvacationscolombia.com\/?post_type=product&#038;p=6435"},"modified":"2025-09-03T13:49:40","modified_gmt":"2025-09-03T13:49:40","slug":"spa","status":"publish","type":"product","link":"https:\/\/luxuryvacationscolombia.com\/index.php\/producto\/spa\/","title":{"rendered":"SPA (Semi compartido o privado)"},"content":{"rendered":"<p>Esta experiencia de Spa y Relajaci\u00f3n te llevar\u00e1 a un lugar de paz y bienestar, donde el estr\u00e9s se desvanece y el cuerpo y la mente se renuevan y donde el enfoque principal eres t\u00fa.<\/p>\n<p>Des del momento en que cruzas la puerta, te sumergir\u00e1s en un oasis de tranquilidad. La suave m\u00fasica, los aromas relajantes y la c\u00e1lida bienvenida te preparar\u00e1n para una experiencia inolvidable.<\/p>\n<p>Desconecta del mundo exterior y recarga tus energ\u00edas.<\/p>\n<p>Plan ideal para cualquier celebraci\u00f3n, o compartir con tus amigos\/as.<\/p>\n<p>&nbsp;<\/p>\n","protected":false},"excerpt":{"rendered":"<p>Esta experiencia de Spa y Relajaci\u00f3n te llevar\u00e1 a un lugar de paz y bienestar, donde el estr\u00e9s se desvanece y el cuerpo y la mente se renuevan y donde el enfoque principal eres t\u00fa. Des del momento en que cruzas la puerta, te sumergir\u00e1s en un oasis de tranquilidad. La suave m\u00fasica, los aromas [&hellip;]<\/p>\n","protected":false},"featured_media":6438,"comment_status":"closed","ping_status":"closed","template":"","meta":{"_acf_changed":false,"_monsterinsights_skip_tracking":false,"_monsterinsights_sitenote_active":false,"_monsterinsights_sitenote_note":"","_monsterinsights_sitenote_category":0,"_joinchat":[]},"product_brand":[],"product_cat":[200],"product_tag":[211],"class_list":{"0":"post-6435","1":"product","2":"type-product","3":"status-publish","4":"has-post-thumbnail","6":"product_cat-experiencias","7":"product_tag-cartagena-domicilio","9":"first","10":"instock","11":"sold-individually","12":"shipping-taxable","13":"purchasable","14":"product-type-booking"},"acf":[],"yoast_head":"<!-- This site is optimized with the Yoast SEO plugin v24.7 - https:\/\/yoast.com\/wordpress\/plugins\/seo\/ -->\n<title>SPA (Semi compartido o privado) - Luxury Vacations &amp; Getaways in Colombia<\/title>\n<meta name=\"robots\" content=\"index, follow, max-snippet:-1, max-image-preview:large, max-video-preview:-1\" \/>\n<link rel=\"canonical\" href=\"https:\/\/luxuryvacationscolombia.com\/index.php\/producto\/spa\/\" \/>\n<meta property=\"og:locale\" content=\"es_ES\" \/>\n<meta property=\"og:type\" content=\"article\" \/>\n<meta property=\"og:title\" content=\"SPA (Semi compartido o privado) - Luxury Vacations &amp; Getaways in Colombia\" \/>\n<meta property=\"og:description\" content=\"Esta experiencia de Spa y Relajaci\u00f3n te llevar\u00e1 a un lugar de paz y bienestar, donde el estr\u00e9s se desvanece y el cuerpo y la mente se renuevan y donde el enfoque principal eres t\u00fa. Des del momento en que cruzas la puerta, te sumergir\u00e1s en un oasis de tranquilidad. La suave m\u00fasica, los aromas [&hellip;]\" \/>\n<meta property=\"og:url\" content=\"https:\/\/luxuryvacationscolombia.com\/index.php\/producto\/spa\/\" \/>\n<meta property=\"og:site_name\" content=\"Luxury Vacations &amp; Getaways in Colombia\" \/>\n<meta property=\"article:modified_time\" content=\"2025-09-03T13:49:40+00:00\" \/>\n<meta property=\"og:image\" content=\"https:\/\/luxuryvacationscolombia.com\/wp-content\/uploads\/2024\/01\/ae769c09-abac-49c8-a1bf-54918f1bda28-1.jpg\" \/>\n\t<meta property=\"og:image:width\" content=\"1048\" \/>\n\t<meta property=\"og:image:height\" content=\"949\" \/>\n\t<meta property=\"og:image:type\" content=\"image\/jpeg\" \/>\n<meta name=\"twitter:card\" content=\"summary_large_image\" \/>\n<meta name=\"twitter:label1\" content=\"Tiempo de lectura\" \/>\n\t<meta name=\"twitter:data1\" content=\"1 minuto\" \/>\n<script type=\"application\/ld+json\" class=\"yoast-schema-graph\">{\"@context\":\"https:\/\/schema.org\",\"@graph\":[{\"@type\":\"WebPage\",\"@id\":\"https:\/\/luxuryvacationscolombia.com\/index.php\/producto\/spa\/\",\"url\":\"https:\/\/luxuryvacationscolombia.com\/index.php\/producto\/spa\/\",\"name\":\"SPA (Semi compartido o privado) - Luxury Vacations &amp; Getaways in Colombia\",\"isPartOf\":{\"@id\":\"https:\/\/luxuryvacationscolombia.com\/#website\"},\"primaryImageOfPage\":{\"@id\":\"https:\/\/luxuryvacationscolombia.com\/index.php\/producto\/spa\/#primaryimage\"},\"image\":{\"@id\":\"https:\/\/luxuryvacationscolombia.com\/index.php\/producto\/spa\/#primaryimage\"},\"thumbnailUrl\":\"https:\/\/luxuryvacationscolombia.com\/wp-content\/uploads\/2024\/01\/ae769c09-abac-49c8-a1bf-54918f1bda28-1.jpg\",\"datePublished\":\"2024-01-12T23:01:34+00:00\",\"dateModified\":\"2025-09-03T13:49:40+00:00\",\"breadcrumb\":{\"@id\":\"https:\/\/luxuryvacationscolombia.com\/index.php\/producto\/spa\/#breadcrumb\"},\"inLanguage\":\"es\",\"potentialAction\":[{\"@type\":\"ReadAction\",\"target\":[\"https:\/\/luxuryvacationscolombia.com\/index.php\/producto\/spa\/\"]}]},{\"@type\":\"ImageObject\",\"inLanguage\":\"es\",\"@id\":\"https:\/\/luxuryvacationscolombia.com\/index.php\/producto\/spa\/#primaryimage\",\"url\":\"https:\/\/luxuryvacationscolombia.com\/wp-content\/uploads\/2024\/01\/ae769c09-abac-49c8-a1bf-54918f1bda28-1.jpg\",\"contentUrl\":\"https:\/\/luxuryvacationscolombia.com\/wp-content\/uploads\/2024\/01\/ae769c09-abac-49c8-a1bf-54918f1bda28-1.jpg\",\"width\":1048,\"height\":949},{\"@type\":\"BreadcrumbList\",\"@id\":\"https:\/\/luxuryvacationscolombia.com\/index.php\/producto\/spa\/#breadcrumb\",\"itemListElement\":[{\"@type\":\"ListItem\",\"position\":1,\"name\":\"Portada\",\"item\":\"https:\/\/luxuryvacationscolombia.com\/\"},{\"@type\":\"ListItem\",\"position\":2,\"name\":\"Experiencias\",\"item\":\"https:\/\/luxuryvacationscolombia.com\/index.php\/home\/experiencias\/\"},{\"@type\":\"ListItem\",\"position\":3,\"name\":\"SPA (Semi compartido o privado)\"}]},{\"@type\":\"WebSite\",\"@id\":\"https:\/\/luxuryvacationscolombia.com\/#website\",\"url\":\"https:\/\/luxuryvacationscolombia.com\/\",\"name\":\"Luxury Vacations &amp; Getaways in Colombia\",\"description\":\"Agencia de Viajes y Tours, las mejores experiencias en Cartagena de Indias\",\"publisher\":{\"@id\":\"https:\/\/luxuryvacationscolombia.com\/#organization\"},\"potentialAction\":[{\"@type\":\"SearchAction\",\"target\":{\"@type\":\"EntryPoint\",\"urlTemplate\":\"https:\/\/luxuryvacationscolombia.com\/?s={search_term_string}\"},\"query-input\":{\"@type\":\"PropertyValueSpecification\",\"valueRequired\":true,\"valueName\":\"search_term_string\"}}],\"inLanguage\":\"es\"},{\"@type\":\"Organization\",\"@id\":\"https:\/\/luxuryvacationscolombia.com\/#organization\",\"name\":\"Luxury Vacations &amp; Getaways in Colombia\",\"url\":\"https:\/\/luxuryvacationscolombia.com\/\",\"logo\":{\"@type\":\"ImageObject\",\"inLanguage\":\"es\",\"@id\":\"https:\/\/luxuryvacationscolombia.com\/#\/schema\/logo\/image\/\",\"url\":\"https:\/\/luxuryvacationscolombia.com\/wp-content\/uploads\/2023\/09\/Luxury-Vacations-in-Colombia-Logo-pequeno.webp\",\"contentUrl\":\"https:\/\/luxuryvacationscolombia.com\/wp-content\/uploads\/2023\/09\/Luxury-Vacations-in-Colombia-Logo-pequeno.webp\",\"width\":1500,\"height\":580,\"caption\":\"Luxury Vacations &amp; Getaways in Colombia\"},\"image\":{\"@id\":\"https:\/\/luxuryvacationscolombia.com\/#\/schema\/logo\/image\/\"}}]}<\/script>\n<!-- \/ Yoast SEO plugin. -->","yoast_head_json":{"title":"SPA (Semi compartido o privado) - Luxury Vacations &amp; Getaways in Colombia","robots":{"index":"index","follow":"follow","max-snippet":"max-snippet:-1","max-image-preview":"max-image-preview:large","max-video-preview":"max-video-preview:-1"},"canonical":"https:\/\/luxuryvacationscolombia.com\/index.php\/producto\/spa\/","og_locale":"es_ES","og_type":"article","og_title":"SPA (Semi compartido o privado) - Luxury Vacations &amp; Getaways in Colombia","og_description":"Esta experiencia de Spa y Relajaci\u00f3n te llevar\u00e1 a un lugar de paz y bienestar, donde el estr\u00e9s se desvanece y el cuerpo y la mente se renuevan y donde el enfoque principal eres t\u00fa. Des del momento en que cruzas la puerta, te sumergir\u00e1s en un oasis de tranquilidad. La suave m\u00fasica, los aromas [&hellip;]","og_url":"https:\/\/luxuryvacationscolombia.com\/index.php\/producto\/spa\/","og_site_name":"Luxury Vacations &amp; Getaways in Colombia","article_modified_time":"2025-09-03T13:49:40+00:00","og_image":[{"width":1048,"height":949,"url":"https:\/\/luxuryvacationscolombia.com\/wp-content\/uploads\/2024\/01\/ae769c09-abac-49c8-a1bf-54918f1bda28-1.jpg","type":"image\/jpeg"}],"twitter_card":"summary_large_image","twitter_misc":{"Tiempo de lectura":"1 minuto"},"schema":{"@context":"https:\/\/schema.org","@graph":[{"@type":"WebPage","@id":"https:\/\/luxuryvacationscolombia.com\/index.php\/producto\/spa\/","url":"https:\/\/luxuryvacationscolombia.com\/index.php\/producto\/spa\/","name":"SPA (Semi compartido o privado) - Luxury Vacations &amp; Getaways in Colombia","isPartOf":{"@id":"https:\/\/luxuryvacationscolombia.com\/#website"},"primaryImageOfPage":{"@id":"https:\/\/luxuryvacationscolombia.com\/index.php\/producto\/spa\/#primaryimage"},"image":{"@id":"https:\/\/luxuryvacationscolombia.com\/index.php\/producto\/spa\/#primaryimage"},"thumbnailUrl":"https:\/\/luxuryvacationscolombia.com\/wp-content\/uploads\/2024\/01\/ae769c09-abac-49c8-a1bf-54918f1bda28-1.jpg","datePublished":"2024-01-12T23:01:34+00:00","dateModified":"2025-09-03T13:49:40+00:00","breadcrumb":{"@id":"https:\/\/luxuryvacationscolombia.com\/index.php\/producto\/spa\/#breadcrumb"},"inLanguage":"es","potentialAction":[{"@type":"ReadAction","target":["https:\/\/luxuryvacationscolombia.com\/index.php\/producto\/spa\/"]}]},{"@type":"ImageObject","inLanguage":"es","@id":"https:\/\/luxuryvacationscolombia.com\/index.php\/producto\/spa\/#primaryimage","url":"https:\/\/luxuryvacationscolombia.com\/wp-content\/uploads\/2024\/01\/ae769c09-abac-49c8-a1bf-54918f1bda28-1.jpg","contentUrl":"https:\/\/luxuryvacationscolombia.com\/wp-content\/uploads\/2024\/01\/ae769c09-abac-49c8-a1bf-54918f1bda28-1.jpg","width":1048,"height":949},{"@type":"BreadcrumbList","@id":"https:\/\/luxuryvacationscolombia.com\/index.php\/producto\/spa\/#breadcrumb","itemListElement":[{"@type":"ListItem","position":1,"name":"Portada","item":"https:\/\/luxuryvacationscolombia.com\/"},{"@type":"ListItem","position":2,"name":"Experiencias","item":"https:\/\/luxuryvacationscolombia.com\/index.php\/home\/experiencias\/"},{"@type":"ListItem","position":3,"name":"SPA (Semi compartido o privado)"}]},{"@type":"WebSite","@id":"https:\/\/luxuryvacationscolombia.com\/#website","url":"https:\/\/luxuryvacationscolombia.com\/","name":"Luxury Vacations &amp; Getaways in Colombia","description":"Agencia de Viajes y Tours, las mejores experiencias en Cartagena de Indias","publisher":{"@id":"https:\/\/luxuryvacationscolombia.com\/#organization"},"potentialAction":[{"@type":"SearchAction","target":{"@type":"EntryPoint","urlTemplate":"https:\/\/luxuryvacationscolombia.com\/?s={search_term_string}"},"query-input":{"@type":"PropertyValueSpecification","valueRequired":true,"valueName":"search_term_string"}}],"inLanguage":"es"},{"@type":"Organization","@id":"https:\/\/luxuryvacationscolombia.com\/#organization","name":"Luxury Vacations &amp; Getaways in Colombia","url":"https:\/\/luxuryvacationscolombia.com\/","logo":{"@type":"ImageObject","inLanguage":"es","@id":"https:\/\/luxuryvacationscolombia.com\/#\/schema\/logo\/image\/","url":"https:\/\/luxuryvacationscolombia.com\/wp-content\/uploads\/2023\/09\/Luxury-Vacations-in-Colombia-Logo-pequeno.webp","contentUrl":"https:\/\/luxuryvacationscolombia.com\/wp-content\/uploads\/2023\/09\/Luxury-Vacations-in-Colombia-Logo-pequeno.webp","width":1500,"height":580,"caption":"Luxury Vacations &amp; Getaways in Colombia"},"image":{"@id":"https:\/\/luxuryvacationscolombia.com\/#\/schema\/logo\/image\/"}}]}},"_links":{"self":[{"href":"https:\/\/luxuryvacationscolombia.com\/index.php\/wp-json\/wp\/v2\/product\/6435","targetHints":{"allow":["GET"]}}],"collection":[{"href":"https:\/\/luxuryvacationscolombia.com\/index.php\/wp-json\/wp\/v2\/product"}],"about":[{"href":"https:\/\/luxuryvacationscolombia.com\/index.php\/wp-json\/wp\/v2\/types\/product"}],"replies":[{"embeddable":true,"href":"https:\/\/luxuryvacationscolombia.com\/index.php\/wp-json\/wp\/v2\/comments?post=6435"}],"wp:featuredmedia":[{"embeddable":true,"href":"https:\/\/luxuryvacationscolombia.com\/index.php\/wp-json\/wp\/v2\/media\/6438"}],"wp:attachment":[{"href":"https:\/\/luxuryvacationscolombia.com\/index.php\/wp-json\/wp\/v2\/media?parent=6435"}],"wp:term":[{"taxonomy":"product_brand","embeddable":true,"href":"https:\/\/luxuryvacationscolombia.com\/index.php\/wp-json\/wp\/v2\/product_brand?post=6435"},{"taxonomy":"product_cat","embeddable":true,"href":"https:\/\/luxuryvacationscolombia.com\/index.php\/wp-json\/wp\/v2\/product_cat?post=6435"},{"taxonomy":"product_tag","embeddable":true,"href":"https:\/\/luxuryvacationscolombia.com\/index.php\/wp-json\/wp\/v2\/product_tag?post=6435"}],"curies":[{"name":"wp","href":"https:\/\/api.w.org\/{rel}","templated":true}]}}