{"id":6432,"date":"2023-12-27T05:37:14","date_gmt":"2023-12-27T05:37:14","guid":{"rendered":"https:\/\/luxuryvacationscolombia.com\/?post_type=product&#038;p=6432"},"modified":"2025-04-23T17:02:57","modified_gmt":"2025-04-23T17:02:57","slug":"city-tour-100-cartagena","status":"publish","type":"product","link":"https:\/\/luxuryvacationscolombia.com\/index.php\/producto\/city-tour-100-cartagena\/","title":{"rendered":"CITY TOUR 100% CARTAGENA (Privado)"},"content":{"rendered":"<p>\u00a1Prep\u00e1rate para un recorrido \u00fanico por Cartagena de Indias! Un city tour privado a trav\u00e9s del Centro Hist\u00f3rico y los barrios m\u00e1s populares de la ciudad, guiado por un experto gu\u00eda tur\u00edstico certificado.<\/p>\n<p>Del Centro Hist\u00f3rico, donde la historia y la arquitectura colonial cobran vida. Descubrir\u00e1s monumentos hist\u00f3ricos, calles empedradas y la magia de una \u00e9poca pasada, y m\u00e1s all\u00e1 del Centro Hist\u00f3rico hacia los barrios m\u00e1s populares de Cartagena. Conocer\u00e1s la autenticidad de la vida local, explorando Getseman\u00ed y otros lugares que encarnan la diversidad y la vitalidad de la ciudad.<\/p>\n","protected":false},"excerpt":{"rendered":"<p>Explora Cartagena con un City Tour privado inolvidable<\/p>\n","protected":false},"featured_media":6880,"comment_status":"open","ping_status":"closed","template":"","meta":{"_acf_changed":false,"_monsterinsights_skip_tracking":false,"_monsterinsights_sitenote_active":false,"_monsterinsights_sitenote_note":"","_monsterinsights_sitenote_category":0,"_joinchat":[]},"product_brand":[],"product_cat":[200,219],"product_tag":[],"class_list":{"0":"post-6432","1":"product","2":"type-product","3":"status-publish","4":"has-post-thumbnail","6":"product_cat-experiencias","7":"product_cat-tours","9":"first","10":"instock","11":"sold-individually","12":"shipping-taxable","13":"purchasable","14":"product-type-booking"},"booking_location":"","booking_location_type":"","booking_duration":1,"booking_duration_unit":"day","booking_buffer":0,"booking_cost":650000,"booking_resources":[],"acf":[],"yoast_head":"<!-- This site is optimized with the Yoast SEO plugin v27.5 - https:\/\/yoast.com\/product\/yoast-seo-wordpress\/ -->\n<title>CITY TOUR 100% CARTAGENA (Privado) - Luxury Vacations &amp; Getaways in Colombia<\/title>\n<meta name=\"robots\" content=\"index, follow, max-snippet:-1, max-image-preview:large, max-video-preview:-1\" \/>\n<link rel=\"canonical\" href=\"https:\/\/luxuryvacationscolombia.com\/index.php\/producto\/city-tour-100-cartagena\/\" \/>\n<meta property=\"og:locale\" content=\"es_ES\" \/>\n<meta property=\"og:type\" content=\"article\" \/>\n<meta property=\"og:title\" content=\"CITY TOUR 100% CARTAGENA (Privado) - Luxury Vacations &amp; Getaways in Colombia\" \/>\n<meta property=\"og:description\" content=\"Explora Cartagena con un City Tour privado inolvidable\" \/>\n<meta property=\"og:url\" content=\"https:\/\/luxuryvacationscolombia.com\/index.php\/producto\/city-tour-100-cartagena\/\" \/>\n<meta property=\"og:site_name\" content=\"Luxury Vacations &amp; Getaways in Colombia\" \/>\n<meta property=\"article:modified_time\" content=\"2025-04-23T17:02:57+00:00\" \/>\n<meta property=\"og:image\" content=\"https:\/\/luxuryvacationscolombia.com\/wp-content\/uploads\/2023\/12\/PHOTO-2023-12-17-14-58-19.jpg\" \/>\n\t<meta property=\"og:image:width\" content=\"720\" \/>\n\t<meta property=\"og:image:height\" content=\"900\" \/>\n\t<meta property=\"og:image:type\" content=\"image\/jpeg\" \/>\n<meta name=\"twitter:card\" content=\"summary_large_image\" \/>\n<meta name=\"twitter:label1\" content=\"Tiempo de lectura\" \/>\n\t<meta name=\"twitter:data1\" content=\"1 minuto\" \/>\n<script type=\"application\/ld+json\" class=\"yoast-schema-graph\">{\"@context\":\"https:\\\/\\\/schema.org\",\"@graph\":[{\"@type\":\"WebPage\",\"@id\":\"https:\\\/\\\/luxuryvacationscolombia.com\\\/index.php\\\/producto\\\/city-tour-100-cartagena\\\/\",\"url\":\"https:\\\/\\\/luxuryvacationscolombia.com\\\/index.php\\\/producto\\\/city-tour-100-cartagena\\\/\",\"name\":\"CITY TOUR 100% CARTAGENA (Privado) - Luxury Vacations &amp; Getaways in Colombia\",\"isPartOf\":{\"@id\":\"https:\\\/\\\/luxuryvacationscolombia.com\\\/#website\"},\"primaryImageOfPage\":{\"@id\":\"https:\\\/\\\/luxuryvacationscolombia.com\\\/index.php\\\/producto\\\/city-tour-100-cartagena\\\/#primaryimage\"},\"image\":{\"@id\":\"https:\\\/\\\/luxuryvacationscolombia.com\\\/index.php\\\/producto\\\/city-tour-100-cartagena\\\/#primaryimage\"},\"thumbnailUrl\":\"https:\\\/\\\/luxuryvacationscolombia.com\\\/wp-content\\\/uploads\\\/2023\\\/12\\\/PHOTO-2023-12-17-14-58-19.jpg\",\"datePublished\":\"2023-12-27T05:37:14+00:00\",\"dateModified\":\"2025-04-23T17:02:57+00:00\",\"breadcrumb\":{\"@id\":\"https:\\\/\\\/luxuryvacationscolombia.com\\\/index.php\\\/producto\\\/city-tour-100-cartagena\\\/#breadcrumb\"},\"inLanguage\":\"es\",\"potentialAction\":[{\"@type\":\"ReadAction\",\"target\":[\"https:\\\/\\\/luxuryvacationscolombia.com\\\/index.php\\\/producto\\\/city-tour-100-cartagena\\\/\"]}]},{\"@type\":\"ImageObject\",\"inLanguage\":\"es\",\"@id\":\"https:\\\/\\\/luxuryvacationscolombia.com\\\/index.php\\\/producto\\\/city-tour-100-cartagena\\\/#primaryimage\",\"url\":\"https:\\\/\\\/luxuryvacationscolombia.com\\\/wp-content\\\/uploads\\\/2023\\\/12\\\/PHOTO-2023-12-17-14-58-19.jpg\",\"contentUrl\":\"https:\\\/\\\/luxuryvacationscolombia.com\\\/wp-content\\\/uploads\\\/2023\\\/12\\\/PHOTO-2023-12-17-14-58-19.jpg\",\"width\":720,\"height\":900},{\"@type\":\"BreadcrumbList\",\"@id\":\"https:\\\/\\\/luxuryvacationscolombia.com\\\/index.php\\\/producto\\\/city-tour-100-cartagena\\\/#breadcrumb\",\"itemListElement\":[{\"@type\":\"ListItem\",\"position\":1,\"name\":\"Portada\",\"item\":\"https:\\\/\\\/luxuryvacationscolombia.com\\\/\"},{\"@type\":\"ListItem\",\"position\":2,\"name\":\"Experiencias\",\"item\":\"https:\\\/\\\/luxuryvacationscolombia.com\\\/index.php\\\/home\\\/experiencias\\\/\"},{\"@type\":\"ListItem\",\"position\":3,\"name\":\"CITY TOUR 100% CARTAGENA (Privado)\"}]},{\"@type\":\"WebSite\",\"@id\":\"https:\\\/\\\/luxuryvacationscolombia.com\\\/#website\",\"url\":\"https:\\\/\\\/luxuryvacationscolombia.com\\\/\",\"name\":\"Luxury Vacations &amp; Getaways in Colombia\",\"description\":\"Agencia de Viajes y Tours, las mejores experiencias en Cartagena de Indias\",\"publisher\":{\"@id\":\"https:\\\/\\\/luxuryvacationscolombia.com\\\/#organization\"},\"potentialAction\":[{\"@type\":\"SearchAction\",\"target\":{\"@type\":\"EntryPoint\",\"urlTemplate\":\"https:\\\/\\\/luxuryvacationscolombia.com\\\/?s={search_term_string}\"},\"query-input\":{\"@type\":\"PropertyValueSpecification\",\"valueRequired\":true,\"valueName\":\"search_term_string\"}}],\"inLanguage\":\"es\"},{\"@type\":\"Organization\",\"@id\":\"https:\\\/\\\/luxuryvacationscolombia.com\\\/#organization\",\"name\":\"Luxury Vacations &amp; Getaways in Colombia\",\"url\":\"https:\\\/\\\/luxuryvacationscolombia.com\\\/\",\"logo\":{\"@type\":\"ImageObject\",\"inLanguage\":\"es\",\"@id\":\"https:\\\/\\\/luxuryvacationscolombia.com\\\/#\\\/schema\\\/logo\\\/image\\\/\",\"url\":\"https:\\\/\\\/luxuryvacationscolombia.com\\\/wp-content\\\/uploads\\\/2023\\\/09\\\/Luxury-Vacations-in-Colombia-Logo-pequeno.webp\",\"contentUrl\":\"https:\\\/\\\/luxuryvacationscolombia.com\\\/wp-content\\\/uploads\\\/2023\\\/09\\\/Luxury-Vacations-in-Colombia-Logo-pequeno.webp\",\"width\":1500,\"height\":580,\"caption\":\"Luxury Vacations &amp; Getaways in Colombia\"},\"image\":{\"@id\":\"https:\\\/\\\/luxuryvacationscolombia.com\\\/#\\\/schema\\\/logo\\\/image\\\/\"}}]}<\/script>\n<!-- \/ Yoast SEO plugin. -->","yoast_head_json":{"title":"CITY TOUR 100% CARTAGENA (Privado) - Luxury Vacations &amp; Getaways in Colombia","robots":{"index":"index","follow":"follow","max-snippet":"max-snippet:-1","max-image-preview":"max-image-preview:large","max-video-preview":"max-video-preview:-1"},"canonical":"https:\/\/luxuryvacationscolombia.com\/index.php\/producto\/city-tour-100-cartagena\/","og_locale":"es_ES","og_type":"article","og_title":"CITY TOUR 100% CARTAGENA (Privado) - Luxury Vacations &amp; Getaways in Colombia","og_description":"Explora Cartagena con un City Tour privado inolvidable","og_url":"https:\/\/luxuryvacationscolombia.com\/index.php\/producto\/city-tour-100-cartagena\/","og_site_name":"Luxury Vacations &amp; Getaways in Colombia","article_modified_time":"2025-04-23T17:02:57+00:00","og_image":[{"width":720,"height":900,"url":"https:\/\/luxuryvacationscolombia.com\/wp-content\/uploads\/2023\/12\/PHOTO-2023-12-17-14-58-19.jpg","type":"image\/jpeg"}],"twitter_card":"summary_large_image","twitter_misc":{"Tiempo de lectura":"1 minuto"},"schema":{"@context":"https:\/\/schema.org","@graph":[{"@type":"WebPage","@id":"https:\/\/luxuryvacationscolombia.com\/index.php\/producto\/city-tour-100-cartagena\/","url":"https:\/\/luxuryvacationscolombia.com\/index.php\/producto\/city-tour-100-cartagena\/","name":"CITY TOUR 100% CARTAGENA (Privado) - Luxury Vacations &amp; Getaways in Colombia","isPartOf":{"@id":"https:\/\/luxuryvacationscolombia.com\/#website"},"primaryImageOfPage":{"@id":"https:\/\/luxuryvacationscolombia.com\/index.php\/producto\/city-tour-100-cartagena\/#primaryimage"},"image":{"@id":"https:\/\/luxuryvacationscolombia.com\/index.php\/producto\/city-tour-100-cartagena\/#primaryimage"},"thumbnailUrl":"https:\/\/luxuryvacationscolombia.com\/wp-content\/uploads\/2023\/12\/PHOTO-2023-12-17-14-58-19.jpg","datePublished":"2023-12-27T05:37:14+00:00","dateModified":"2025-04-23T17:02:57+00:00","breadcrumb":{"@id":"https:\/\/luxuryvacationscolombia.com\/index.php\/producto\/city-tour-100-cartagena\/#breadcrumb"},"inLanguage":"es","potentialAction":[{"@type":"ReadAction","target":["https:\/\/luxuryvacationscolombia.com\/index.php\/producto\/city-tour-100-cartagena\/"]}]},{"@type":"ImageObject","inLanguage":"es","@id":"https:\/\/luxuryvacationscolombia.com\/index.php\/producto\/city-tour-100-cartagena\/#primaryimage","url":"https:\/\/luxuryvacationscolombia.com\/wp-content\/uploads\/2023\/12\/PHOTO-2023-12-17-14-58-19.jpg","contentUrl":"https:\/\/luxuryvacationscolombia.com\/wp-content\/uploads\/2023\/12\/PHOTO-2023-12-17-14-58-19.jpg","width":720,"height":900},{"@type":"BreadcrumbList","@id":"https:\/\/luxuryvacationscolombia.com\/index.php\/producto\/city-tour-100-cartagena\/#breadcrumb","itemListElement":[{"@type":"ListItem","position":1,"name":"Portada","item":"https:\/\/luxuryvacationscolombia.com\/"},{"@type":"ListItem","position":2,"name":"Experiencias","item":"https:\/\/luxuryvacationscolombia.com\/index.php\/home\/experiencias\/"},{"@type":"ListItem","position":3,"name":"CITY TOUR 100% CARTAGENA (Privado)"}]},{"@type":"WebSite","@id":"https:\/\/luxuryvacationscolombia.com\/#website","url":"https:\/\/luxuryvacationscolombia.com\/","name":"Luxury Vacations &amp; Getaways in Colombia","description":"Agencia de Viajes y Tours, las mejores experiencias en Cartagena de Indias","publisher":{"@id":"https:\/\/luxuryvacationscolombia.com\/#organization"},"potentialAction":[{"@type":"SearchAction","target":{"@type":"EntryPoint","urlTemplate":"https:\/\/luxuryvacationscolombia.com\/?s={search_term_string}"},"query-input":{"@type":"PropertyValueSpecification","valueRequired":true,"valueName":"search_term_string"}}],"inLanguage":"es"},{"@type":"Organization","@id":"https:\/\/luxuryvacationscolombia.com\/#organization","name":"Luxury Vacations &amp; Getaways in Colombia","url":"https:\/\/luxuryvacationscolombia.com\/","logo":{"@type":"ImageObject","inLanguage":"es","@id":"https:\/\/luxuryvacationscolombia.com\/#\/schema\/logo\/image\/","url":"https:\/\/luxuryvacationscolombia.com\/wp-content\/uploads\/2023\/09\/Luxury-Vacations-in-Colombia-Logo-pequeno.webp","contentUrl":"https:\/\/luxuryvacationscolombia.com\/wp-content\/uploads\/2023\/09\/Luxury-Vacations-in-Colombia-Logo-pequeno.webp","width":1500,"height":580,"caption":"Luxury Vacations &amp; Getaways in Colombia"},"image":{"@id":"https:\/\/luxuryvacationscolombia.com\/#\/schema\/logo\/image\/"}}]}},"_links":{"self":[{"href":"https:\/\/luxuryvacationscolombia.com\/index.php\/wp-json\/wp\/v2\/product\/6432","targetHints":{"allow":["GET"]}}],"collection":[{"href":"https:\/\/luxuryvacationscolombia.com\/index.php\/wp-json\/wp\/v2\/product"}],"about":[{"href":"https:\/\/luxuryvacationscolombia.com\/index.php\/wp-json\/wp\/v2\/types\/product"}],"replies":[{"embeddable":true,"href":"https:\/\/luxuryvacationscolombia.com\/index.php\/wp-json\/wp\/v2\/comments?post=6432"}],"wp:featuredmedia":[{"embeddable":true,"href":"https:\/\/luxuryvacationscolombia.com\/index.php\/wp-json\/wp\/v2\/media\/6880"}],"wp:attachment":[{"href":"https:\/\/luxuryvacationscolombia.com\/index.php\/wp-json\/wp\/v2\/media?parent=6432"}],"wp:term":[{"taxonomy":"product_brand","embeddable":true,"href":"https:\/\/luxuryvacationscolombia.com\/index.php\/wp-json\/wp\/v2\/product_brand?post=6432"},{"taxonomy":"product_cat","embeddable":true,"href":"https:\/\/luxuryvacationscolombia.com\/index.php\/wp-json\/wp\/v2\/product_cat?post=6432"},{"taxonomy":"product_tag","embeddable":true,"href":"https:\/\/luxuryvacationscolombia.com\/index.php\/wp-json\/wp\/v2\/product_tag?post=6432"}],"curies":[{"name":"wp","href":"https:\/\/api.w.org\/{rel}","templated":true}]}}