{"id":5759,"date":"2023-09-29T15:16:00","date_gmt":"2023-09-29T15:16:00","guid":{"rendered":"https:\/\/luxuryvacationscolombia.com\/?post_type=product&#038;p=5759"},"modified":"2025-04-02T22:59:35","modified_gmt":"2025-04-02T22:59:35","slug":"pasadia-navegando-por-las-islas-en-fascinante-catamaran","status":"publish","type":"product","link":"https:\/\/luxuryvacationscolombia.com\/index.php\/producto\/pasadia-navegando-por-las-islas-en-fascinante-catamaran\/","title":{"rendered":"PASEO POR LAS ISLAS EN CATAMARAN (Compartido)"},"content":{"rendered":"<p>Emocionante paseo por las Islas del Rosario a bordo de un espacioso catamar\u00e1n dise\u00f1ado para ofrecer comodidad y bienestar mientras navegamos por las costas m\u00e1s hermosas del Mar Caribe.<\/p>\n<p>Con gran espacio para moverte con libertad y comodidad. Disfruta de las amplias \u00e1reas de descanso y rel\u00e1jate mientras te deleitas con las vistas panor\u00e1micas de las islas y el mar.<\/p>\n<p>La primera parada nos lleva a Isla Grande, ubicada cerca del arrecife, donde tendr\u00e1s una hora y media para nadar y hacer snorkel en aguas cristalinas. Descubre la riqueza de la vida marina y d\u00e9jate sorprender por la belleza de los corales y los peces tropicales.<\/p>\n<p>La segunda parada es en Punta Gigante, un rinc\u00f3n de aguas turquesas y mar seguro y tranquilo. Sum\u00e9rgete en las refrescantes aguas y rel\u00e1jate en la playa mientras disfrutas de la serenidad del Caribe.<\/p>\n<p>&nbsp;<\/p>\n<p>&nbsp;<\/p>\n","protected":false},"excerpt":{"rendered":"<p>Explora las maravillosas Islas del Rosario en Catamar\u00e1n<\/p>\n","protected":false},"featured_media":6407,"comment_status":"closed","ping_status":"closed","template":"","meta":{"_acf_changed":false,"_monsterinsights_skip_tracking":false,"_monsterinsights_sitenote_active":false,"_monsterinsights_sitenote_note":"","_monsterinsights_sitenote_category":0,"_joinchat":[]},"product_brand":[],"product_cat":[200,113,219],"product_tag":[210],"class_list":{"0":"post-5759","1":"product","2":"type-product","3":"status-publish","4":"has-post-thumbnail","6":"product_cat-experiencias","7":"product_cat-pasadia","8":"product_cat-tours","9":"product_tag-cartagena-de-indias","11":"first","12":"instock","13":"sold-individually","14":"shipping-taxable","15":"purchasable","16":"product-type-booking"},"booking_location":"","booking_location_type":"","booking_duration":1,"booking_duration_unit":"day","booking_buffer":0,"booking_cost":380000,"booking_resources":[],"acf":[],"yoast_head":"<!-- This site is optimized with the Yoast SEO plugin v27.5 - https:\/\/yoast.com\/product\/yoast-seo-wordpress\/ -->\n<title>PASEO POR LAS ISLAS EN CATAMARAN (Compartido) - Luxury Vacations &amp; Getaways in Colombia<\/title>\n<meta name=\"robots\" content=\"index, follow, max-snippet:-1, max-image-preview:large, max-video-preview:-1\" \/>\n<link rel=\"canonical\" href=\"https:\/\/luxuryvacationscolombia.com\/index.php\/producto\/pasadia-navegando-por-las-islas-en-fascinante-catamaran\/\" \/>\n<meta property=\"og:locale\" content=\"es_ES\" \/>\n<meta property=\"og:type\" content=\"article\" \/>\n<meta property=\"og:title\" content=\"PASEO POR LAS ISLAS EN CATAMARAN (Compartido) - Luxury Vacations &amp; Getaways in Colombia\" \/>\n<meta property=\"og:description\" content=\"Explora las maravillosas Islas del Rosario en Catamar\u00e1n\" \/>\n<meta property=\"og:url\" content=\"https:\/\/luxuryvacationscolombia.com\/index.php\/producto\/pasadia-navegando-por-las-islas-en-fascinante-catamaran\/\" \/>\n<meta property=\"og:site_name\" content=\"Luxury Vacations &amp; Getaways in Colombia\" \/>\n<meta property=\"article:modified_time\" content=\"2025-04-02T22:59:35+00:00\" \/>\n<meta property=\"og:image\" content=\"https:\/\/luxuryvacationscolombia.com\/wp-content\/uploads\/2023\/09\/IMG_7086.jpg\" \/>\n\t<meta property=\"og:image:width\" content=\"1169\" \/>\n\t<meta property=\"og:image:height\" content=\"1576\" \/>\n\t<meta property=\"og:image:type\" content=\"image\/jpeg\" \/>\n<meta name=\"twitter:card\" content=\"summary_large_image\" \/>\n<meta name=\"twitter:label1\" content=\"Tiempo de lectura\" \/>\n\t<meta name=\"twitter:data1\" content=\"1 minuto\" \/>\n<script type=\"application\/ld+json\" class=\"yoast-schema-graph\">{\"@context\":\"https:\\\/\\\/schema.org\",\"@graph\":[{\"@type\":\"WebPage\",\"@id\":\"https:\\\/\\\/luxuryvacationscolombia.com\\\/index.php\\\/producto\\\/pasadia-navegando-por-las-islas-en-fascinante-catamaran\\\/\",\"url\":\"https:\\\/\\\/luxuryvacationscolombia.com\\\/index.php\\\/producto\\\/pasadia-navegando-por-las-islas-en-fascinante-catamaran\\\/\",\"name\":\"PASEO POR LAS ISLAS EN CATAMARAN (Compartido) - Luxury Vacations &amp; Getaways in Colombia\",\"isPartOf\":{\"@id\":\"https:\\\/\\\/luxuryvacationscolombia.com\\\/#website\"},\"primaryImageOfPage\":{\"@id\":\"https:\\\/\\\/luxuryvacationscolombia.com\\\/index.php\\\/producto\\\/pasadia-navegando-por-las-islas-en-fascinante-catamaran\\\/#primaryimage\"},\"image\":{\"@id\":\"https:\\\/\\\/luxuryvacationscolombia.com\\\/index.php\\\/producto\\\/pasadia-navegando-por-las-islas-en-fascinante-catamaran\\\/#primaryimage\"},\"thumbnailUrl\":\"https:\\\/\\\/luxuryvacationscolombia.com\\\/wp-content\\\/uploads\\\/2023\\\/09\\\/IMG_7086.jpg\",\"datePublished\":\"2023-09-29T15:16:00+00:00\",\"dateModified\":\"2025-04-02T22:59:35+00:00\",\"breadcrumb\":{\"@id\":\"https:\\\/\\\/luxuryvacationscolombia.com\\\/index.php\\\/producto\\\/pasadia-navegando-por-las-islas-en-fascinante-catamaran\\\/#breadcrumb\"},\"inLanguage\":\"es\",\"potentialAction\":[{\"@type\":\"ReadAction\",\"target\":[\"https:\\\/\\\/luxuryvacationscolombia.com\\\/index.php\\\/producto\\\/pasadia-navegando-por-las-islas-en-fascinante-catamaran\\\/\"]}]},{\"@type\":\"ImageObject\",\"inLanguage\":\"es\",\"@id\":\"https:\\\/\\\/luxuryvacationscolombia.com\\\/index.php\\\/producto\\\/pasadia-navegando-por-las-islas-en-fascinante-catamaran\\\/#primaryimage\",\"url\":\"https:\\\/\\\/luxuryvacationscolombia.com\\\/wp-content\\\/uploads\\\/2023\\\/09\\\/IMG_7086.jpg\",\"contentUrl\":\"https:\\\/\\\/luxuryvacationscolombia.com\\\/wp-content\\\/uploads\\\/2023\\\/09\\\/IMG_7086.jpg\",\"width\":1169,\"height\":1576},{\"@type\":\"BreadcrumbList\",\"@id\":\"https:\\\/\\\/luxuryvacationscolombia.com\\\/index.php\\\/producto\\\/pasadia-navegando-por-las-islas-en-fascinante-catamaran\\\/#breadcrumb\",\"itemListElement\":[{\"@type\":\"ListItem\",\"position\":1,\"name\":\"Portada\",\"item\":\"https:\\\/\\\/luxuryvacationscolombia.com\\\/\"},{\"@type\":\"ListItem\",\"position\":2,\"name\":\"Experiencias\",\"item\":\"https:\\\/\\\/luxuryvacationscolombia.com\\\/index.php\\\/home\\\/experiencias\\\/\"},{\"@type\":\"ListItem\",\"position\":3,\"name\":\"PASEO POR LAS ISLAS EN CATAMARAN (Compartido)\"}]},{\"@type\":\"WebSite\",\"@id\":\"https:\\\/\\\/luxuryvacationscolombia.com\\\/#website\",\"url\":\"https:\\\/\\\/luxuryvacationscolombia.com\\\/\",\"name\":\"Luxury Vacations &amp; Getaways in Colombia\",\"description\":\"Agencia de Viajes y Tours, las mejores experiencias en Cartagena de Indias\",\"publisher\":{\"@id\":\"https:\\\/\\\/luxuryvacationscolombia.com\\\/#organization\"},\"potentialAction\":[{\"@type\":\"SearchAction\",\"target\":{\"@type\":\"EntryPoint\",\"urlTemplate\":\"https:\\\/\\\/luxuryvacationscolombia.com\\\/?s={search_term_string}\"},\"query-input\":{\"@type\":\"PropertyValueSpecification\",\"valueRequired\":true,\"valueName\":\"search_term_string\"}}],\"inLanguage\":\"es\"},{\"@type\":\"Organization\",\"@id\":\"https:\\\/\\\/luxuryvacationscolombia.com\\\/#organization\",\"name\":\"Luxury Vacations &amp; Getaways in Colombia\",\"url\":\"https:\\\/\\\/luxuryvacationscolombia.com\\\/\",\"logo\":{\"@type\":\"ImageObject\",\"inLanguage\":\"es\",\"@id\":\"https:\\\/\\\/luxuryvacationscolombia.com\\\/#\\\/schema\\\/logo\\\/image\\\/\",\"url\":\"https:\\\/\\\/luxuryvacationscolombia.com\\\/wp-content\\\/uploads\\\/2023\\\/09\\\/Luxury-Vacations-in-Colombia-Logo-pequeno.webp\",\"contentUrl\":\"https:\\\/\\\/luxuryvacationscolombia.com\\\/wp-content\\\/uploads\\\/2023\\\/09\\\/Luxury-Vacations-in-Colombia-Logo-pequeno.webp\",\"width\":1500,\"height\":580,\"caption\":\"Luxury Vacations &amp; Getaways in Colombia\"},\"image\":{\"@id\":\"https:\\\/\\\/luxuryvacationscolombia.com\\\/#\\\/schema\\\/logo\\\/image\\\/\"}}]}<\/script>\n<!-- \/ Yoast SEO plugin. -->","yoast_head_json":{"title":"PASEO POR LAS ISLAS EN CATAMARAN (Compartido) - Luxury Vacations &amp; Getaways in Colombia","robots":{"index":"index","follow":"follow","max-snippet":"max-snippet:-1","max-image-preview":"max-image-preview:large","max-video-preview":"max-video-preview:-1"},"canonical":"https:\/\/luxuryvacationscolombia.com\/index.php\/producto\/pasadia-navegando-por-las-islas-en-fascinante-catamaran\/","og_locale":"es_ES","og_type":"article","og_title":"PASEO POR LAS ISLAS EN CATAMARAN (Compartido) - Luxury Vacations &amp; Getaways in Colombia","og_description":"Explora las maravillosas Islas del Rosario en Catamar\u00e1n","og_url":"https:\/\/luxuryvacationscolombia.com\/index.php\/producto\/pasadia-navegando-por-las-islas-en-fascinante-catamaran\/","og_site_name":"Luxury Vacations &amp; Getaways in Colombia","article_modified_time":"2025-04-02T22:59:35+00:00","og_image":[{"width":1169,"height":1576,"url":"https:\/\/luxuryvacationscolombia.com\/wp-content\/uploads\/2023\/09\/IMG_7086.jpg","type":"image\/jpeg"}],"twitter_card":"summary_large_image","twitter_misc":{"Tiempo de lectura":"1 minuto"},"schema":{"@context":"https:\/\/schema.org","@graph":[{"@type":"WebPage","@id":"https:\/\/luxuryvacationscolombia.com\/index.php\/producto\/pasadia-navegando-por-las-islas-en-fascinante-catamaran\/","url":"https:\/\/luxuryvacationscolombia.com\/index.php\/producto\/pasadia-navegando-por-las-islas-en-fascinante-catamaran\/","name":"PASEO POR LAS ISLAS EN CATAMARAN (Compartido) - Luxury Vacations &amp; Getaways in Colombia","isPartOf":{"@id":"https:\/\/luxuryvacationscolombia.com\/#website"},"primaryImageOfPage":{"@id":"https:\/\/luxuryvacationscolombia.com\/index.php\/producto\/pasadia-navegando-por-las-islas-en-fascinante-catamaran\/#primaryimage"},"image":{"@id":"https:\/\/luxuryvacationscolombia.com\/index.php\/producto\/pasadia-navegando-por-las-islas-en-fascinante-catamaran\/#primaryimage"},"thumbnailUrl":"https:\/\/luxuryvacationscolombia.com\/wp-content\/uploads\/2023\/09\/IMG_7086.jpg","datePublished":"2023-09-29T15:16:00+00:00","dateModified":"2025-04-02T22:59:35+00:00","breadcrumb":{"@id":"https:\/\/luxuryvacationscolombia.com\/index.php\/producto\/pasadia-navegando-por-las-islas-en-fascinante-catamaran\/#breadcrumb"},"inLanguage":"es","potentialAction":[{"@type":"ReadAction","target":["https:\/\/luxuryvacationscolombia.com\/index.php\/producto\/pasadia-navegando-por-las-islas-en-fascinante-catamaran\/"]}]},{"@type":"ImageObject","inLanguage":"es","@id":"https:\/\/luxuryvacationscolombia.com\/index.php\/producto\/pasadia-navegando-por-las-islas-en-fascinante-catamaran\/#primaryimage","url":"https:\/\/luxuryvacationscolombia.com\/wp-content\/uploads\/2023\/09\/IMG_7086.jpg","contentUrl":"https:\/\/luxuryvacationscolombia.com\/wp-content\/uploads\/2023\/09\/IMG_7086.jpg","width":1169,"height":1576},{"@type":"BreadcrumbList","@id":"https:\/\/luxuryvacationscolombia.com\/index.php\/producto\/pasadia-navegando-por-las-islas-en-fascinante-catamaran\/#breadcrumb","itemListElement":[{"@type":"ListItem","position":1,"name":"Portada","item":"https:\/\/luxuryvacationscolombia.com\/"},{"@type":"ListItem","position":2,"name":"Experiencias","item":"https:\/\/luxuryvacationscolombia.com\/index.php\/home\/experiencias\/"},{"@type":"ListItem","position":3,"name":"PASEO POR LAS ISLAS EN CATAMARAN (Compartido)"}]},{"@type":"WebSite","@id":"https:\/\/luxuryvacationscolombia.com\/#website","url":"https:\/\/luxuryvacationscolombia.com\/","name":"Luxury Vacations &amp; Getaways in Colombia","description":"Agencia de Viajes y Tours, las mejores experiencias en Cartagena de Indias","publisher":{"@id":"https:\/\/luxuryvacationscolombia.com\/#organization"},"potentialAction":[{"@type":"SearchAction","target":{"@type":"EntryPoint","urlTemplate":"https:\/\/luxuryvacationscolombia.com\/?s={search_term_string}"},"query-input":{"@type":"PropertyValueSpecification","valueRequired":true,"valueName":"search_term_string"}}],"inLanguage":"es"},{"@type":"Organization","@id":"https:\/\/luxuryvacationscolombia.com\/#organization","name":"Luxury Vacations &amp; Getaways in Colombia","url":"https:\/\/luxuryvacationscolombia.com\/","logo":{"@type":"ImageObject","inLanguage":"es","@id":"https:\/\/luxuryvacationscolombia.com\/#\/schema\/logo\/image\/","url":"https:\/\/luxuryvacationscolombia.com\/wp-content\/uploads\/2023\/09\/Luxury-Vacations-in-Colombia-Logo-pequeno.webp","contentUrl":"https:\/\/luxuryvacationscolombia.com\/wp-content\/uploads\/2023\/09\/Luxury-Vacations-in-Colombia-Logo-pequeno.webp","width":1500,"height":580,"caption":"Luxury Vacations &amp; Getaways in Colombia"},"image":{"@id":"https:\/\/luxuryvacationscolombia.com\/#\/schema\/logo\/image\/"}}]}},"_links":{"self":[{"href":"https:\/\/luxuryvacationscolombia.com\/index.php\/wp-json\/wp\/v2\/product\/5759","targetHints":{"allow":["GET"]}}],"collection":[{"href":"https:\/\/luxuryvacationscolombia.com\/index.php\/wp-json\/wp\/v2\/product"}],"about":[{"href":"https:\/\/luxuryvacationscolombia.com\/index.php\/wp-json\/wp\/v2\/types\/product"}],"replies":[{"embeddable":true,"href":"https:\/\/luxuryvacationscolombia.com\/index.php\/wp-json\/wp\/v2\/comments?post=5759"}],"wp:featuredmedia":[{"embeddable":true,"href":"https:\/\/luxuryvacationscolombia.com\/index.php\/wp-json\/wp\/v2\/media\/6407"}],"wp:attachment":[{"href":"https:\/\/luxuryvacationscolombia.com\/index.php\/wp-json\/wp\/v2\/media?parent=5759"}],"wp:term":[{"taxonomy":"product_brand","embeddable":true,"href":"https:\/\/luxuryvacationscolombia.com\/index.php\/wp-json\/wp\/v2\/product_brand?post=5759"},{"taxonomy":"product_cat","embeddable":true,"href":"https:\/\/luxuryvacationscolombia.com\/index.php\/wp-json\/wp\/v2\/product_cat?post=5759"},{"taxonomy":"product_tag","embeddable":true,"href":"https:\/\/luxuryvacationscolombia.com\/index.php\/wp-json\/wp\/v2\/product_tag?post=5759"}],"curies":[{"name":"wp","href":"https:\/\/api.w.org\/{rel}","templated":true}]}}