{"id":5714,"date":"2023-09-28T22:05:20","date_gmt":"2023-09-28T22:05:20","guid":{"rendered":"https:\/\/luxuryvacationscolombia.com\/?post_type=product&#038;p=5714"},"modified":"2024-05-10T13:35:45","modified_gmt":"2024-05-10T13:35:45","slug":"plancton-luminoso","status":"publish","type":"product","link":"https:\/\/luxuryvacationscolombia.com\/index.php\/producto\/plancton-luminoso\/","title":{"rendered":"AVISTAMIENTO DE PLANCTON LUMINOSO Y CENA (Privado)"},"content":{"rendered":"<p>\u00bfListo para una experiencia \u00fanica bajo las estrellas?<\/p>\n<p>\u00danete a nosotros en un apasionante tour de plancton luminoso en la hermosa isla de Bar\u00fa, a s\u00f3lo una hora y media de Cartagena en veh\u00edculo climatizado.<\/p>\n<p>Llegando a Bar\u00fa el gu\u00eda local te dar\u00e1 la bienvenida en Villa Bonga donde disfrutar\u00e1s de una cena t\u00edpica que te sumergir\u00e1 en los sabores aut\u00e9nticos de la regi\u00f3n.<\/p>\n<p>Despu\u00e9s se toma una lancha des del muelle para realizar un tour de plancton en la Ci\u00e9naga de Pelao, una ubicaci\u00f3n perfecta para presenciar el m\u00e1gico fen\u00f3meno del plancton luminoso. A las 7pm se inicia con una charla t\u00e9cnica para prepararte para la experiencia \u00fanica que te espera. Luego, te sumergir\u00e1s en las aguas oscuras para disfrutar de la deslumbrante observaci\u00f3n del plancton luminoso, un espect\u00e1culo natural que te dejar\u00e1 asombrado.<\/p>\n<p>Durante el tour, aprender\u00e1s sobre la importancia de estos diminutos seres en el ecosistema acu\u00e1tico y c\u00f3mo contribuyen al equilibrio de la vida marina.<\/p>\n<p>Una experiencia educativa y fascinante.<\/p>\n","protected":false},"excerpt":{"rendered":"<p>\u00a1Ven y s\u00e9 testigo de la magia del plancton luminoso!<\/p>\n","protected":false},"featured_media":5739,"comment_status":"closed","ping_status":"closed","template":"","meta":{"_acf_changed":false,"_monsterinsights_skip_tracking":false,"_monsterinsights_sitenote_active":false,"_monsterinsights_sitenote_note":"","_monsterinsights_sitenote_category":0,"_joinchat":[]},"product_brand":[],"product_cat":[200,221,219],"product_tag":[204],"class_list":{"0":"post-5714","1":"product","2":"type-product","3":"status-publish","4":"has-post-thumbnail","6":"product_cat-experiencias","7":"product_cat-flora-y-fauna-experiencias","8":"product_cat-tours","9":"product_tag-baru","11":"first","12":"instock","13":"virtual","14":"sold-individually","15":"purchasable","16":"product-type-booking"},"booking_location":"","booking_location_type":"","booking_duration":1,"booking_duration_unit":"day","booking_buffer":0,"booking_cost":280000,"booking_resources":[],"acf":[],"yoast_head":"<!-- This site is optimized with the Yoast SEO plugin v27.5 - https:\/\/yoast.com\/product\/yoast-seo-wordpress\/ -->\n<title>AVISTAMIENTO DE PLANCTON LUMINOSO Y CENA (Privado) - Luxury Vacations &amp; Getaways in Colombia<\/title>\n<meta name=\"robots\" content=\"index, follow, max-snippet:-1, max-image-preview:large, max-video-preview:-1\" \/>\n<link rel=\"canonical\" href=\"https:\/\/luxuryvacationscolombia.com\/index.php\/producto\/plancton-luminoso\/\" \/>\n<meta property=\"og:locale\" content=\"es_ES\" \/>\n<meta property=\"og:type\" content=\"article\" \/>\n<meta property=\"og:title\" content=\"AVISTAMIENTO DE PLANCTON LUMINOSO Y CENA (Privado) - Luxury Vacations &amp; Getaways in Colombia\" \/>\n<meta property=\"og:description\" content=\"\u00a1Ven y s\u00e9 testigo de la magia del plancton luminoso!\" \/>\n<meta property=\"og:url\" content=\"https:\/\/luxuryvacationscolombia.com\/index.php\/producto\/plancton-luminoso\/\" \/>\n<meta property=\"og:site_name\" content=\"Luxury Vacations &amp; Getaways in Colombia\" \/>\n<meta property=\"article:modified_time\" content=\"2024-05-10T13:35:45+00:00\" \/>\n<meta property=\"og:image\" content=\"https:\/\/luxuryvacationscolombia.com\/wp-content\/uploads\/2023\/09\/Plancton.jpg\" \/>\n\t<meta property=\"og:image:width\" content=\"1280\" \/>\n\t<meta property=\"og:image:height\" content=\"854\" \/>\n\t<meta property=\"og:image:type\" content=\"image\/jpeg\" \/>\n<meta name=\"twitter:card\" content=\"summary_large_image\" \/>\n<meta name=\"twitter:label1\" content=\"Tiempo de lectura\" \/>\n\t<meta name=\"twitter:data1\" content=\"1 minuto\" \/>\n<script type=\"application\/ld+json\" class=\"yoast-schema-graph\">{\"@context\":\"https:\\\/\\\/schema.org\",\"@graph\":[{\"@type\":\"WebPage\",\"@id\":\"https:\\\/\\\/luxuryvacationscolombia.com\\\/index.php\\\/producto\\\/plancton-luminoso\\\/\",\"url\":\"https:\\\/\\\/luxuryvacationscolombia.com\\\/index.php\\\/producto\\\/plancton-luminoso\\\/\",\"name\":\"AVISTAMIENTO DE PLANCTON LUMINOSO Y CENA (Privado) - Luxury Vacations &amp; Getaways in Colombia\",\"isPartOf\":{\"@id\":\"https:\\\/\\\/luxuryvacationscolombia.com\\\/#website\"},\"primaryImageOfPage\":{\"@id\":\"https:\\\/\\\/luxuryvacationscolombia.com\\\/index.php\\\/producto\\\/plancton-luminoso\\\/#primaryimage\"},\"image\":{\"@id\":\"https:\\\/\\\/luxuryvacationscolombia.com\\\/index.php\\\/producto\\\/plancton-luminoso\\\/#primaryimage\"},\"thumbnailUrl\":\"https:\\\/\\\/luxuryvacationscolombia.com\\\/wp-content\\\/uploads\\\/2023\\\/09\\\/Plancton.jpg\",\"datePublished\":\"2023-09-28T22:05:20+00:00\",\"dateModified\":\"2024-05-10T13:35:45+00:00\",\"breadcrumb\":{\"@id\":\"https:\\\/\\\/luxuryvacationscolombia.com\\\/index.php\\\/producto\\\/plancton-luminoso\\\/#breadcrumb\"},\"inLanguage\":\"es\",\"potentialAction\":[{\"@type\":\"ReadAction\",\"target\":[\"https:\\\/\\\/luxuryvacationscolombia.com\\\/index.php\\\/producto\\\/plancton-luminoso\\\/\"]}]},{\"@type\":\"ImageObject\",\"inLanguage\":\"es\",\"@id\":\"https:\\\/\\\/luxuryvacationscolombia.com\\\/index.php\\\/producto\\\/plancton-luminoso\\\/#primaryimage\",\"url\":\"https:\\\/\\\/luxuryvacationscolombia.com\\\/wp-content\\\/uploads\\\/2023\\\/09\\\/Plancton.jpg\",\"contentUrl\":\"https:\\\/\\\/luxuryvacationscolombia.com\\\/wp-content\\\/uploads\\\/2023\\\/09\\\/Plancton.jpg\",\"width\":1280,\"height\":854},{\"@type\":\"BreadcrumbList\",\"@id\":\"https:\\\/\\\/luxuryvacationscolombia.com\\\/index.php\\\/producto\\\/plancton-luminoso\\\/#breadcrumb\",\"itemListElement\":[{\"@type\":\"ListItem\",\"position\":1,\"name\":\"Portada\",\"item\":\"https:\\\/\\\/luxuryvacationscolombia.com\\\/\"},{\"@type\":\"ListItem\",\"position\":2,\"name\":\"Experiencias\",\"item\":\"https:\\\/\\\/luxuryvacationscolombia.com\\\/index.php\\\/home\\\/experiencias\\\/\"},{\"@type\":\"ListItem\",\"position\":3,\"name\":\"AVISTAMIENTO DE PLANCTON LUMINOSO Y CENA (Privado)\"}]},{\"@type\":\"WebSite\",\"@id\":\"https:\\\/\\\/luxuryvacationscolombia.com\\\/#website\",\"url\":\"https:\\\/\\\/luxuryvacationscolombia.com\\\/\",\"name\":\"Luxury Vacations &amp; Getaways in Colombia\",\"description\":\"Agencia de Viajes y Tours, las mejores experiencias en Cartagena de Indias\",\"publisher\":{\"@id\":\"https:\\\/\\\/luxuryvacationscolombia.com\\\/#organization\"},\"potentialAction\":[{\"@type\":\"SearchAction\",\"target\":{\"@type\":\"EntryPoint\",\"urlTemplate\":\"https:\\\/\\\/luxuryvacationscolombia.com\\\/?s={search_term_string}\"},\"query-input\":{\"@type\":\"PropertyValueSpecification\",\"valueRequired\":true,\"valueName\":\"search_term_string\"}}],\"inLanguage\":\"es\"},{\"@type\":\"Organization\",\"@id\":\"https:\\\/\\\/luxuryvacationscolombia.com\\\/#organization\",\"name\":\"Luxury Vacations &amp; Getaways in Colombia\",\"url\":\"https:\\\/\\\/luxuryvacationscolombia.com\\\/\",\"logo\":{\"@type\":\"ImageObject\",\"inLanguage\":\"es\",\"@id\":\"https:\\\/\\\/luxuryvacationscolombia.com\\\/#\\\/schema\\\/logo\\\/image\\\/\",\"url\":\"https:\\\/\\\/luxuryvacationscolombia.com\\\/wp-content\\\/uploads\\\/2023\\\/09\\\/Luxury-Vacations-in-Colombia-Logo-pequeno.webp\",\"contentUrl\":\"https:\\\/\\\/luxuryvacationscolombia.com\\\/wp-content\\\/uploads\\\/2023\\\/09\\\/Luxury-Vacations-in-Colombia-Logo-pequeno.webp\",\"width\":1500,\"height\":580,\"caption\":\"Luxury Vacations &amp; Getaways in Colombia\"},\"image\":{\"@id\":\"https:\\\/\\\/luxuryvacationscolombia.com\\\/#\\\/schema\\\/logo\\\/image\\\/\"}}]}<\/script>\n<!-- \/ Yoast SEO plugin. -->","yoast_head_json":{"title":"AVISTAMIENTO DE PLANCTON LUMINOSO Y CENA (Privado) - Luxury Vacations &amp; Getaways in Colombia","robots":{"index":"index","follow":"follow","max-snippet":"max-snippet:-1","max-image-preview":"max-image-preview:large","max-video-preview":"max-video-preview:-1"},"canonical":"https:\/\/luxuryvacationscolombia.com\/index.php\/producto\/plancton-luminoso\/","og_locale":"es_ES","og_type":"article","og_title":"AVISTAMIENTO DE PLANCTON LUMINOSO Y CENA (Privado) - Luxury Vacations &amp; Getaways in Colombia","og_description":"\u00a1Ven y s\u00e9 testigo de la magia del plancton luminoso!","og_url":"https:\/\/luxuryvacationscolombia.com\/index.php\/producto\/plancton-luminoso\/","og_site_name":"Luxury Vacations &amp; Getaways in Colombia","article_modified_time":"2024-05-10T13:35:45+00:00","og_image":[{"width":1280,"height":854,"url":"https:\/\/luxuryvacationscolombia.com\/wp-content\/uploads\/2023\/09\/Plancton.jpg","type":"image\/jpeg"}],"twitter_card":"summary_large_image","twitter_misc":{"Tiempo de lectura":"1 minuto"},"schema":{"@context":"https:\/\/schema.org","@graph":[{"@type":"WebPage","@id":"https:\/\/luxuryvacationscolombia.com\/index.php\/producto\/plancton-luminoso\/","url":"https:\/\/luxuryvacationscolombia.com\/index.php\/producto\/plancton-luminoso\/","name":"AVISTAMIENTO DE PLANCTON LUMINOSO Y CENA (Privado) - Luxury Vacations &amp; Getaways in Colombia","isPartOf":{"@id":"https:\/\/luxuryvacationscolombia.com\/#website"},"primaryImageOfPage":{"@id":"https:\/\/luxuryvacationscolombia.com\/index.php\/producto\/plancton-luminoso\/#primaryimage"},"image":{"@id":"https:\/\/luxuryvacationscolombia.com\/index.php\/producto\/plancton-luminoso\/#primaryimage"},"thumbnailUrl":"https:\/\/luxuryvacationscolombia.com\/wp-content\/uploads\/2023\/09\/Plancton.jpg","datePublished":"2023-09-28T22:05:20+00:00","dateModified":"2024-05-10T13:35:45+00:00","breadcrumb":{"@id":"https:\/\/luxuryvacationscolombia.com\/index.php\/producto\/plancton-luminoso\/#breadcrumb"},"inLanguage":"es","potentialAction":[{"@type":"ReadAction","target":["https:\/\/luxuryvacationscolombia.com\/index.php\/producto\/plancton-luminoso\/"]}]},{"@type":"ImageObject","inLanguage":"es","@id":"https:\/\/luxuryvacationscolombia.com\/index.php\/producto\/plancton-luminoso\/#primaryimage","url":"https:\/\/luxuryvacationscolombia.com\/wp-content\/uploads\/2023\/09\/Plancton.jpg","contentUrl":"https:\/\/luxuryvacationscolombia.com\/wp-content\/uploads\/2023\/09\/Plancton.jpg","width":1280,"height":854},{"@type":"BreadcrumbList","@id":"https:\/\/luxuryvacationscolombia.com\/index.php\/producto\/plancton-luminoso\/#breadcrumb","itemListElement":[{"@type":"ListItem","position":1,"name":"Portada","item":"https:\/\/luxuryvacationscolombia.com\/"},{"@type":"ListItem","position":2,"name":"Experiencias","item":"https:\/\/luxuryvacationscolombia.com\/index.php\/home\/experiencias\/"},{"@type":"ListItem","position":3,"name":"AVISTAMIENTO DE PLANCTON LUMINOSO Y CENA (Privado)"}]},{"@type":"WebSite","@id":"https:\/\/luxuryvacationscolombia.com\/#website","url":"https:\/\/luxuryvacationscolombia.com\/","name":"Luxury Vacations &amp; Getaways in Colombia","description":"Agencia de Viajes y Tours, las mejores experiencias en Cartagena de Indias","publisher":{"@id":"https:\/\/luxuryvacationscolombia.com\/#organization"},"potentialAction":[{"@type":"SearchAction","target":{"@type":"EntryPoint","urlTemplate":"https:\/\/luxuryvacationscolombia.com\/?s={search_term_string}"},"query-input":{"@type":"PropertyValueSpecification","valueRequired":true,"valueName":"search_term_string"}}],"inLanguage":"es"},{"@type":"Organization","@id":"https:\/\/luxuryvacationscolombia.com\/#organization","name":"Luxury Vacations &amp; Getaways in Colombia","url":"https:\/\/luxuryvacationscolombia.com\/","logo":{"@type":"ImageObject","inLanguage":"es","@id":"https:\/\/luxuryvacationscolombia.com\/#\/schema\/logo\/image\/","url":"https:\/\/luxuryvacationscolombia.com\/wp-content\/uploads\/2023\/09\/Luxury-Vacations-in-Colombia-Logo-pequeno.webp","contentUrl":"https:\/\/luxuryvacationscolombia.com\/wp-content\/uploads\/2023\/09\/Luxury-Vacations-in-Colombia-Logo-pequeno.webp","width":1500,"height":580,"caption":"Luxury Vacations &amp; Getaways in Colombia"},"image":{"@id":"https:\/\/luxuryvacationscolombia.com\/#\/schema\/logo\/image\/"}}]}},"_links":{"self":[{"href":"https:\/\/luxuryvacationscolombia.com\/index.php\/wp-json\/wp\/v2\/product\/5714","targetHints":{"allow":["GET"]}}],"collection":[{"href":"https:\/\/luxuryvacationscolombia.com\/index.php\/wp-json\/wp\/v2\/product"}],"about":[{"href":"https:\/\/luxuryvacationscolombia.com\/index.php\/wp-json\/wp\/v2\/types\/product"}],"replies":[{"embeddable":true,"href":"https:\/\/luxuryvacationscolombia.com\/index.php\/wp-json\/wp\/v2\/comments?post=5714"}],"wp:featuredmedia":[{"embeddable":true,"href":"https:\/\/luxuryvacationscolombia.com\/index.php\/wp-json\/wp\/v2\/media\/5739"}],"wp:attachment":[{"href":"https:\/\/luxuryvacationscolombia.com\/index.php\/wp-json\/wp\/v2\/media?parent=5714"}],"wp:term":[{"taxonomy":"product_brand","embeddable":true,"href":"https:\/\/luxuryvacationscolombia.com\/index.php\/wp-json\/wp\/v2\/product_brand?post=5714"},{"taxonomy":"product_cat","embeddable":true,"href":"https:\/\/luxuryvacationscolombia.com\/index.php\/wp-json\/wp\/v2\/product_cat?post=5714"},{"taxonomy":"product_tag","embeddable":true,"href":"https:\/\/luxuryvacationscolombia.com\/index.php\/wp-json\/wp\/v2\/product_tag?post=5714"}],"curies":[{"name":"wp","href":"https:\/\/api.w.org\/{rel}","templated":true}]}}