{"id":5425,"date":"2023-09-28T17:37:58","date_gmt":"2023-09-28T17:37:58","guid":{"rendered":"https:\/\/escapatecartagena.com\/?post_type=product&#038;p=5425"},"modified":"2024-02-27T18:02:27","modified_gmt":"2024-02-27T18:02:27","slug":"paseo-a-caballo-por-la-playa","status":"publish","type":"product","link":"https:\/\/luxuryvacationscolombia.com\/index.php\/producto\/paseo-a-caballo-por-la-playa\/","title":{"rendered":"PASEO A CABALLO POR LA PLAYA, SHOW Y COMIDA (Privado)"},"content":{"rendered":"<p>Sum\u00e9rgete en una experiencia \u00fanica donde la belleza de estos magn\u00edficos equinos se fusiona con la serenidad de la playa.<\/p>\n<p>En nuestro paseo de 5 horas, acompa\u00f1ados por gu\u00edas expertos que compartir\u00e1n historias y curiosidades sobre esta raza \u00fanica,<\/p>\n<p>tendr\u00e1s la oportunidad de admirar de cerca a estos caballos mientras recorres la playa montado en uno de ellos.<\/p>\n<p>Paseo privado exclusivo para ti y tus seres queridos.<\/p>\n<p>Disfruta tambi\u00e9n de una exhibici\u00f3n, en rancho tradicional, del famoso paso del caballo colombiano.<\/p>\n<p>Y termina el paseo con una deliciosa comida.<\/p>\n","protected":false},"excerpt":{"rendered":"<p>Sum\u00e9rgete en una experiencia \u00fanica donde la belleza de estos magn\u00edficos equinos se fusiona con la serenidad de la playa. En nuestro paseo de 5 horas, acompa\u00f1ados por gu\u00edas expertos que compartir\u00e1n historias y curiosidades sobre esta raza \u00fanica, tendr\u00e1s la oportunidad de admirar de cerca a estos caballos mientras recorres la playa montado en [&hellip;]<\/p>\n","protected":false},"featured_media":6306,"comment_status":"closed","ping_status":"closed","template":"","meta":{"_acf_changed":false,"_monsterinsights_skip_tracking":false,"_monsterinsights_sitenote_active":false,"_monsterinsights_sitenote_note":"","_monsterinsights_sitenote_category":0,"_joinchat":[]},"product_brand":[],"product_cat":[200,221,219],"product_tag":[212],"class_list":{"0":"post-5425","1":"product","2":"type-product","3":"status-publish","4":"has-post-thumbnail","6":"product_cat-experiencias","7":"product_cat-flora-y-fauna-experiencias","8":"product_cat-tours","9":"product_tag-cartagena-boquilla","11":"first","12":"instock","13":"sold-individually","14":"shipping-taxable","15":"purchasable","16":"product-type-booking"},"acf":[],"yoast_head":"<!-- This site is optimized with the Yoast SEO plugin v24.7 - https:\/\/yoast.com\/wordpress\/plugins\/seo\/ -->\n<title>PASEO A CABALLO POR LA PLAYA, SHOW Y COMIDA (Privado) - Luxury Vacations &amp; Getaways in Colombia<\/title>\n<meta name=\"robots\" content=\"index, follow, max-snippet:-1, max-image-preview:large, max-video-preview:-1\" \/>\n<link rel=\"canonical\" href=\"https:\/\/luxuryvacationscolombia.com\/index.php\/producto\/paseo-a-caballo-por-la-playa\/\" \/>\n<meta property=\"og:locale\" content=\"es_ES\" \/>\n<meta property=\"og:type\" content=\"article\" \/>\n<meta property=\"og:title\" content=\"PASEO A CABALLO POR LA PLAYA, SHOW Y COMIDA (Privado) - Luxury Vacations &amp; Getaways in Colombia\" \/>\n<meta property=\"og:description\" content=\"Sum\u00e9rgete en una experiencia \u00fanica donde la belleza de estos magn\u00edficos equinos se fusiona con la serenidad de la playa. En nuestro paseo de 5 horas, acompa\u00f1ados por gu\u00edas expertos que compartir\u00e1n historias y curiosidades sobre esta raza \u00fanica, tendr\u00e1s la oportunidad de admirar de cerca a estos caballos mientras recorres la playa montado en [&hellip;]\" \/>\n<meta property=\"og:url\" content=\"https:\/\/luxuryvacationscolombia.com\/index.php\/producto\/paseo-a-caballo-por-la-playa\/\" \/>\n<meta property=\"og:site_name\" content=\"Luxury Vacations &amp; Getaways in Colombia\" \/>\n<meta property=\"article:modified_time\" content=\"2024-02-27T18:02:27+00:00\" \/>\n<meta property=\"og:image\" content=\"https:\/\/luxuryvacationscolombia.com\/wp-content\/uploads\/2023\/09\/1657333931185-scaled.jpg\" \/>\n\t<meta property=\"og:image:width\" content=\"1920\" \/>\n\t<meta property=\"og:image:height\" content=\"2560\" \/>\n\t<meta property=\"og:image:type\" content=\"image\/jpeg\" \/>\n<meta name=\"twitter:card\" content=\"summary_large_image\" \/>\n<meta name=\"twitter:label1\" content=\"Tiempo de lectura\" \/>\n\t<meta name=\"twitter:data1\" content=\"1 minuto\" \/>\n<script type=\"application\/ld+json\" class=\"yoast-schema-graph\">{\"@context\":\"https:\/\/schema.org\",\"@graph\":[{\"@type\":\"WebPage\",\"@id\":\"https:\/\/luxuryvacationscolombia.com\/index.php\/producto\/paseo-a-caballo-por-la-playa\/\",\"url\":\"https:\/\/luxuryvacationscolombia.com\/index.php\/producto\/paseo-a-caballo-por-la-playa\/\",\"name\":\"PASEO A CABALLO POR LA PLAYA, SHOW Y COMIDA (Privado) - Luxury Vacations &amp; Getaways in Colombia\",\"isPartOf\":{\"@id\":\"https:\/\/luxuryvacationscolombia.com\/#website\"},\"primaryImageOfPage\":{\"@id\":\"https:\/\/luxuryvacationscolombia.com\/index.php\/producto\/paseo-a-caballo-por-la-playa\/#primaryimage\"},\"image\":{\"@id\":\"https:\/\/luxuryvacationscolombia.com\/index.php\/producto\/paseo-a-caballo-por-la-playa\/#primaryimage\"},\"thumbnailUrl\":\"https:\/\/luxuryvacationscolombia.com\/wp-content\/uploads\/2023\/09\/1657333931185-scaled.jpg\",\"datePublished\":\"2023-09-28T17:37:58+00:00\",\"dateModified\":\"2024-02-27T18:02:27+00:00\",\"breadcrumb\":{\"@id\":\"https:\/\/luxuryvacationscolombia.com\/index.php\/producto\/paseo-a-caballo-por-la-playa\/#breadcrumb\"},\"inLanguage\":\"es\",\"potentialAction\":[{\"@type\":\"ReadAction\",\"target\":[\"https:\/\/luxuryvacationscolombia.com\/index.php\/producto\/paseo-a-caballo-por-la-playa\/\"]}]},{\"@type\":\"ImageObject\",\"inLanguage\":\"es\",\"@id\":\"https:\/\/luxuryvacationscolombia.com\/index.php\/producto\/paseo-a-caballo-por-la-playa\/#primaryimage\",\"url\":\"https:\/\/luxuryvacationscolombia.com\/wp-content\/uploads\/2023\/09\/1657333931185-scaled.jpg\",\"contentUrl\":\"https:\/\/luxuryvacationscolombia.com\/wp-content\/uploads\/2023\/09\/1657333931185-scaled.jpg\",\"width\":1920,\"height\":2560},{\"@type\":\"BreadcrumbList\",\"@id\":\"https:\/\/luxuryvacationscolombia.com\/index.php\/producto\/paseo-a-caballo-por-la-playa\/#breadcrumb\",\"itemListElement\":[{\"@type\":\"ListItem\",\"position\":1,\"name\":\"Portada\",\"item\":\"https:\/\/luxuryvacationscolombia.com\/\"},{\"@type\":\"ListItem\",\"position\":2,\"name\":\"Experiencias\",\"item\":\"https:\/\/luxuryvacationscolombia.com\/index.php\/home\/experiencias\/\"},{\"@type\":\"ListItem\",\"position\":3,\"name\":\"PASEO A CABALLO POR LA PLAYA, SHOW Y COMIDA (Privado)\"}]},{\"@type\":\"WebSite\",\"@id\":\"https:\/\/luxuryvacationscolombia.com\/#website\",\"url\":\"https:\/\/luxuryvacationscolombia.com\/\",\"name\":\"Luxury Vacations &amp; Getaways in Colombia\",\"description\":\"Agencia de Viajes y Tours, las mejores experiencias en Cartagena de Indias\",\"publisher\":{\"@id\":\"https:\/\/luxuryvacationscolombia.com\/#organization\"},\"potentialAction\":[{\"@type\":\"SearchAction\",\"target\":{\"@type\":\"EntryPoint\",\"urlTemplate\":\"https:\/\/luxuryvacationscolombia.com\/?s={search_term_string}\"},\"query-input\":{\"@type\":\"PropertyValueSpecification\",\"valueRequired\":true,\"valueName\":\"search_term_string\"}}],\"inLanguage\":\"es\"},{\"@type\":\"Organization\",\"@id\":\"https:\/\/luxuryvacationscolombia.com\/#organization\",\"name\":\"Luxury Vacations &amp; Getaways in Colombia\",\"url\":\"https:\/\/luxuryvacationscolombia.com\/\",\"logo\":{\"@type\":\"ImageObject\",\"inLanguage\":\"es\",\"@id\":\"https:\/\/luxuryvacationscolombia.com\/#\/schema\/logo\/image\/\",\"url\":\"https:\/\/luxuryvacationscolombia.com\/wp-content\/uploads\/2023\/09\/Luxury-Vacations-in-Colombia-Logo-pequeno.webp\",\"contentUrl\":\"https:\/\/luxuryvacationscolombia.com\/wp-content\/uploads\/2023\/09\/Luxury-Vacations-in-Colombia-Logo-pequeno.webp\",\"width\":1500,\"height\":580,\"caption\":\"Luxury Vacations &amp; Getaways in Colombia\"},\"image\":{\"@id\":\"https:\/\/luxuryvacationscolombia.com\/#\/schema\/logo\/image\/\"}}]}<\/script>\n<!-- \/ Yoast SEO plugin. -->","yoast_head_json":{"title":"PASEO A CABALLO POR LA PLAYA, SHOW Y COMIDA (Privado) - Luxury Vacations &amp; Getaways in Colombia","robots":{"index":"index","follow":"follow","max-snippet":"max-snippet:-1","max-image-preview":"max-image-preview:large","max-video-preview":"max-video-preview:-1"},"canonical":"https:\/\/luxuryvacationscolombia.com\/index.php\/producto\/paseo-a-caballo-por-la-playa\/","og_locale":"es_ES","og_type":"article","og_title":"PASEO A CABALLO POR LA PLAYA, SHOW Y COMIDA (Privado) - Luxury Vacations &amp; Getaways in Colombia","og_description":"Sum\u00e9rgete en una experiencia \u00fanica donde la belleza de estos magn\u00edficos equinos se fusiona con la serenidad de la playa. En nuestro paseo de 5 horas, acompa\u00f1ados por gu\u00edas expertos que compartir\u00e1n historias y curiosidades sobre esta raza \u00fanica, tendr\u00e1s la oportunidad de admirar de cerca a estos caballos mientras recorres la playa montado en [&hellip;]","og_url":"https:\/\/luxuryvacationscolombia.com\/index.php\/producto\/paseo-a-caballo-por-la-playa\/","og_site_name":"Luxury Vacations &amp; Getaways in Colombia","article_modified_time":"2024-02-27T18:02:27+00:00","og_image":[{"width":1920,"height":2560,"url":"https:\/\/luxuryvacationscolombia.com\/wp-content\/uploads\/2023\/09\/1657333931185-scaled.jpg","type":"image\/jpeg"}],"twitter_card":"summary_large_image","twitter_misc":{"Tiempo de lectura":"1 minuto"},"schema":{"@context":"https:\/\/schema.org","@graph":[{"@type":"WebPage","@id":"https:\/\/luxuryvacationscolombia.com\/index.php\/producto\/paseo-a-caballo-por-la-playa\/","url":"https:\/\/luxuryvacationscolombia.com\/index.php\/producto\/paseo-a-caballo-por-la-playa\/","name":"PASEO A CABALLO POR LA PLAYA, SHOW Y COMIDA (Privado) - Luxury Vacations &amp; Getaways in Colombia","isPartOf":{"@id":"https:\/\/luxuryvacationscolombia.com\/#website"},"primaryImageOfPage":{"@id":"https:\/\/luxuryvacationscolombia.com\/index.php\/producto\/paseo-a-caballo-por-la-playa\/#primaryimage"},"image":{"@id":"https:\/\/luxuryvacationscolombia.com\/index.php\/producto\/paseo-a-caballo-por-la-playa\/#primaryimage"},"thumbnailUrl":"https:\/\/luxuryvacationscolombia.com\/wp-content\/uploads\/2023\/09\/1657333931185-scaled.jpg","datePublished":"2023-09-28T17:37:58+00:00","dateModified":"2024-02-27T18:02:27+00:00","breadcrumb":{"@id":"https:\/\/luxuryvacationscolombia.com\/index.php\/producto\/paseo-a-caballo-por-la-playa\/#breadcrumb"},"inLanguage":"es","potentialAction":[{"@type":"ReadAction","target":["https:\/\/luxuryvacationscolombia.com\/index.php\/producto\/paseo-a-caballo-por-la-playa\/"]}]},{"@type":"ImageObject","inLanguage":"es","@id":"https:\/\/luxuryvacationscolombia.com\/index.php\/producto\/paseo-a-caballo-por-la-playa\/#primaryimage","url":"https:\/\/luxuryvacationscolombia.com\/wp-content\/uploads\/2023\/09\/1657333931185-scaled.jpg","contentUrl":"https:\/\/luxuryvacationscolombia.com\/wp-content\/uploads\/2023\/09\/1657333931185-scaled.jpg","width":1920,"height":2560},{"@type":"BreadcrumbList","@id":"https:\/\/luxuryvacationscolombia.com\/index.php\/producto\/paseo-a-caballo-por-la-playa\/#breadcrumb","itemListElement":[{"@type":"ListItem","position":1,"name":"Portada","item":"https:\/\/luxuryvacationscolombia.com\/"},{"@type":"ListItem","position":2,"name":"Experiencias","item":"https:\/\/luxuryvacationscolombia.com\/index.php\/home\/experiencias\/"},{"@type":"ListItem","position":3,"name":"PASEO A CABALLO POR LA PLAYA, SHOW Y COMIDA (Privado)"}]},{"@type":"WebSite","@id":"https:\/\/luxuryvacationscolombia.com\/#website","url":"https:\/\/luxuryvacationscolombia.com\/","name":"Luxury Vacations &amp; Getaways in Colombia","description":"Agencia de Viajes y Tours, las mejores experiencias en Cartagena de Indias","publisher":{"@id":"https:\/\/luxuryvacationscolombia.com\/#organization"},"potentialAction":[{"@type":"SearchAction","target":{"@type":"EntryPoint","urlTemplate":"https:\/\/luxuryvacationscolombia.com\/?s={search_term_string}"},"query-input":{"@type":"PropertyValueSpecification","valueRequired":true,"valueName":"search_term_string"}}],"inLanguage":"es"},{"@type":"Organization","@id":"https:\/\/luxuryvacationscolombia.com\/#organization","name":"Luxury Vacations &amp; Getaways in Colombia","url":"https:\/\/luxuryvacationscolombia.com\/","logo":{"@type":"ImageObject","inLanguage":"es","@id":"https:\/\/luxuryvacationscolombia.com\/#\/schema\/logo\/image\/","url":"https:\/\/luxuryvacationscolombia.com\/wp-content\/uploads\/2023\/09\/Luxury-Vacations-in-Colombia-Logo-pequeno.webp","contentUrl":"https:\/\/luxuryvacationscolombia.com\/wp-content\/uploads\/2023\/09\/Luxury-Vacations-in-Colombia-Logo-pequeno.webp","width":1500,"height":580,"caption":"Luxury Vacations &amp; Getaways in Colombia"},"image":{"@id":"https:\/\/luxuryvacationscolombia.com\/#\/schema\/logo\/image\/"}}]}},"_links":{"self":[{"href":"https:\/\/luxuryvacationscolombia.com\/index.php\/wp-json\/wp\/v2\/product\/5425","targetHints":{"allow":["GET"]}}],"collection":[{"href":"https:\/\/luxuryvacationscolombia.com\/index.php\/wp-json\/wp\/v2\/product"}],"about":[{"href":"https:\/\/luxuryvacationscolombia.com\/index.php\/wp-json\/wp\/v2\/types\/product"}],"replies":[{"embeddable":true,"href":"https:\/\/luxuryvacationscolombia.com\/index.php\/wp-json\/wp\/v2\/comments?post=5425"}],"wp:featuredmedia":[{"embeddable":true,"href":"https:\/\/luxuryvacationscolombia.com\/index.php\/wp-json\/wp\/v2\/media\/6306"}],"wp:attachment":[{"href":"https:\/\/luxuryvacationscolombia.com\/index.php\/wp-json\/wp\/v2\/media?parent=5425"}],"wp:term":[{"taxonomy":"product_brand","embeddable":true,"href":"https:\/\/luxuryvacationscolombia.com\/index.php\/wp-json\/wp\/v2\/product_brand?post=5425"},{"taxonomy":"product_cat","embeddable":true,"href":"https:\/\/luxuryvacationscolombia.com\/index.php\/wp-json\/wp\/v2\/product_cat?post=5425"},{"taxonomy":"product_tag","embeddable":true,"href":"https:\/\/luxuryvacationscolombia.com\/index.php\/wp-json\/wp\/v2\/product_tag?post=5425"}],"curies":[{"name":"wp","href":"https:\/\/api.w.org\/{rel}","templated":true}]}}