{"id":4872,"date":"2023-09-15T17:23:07","date_gmt":"2023-09-15T17:23:07","guid":{"rendered":"https:\/\/escapatecartagena.com\/?post_type=product&#038;p=4872"},"modified":"2023-10-04T16:39:19","modified_gmt":"2023-10-04T16:39:19","slug":"mangata","status":"publish","type":"product","link":"https:\/\/luxuryvacationscolombia.com\/index.php\/producto\/mangata\/","title":{"rendered":"MANGATA"},"content":{"rendered":"<p>MANGATA una combinaci\u00f3n de lujo y comodidad en las islas del Rosario..<\/p>\n<p>Pasad\u00eda &#8211; MANGATA Beach Club (en islas del Rosario)<\/p>\n<p>Precio Adultos $87 USD<br \/>\nPrecio Ni\u00f1os (3-7 a\u00f1os) $70 USD<\/p>\n","protected":false},"excerpt":{"rendered":"<p>MANGATA una combinaci\u00f3n de lujo y comodidad en las islas del Rosario.. Pasad\u00eda &#8211; MANGATA Beach Club (en islas del Rosario) Precio Adultos $87 USD Precio Ni\u00f1os (3-7 a\u00f1os) $70 USD<\/p>\n","protected":false},"featured_media":5027,"comment_status":"open","ping_status":"closed","template":"","meta":{"_acf_changed":false,"_monsterinsights_skip_tracking":false,"_monsterinsights_sitenote_active":false,"_monsterinsights_sitenote_note":"","_monsterinsights_sitenote_category":0,"_joinchat":[]},"product_brand":[],"product_cat":[18],"product_tag":[203],"class_list":{"0":"post-4872","1":"product","2":"type-product","3":"status-publish","4":"has-post-thumbnail","6":"product_cat-sin-categorizar","7":"product_tag-islas-del-rosario","9":"first","10":"instock","11":"shipping-taxable","12":"product-type-simple"},"acf":[],"yoast_head":"<!-- This site is optimized with the Yoast SEO plugin v24.7 - https:\/\/yoast.com\/wordpress\/plugins\/seo\/ -->\n<title>MANGATA - Luxury Vacations &amp; Getaways in Colombia<\/title>\n<meta name=\"robots\" content=\"index, follow, max-snippet:-1, max-image-preview:large, max-video-preview:-1\" \/>\n<link rel=\"canonical\" href=\"https:\/\/luxuryvacationscolombia.com\/index.php\/producto\/mangata\/\" \/>\n<meta property=\"og:locale\" content=\"es_ES\" \/>\n<meta property=\"og:type\" content=\"article\" \/>\n<meta property=\"og:title\" content=\"MANGATA - Luxury Vacations &amp; Getaways in Colombia\" \/>\n<meta property=\"og:description\" content=\"MANGATA una combinaci\u00f3n de lujo y comodidad en las islas del Rosario.. Pasad\u00eda &#8211; MANGATA Beach Club (en islas del Rosario) Precio Adultos $87 USD Precio Ni\u00f1os (3-7 a\u00f1os) $70 USD\" \/>\n<meta property=\"og:url\" content=\"https:\/\/luxuryvacationscolombia.com\/index.php\/producto\/mangata\/\" \/>\n<meta property=\"og:site_name\" content=\"Luxury Vacations &amp; Getaways in Colombia\" \/>\n<meta property=\"article:modified_time\" content=\"2023-10-04T16:39:19+00:00\" \/>\n<meta property=\"og:image\" content=\"https:\/\/luxuryvacationscolombia.com\/wp-content\/uploads\/2023\/09\/6D9E44D5-4330-4E55-85CE-47A7DBF53CB1.jpeg\" \/>\n\t<meta property=\"og:image:width\" content=\"828\" \/>\n\t<meta property=\"og:image:height\" content=\"464\" \/>\n\t<meta property=\"og:image:type\" content=\"image\/jpeg\" \/>\n<meta name=\"twitter:card\" content=\"summary_large_image\" \/>\n<script type=\"application\/ld+json\" class=\"yoast-schema-graph\">{\"@context\":\"https:\/\/schema.org\",\"@graph\":[{\"@type\":\"WebPage\",\"@id\":\"https:\/\/luxuryvacationscolombia.com\/index.php\/producto\/mangata\/\",\"url\":\"https:\/\/luxuryvacationscolombia.com\/index.php\/producto\/mangata\/\",\"name\":\"MANGATA - Luxury Vacations &amp; Getaways in Colombia\",\"isPartOf\":{\"@id\":\"https:\/\/luxuryvacationscolombia.com\/#website\"},\"primaryImageOfPage\":{\"@id\":\"https:\/\/luxuryvacationscolombia.com\/index.php\/producto\/mangata\/#primaryimage\"},\"image\":{\"@id\":\"https:\/\/luxuryvacationscolombia.com\/index.php\/producto\/mangata\/#primaryimage\"},\"thumbnailUrl\":\"https:\/\/luxuryvacationscolombia.com\/wp-content\/uploads\/2023\/09\/6D9E44D5-4330-4E55-85CE-47A7DBF53CB1.jpeg\",\"datePublished\":\"2023-09-15T17:23:07+00:00\",\"dateModified\":\"2023-10-04T16:39:19+00:00\",\"breadcrumb\":{\"@id\":\"https:\/\/luxuryvacationscolombia.com\/index.php\/producto\/mangata\/#breadcrumb\"},\"inLanguage\":\"es\",\"potentialAction\":[{\"@type\":\"ReadAction\",\"target\":[\"https:\/\/luxuryvacationscolombia.com\/index.php\/producto\/mangata\/\"]}]},{\"@type\":\"ImageObject\",\"inLanguage\":\"es\",\"@id\":\"https:\/\/luxuryvacationscolombia.com\/index.php\/producto\/mangata\/#primaryimage\",\"url\":\"https:\/\/luxuryvacationscolombia.com\/wp-content\/uploads\/2023\/09\/6D9E44D5-4330-4E55-85CE-47A7DBF53CB1.jpeg\",\"contentUrl\":\"https:\/\/luxuryvacationscolombia.com\/wp-content\/uploads\/2023\/09\/6D9E44D5-4330-4E55-85CE-47A7DBF53CB1.jpeg\",\"width\":828,\"height\":464},{\"@type\":\"BreadcrumbList\",\"@id\":\"https:\/\/luxuryvacationscolombia.com\/index.php\/producto\/mangata\/#breadcrumb\",\"itemListElement\":[{\"@type\":\"ListItem\",\"position\":1,\"name\":\"Portada\",\"item\":\"https:\/\/luxuryvacationscolombia.com\/\"},{\"@type\":\"ListItem\",\"position\":2,\"name\":\"Experiencias\",\"item\":\"https:\/\/luxuryvacationscolombia.com\/index.php\/home\/experiencias\/\"},{\"@type\":\"ListItem\",\"position\":3,\"name\":\"MANGATA\"}]},{\"@type\":\"WebSite\",\"@id\":\"https:\/\/luxuryvacationscolombia.com\/#website\",\"url\":\"https:\/\/luxuryvacationscolombia.com\/\",\"name\":\"Luxury Vacations &amp; Getaways in Colombia\",\"description\":\"Agencia de Viajes y Tours, las mejores experiencias en Cartagena de Indias\",\"publisher\":{\"@id\":\"https:\/\/luxuryvacationscolombia.com\/#organization\"},\"potentialAction\":[{\"@type\":\"SearchAction\",\"target\":{\"@type\":\"EntryPoint\",\"urlTemplate\":\"https:\/\/luxuryvacationscolombia.com\/?s={search_term_string}\"},\"query-input\":{\"@type\":\"PropertyValueSpecification\",\"valueRequired\":true,\"valueName\":\"search_term_string\"}}],\"inLanguage\":\"es\"},{\"@type\":\"Organization\",\"@id\":\"https:\/\/luxuryvacationscolombia.com\/#organization\",\"name\":\"Luxury Vacations &amp; Getaways in Colombia\",\"url\":\"https:\/\/luxuryvacationscolombia.com\/\",\"logo\":{\"@type\":\"ImageObject\",\"inLanguage\":\"es\",\"@id\":\"https:\/\/luxuryvacationscolombia.com\/#\/schema\/logo\/image\/\",\"url\":\"https:\/\/luxuryvacationscolombia.com\/wp-content\/uploads\/2023\/09\/Luxury-Vacations-in-Colombia-Logo-pequeno.webp\",\"contentUrl\":\"https:\/\/luxuryvacationscolombia.com\/wp-content\/uploads\/2023\/09\/Luxury-Vacations-in-Colombia-Logo-pequeno.webp\",\"width\":1500,\"height\":580,\"caption\":\"Luxury Vacations &amp; Getaways in Colombia\"},\"image\":{\"@id\":\"https:\/\/luxuryvacationscolombia.com\/#\/schema\/logo\/image\/\"}}]}<\/script>\n<!-- \/ Yoast SEO plugin. -->","yoast_head_json":{"title":"MANGATA - Luxury Vacations &amp; Getaways in Colombia","robots":{"index":"index","follow":"follow","max-snippet":"max-snippet:-1","max-image-preview":"max-image-preview:large","max-video-preview":"max-video-preview:-1"},"canonical":"https:\/\/luxuryvacationscolombia.com\/index.php\/producto\/mangata\/","og_locale":"es_ES","og_type":"article","og_title":"MANGATA - Luxury Vacations &amp; Getaways in Colombia","og_description":"MANGATA una combinaci\u00f3n de lujo y comodidad en las islas del Rosario.. Pasad\u00eda &#8211; MANGATA Beach Club (en islas del Rosario) Precio Adultos $87 USD Precio Ni\u00f1os (3-7 a\u00f1os) $70 USD","og_url":"https:\/\/luxuryvacationscolombia.com\/index.php\/producto\/mangata\/","og_site_name":"Luxury Vacations &amp; Getaways in Colombia","article_modified_time":"2023-10-04T16:39:19+00:00","og_image":[{"width":828,"height":464,"url":"https:\/\/luxuryvacationscolombia.com\/wp-content\/uploads\/2023\/09\/6D9E44D5-4330-4E55-85CE-47A7DBF53CB1.jpeg","type":"image\/jpeg"}],"twitter_card":"summary_large_image","schema":{"@context":"https:\/\/schema.org","@graph":[{"@type":"WebPage","@id":"https:\/\/luxuryvacationscolombia.com\/index.php\/producto\/mangata\/","url":"https:\/\/luxuryvacationscolombia.com\/index.php\/producto\/mangata\/","name":"MANGATA - Luxury Vacations &amp; Getaways in Colombia","isPartOf":{"@id":"https:\/\/luxuryvacationscolombia.com\/#website"},"primaryImageOfPage":{"@id":"https:\/\/luxuryvacationscolombia.com\/index.php\/producto\/mangata\/#primaryimage"},"image":{"@id":"https:\/\/luxuryvacationscolombia.com\/index.php\/producto\/mangata\/#primaryimage"},"thumbnailUrl":"https:\/\/luxuryvacationscolombia.com\/wp-content\/uploads\/2023\/09\/6D9E44D5-4330-4E55-85CE-47A7DBF53CB1.jpeg","datePublished":"2023-09-15T17:23:07+00:00","dateModified":"2023-10-04T16:39:19+00:00","breadcrumb":{"@id":"https:\/\/luxuryvacationscolombia.com\/index.php\/producto\/mangata\/#breadcrumb"},"inLanguage":"es","potentialAction":[{"@type":"ReadAction","target":["https:\/\/luxuryvacationscolombia.com\/index.php\/producto\/mangata\/"]}]},{"@type":"ImageObject","inLanguage":"es","@id":"https:\/\/luxuryvacationscolombia.com\/index.php\/producto\/mangata\/#primaryimage","url":"https:\/\/luxuryvacationscolombia.com\/wp-content\/uploads\/2023\/09\/6D9E44D5-4330-4E55-85CE-47A7DBF53CB1.jpeg","contentUrl":"https:\/\/luxuryvacationscolombia.com\/wp-content\/uploads\/2023\/09\/6D9E44D5-4330-4E55-85CE-47A7DBF53CB1.jpeg","width":828,"height":464},{"@type":"BreadcrumbList","@id":"https:\/\/luxuryvacationscolombia.com\/index.php\/producto\/mangata\/#breadcrumb","itemListElement":[{"@type":"ListItem","position":1,"name":"Portada","item":"https:\/\/luxuryvacationscolombia.com\/"},{"@type":"ListItem","position":2,"name":"Experiencias","item":"https:\/\/luxuryvacationscolombia.com\/index.php\/home\/experiencias\/"},{"@type":"ListItem","position":3,"name":"MANGATA"}]},{"@type":"WebSite","@id":"https:\/\/luxuryvacationscolombia.com\/#website","url":"https:\/\/luxuryvacationscolombia.com\/","name":"Luxury Vacations &amp; Getaways in Colombia","description":"Agencia de Viajes y Tours, las mejores experiencias en Cartagena de Indias","publisher":{"@id":"https:\/\/luxuryvacationscolombia.com\/#organization"},"potentialAction":[{"@type":"SearchAction","target":{"@type":"EntryPoint","urlTemplate":"https:\/\/luxuryvacationscolombia.com\/?s={search_term_string}"},"query-input":{"@type":"PropertyValueSpecification","valueRequired":true,"valueName":"search_term_string"}}],"inLanguage":"es"},{"@type":"Organization","@id":"https:\/\/luxuryvacationscolombia.com\/#organization","name":"Luxury Vacations &amp; Getaways in Colombia","url":"https:\/\/luxuryvacationscolombia.com\/","logo":{"@type":"ImageObject","inLanguage":"es","@id":"https:\/\/luxuryvacationscolombia.com\/#\/schema\/logo\/image\/","url":"https:\/\/luxuryvacationscolombia.com\/wp-content\/uploads\/2023\/09\/Luxury-Vacations-in-Colombia-Logo-pequeno.webp","contentUrl":"https:\/\/luxuryvacationscolombia.com\/wp-content\/uploads\/2023\/09\/Luxury-Vacations-in-Colombia-Logo-pequeno.webp","width":1500,"height":580,"caption":"Luxury Vacations &amp; Getaways in Colombia"},"image":{"@id":"https:\/\/luxuryvacationscolombia.com\/#\/schema\/logo\/image\/"}}]}},"_links":{"self":[{"href":"https:\/\/luxuryvacationscolombia.com\/index.php\/wp-json\/wp\/v2\/product\/4872","targetHints":{"allow":["GET"]}}],"collection":[{"href":"https:\/\/luxuryvacationscolombia.com\/index.php\/wp-json\/wp\/v2\/product"}],"about":[{"href":"https:\/\/luxuryvacationscolombia.com\/index.php\/wp-json\/wp\/v2\/types\/product"}],"replies":[{"embeddable":true,"href":"https:\/\/luxuryvacationscolombia.com\/index.php\/wp-json\/wp\/v2\/comments?post=4872"}],"wp:featuredmedia":[{"embeddable":true,"href":"https:\/\/luxuryvacationscolombia.com\/index.php\/wp-json\/wp\/v2\/media\/5027"}],"wp:attachment":[{"href":"https:\/\/luxuryvacationscolombia.com\/index.php\/wp-json\/wp\/v2\/media?parent=4872"}],"wp:term":[{"taxonomy":"product_brand","embeddable":true,"href":"https:\/\/luxuryvacationscolombia.com\/index.php\/wp-json\/wp\/v2\/product_brand?post=4872"},{"taxonomy":"product_cat","embeddable":true,"href":"https:\/\/luxuryvacationscolombia.com\/index.php\/wp-json\/wp\/v2\/product_cat?post=4872"},{"taxonomy":"product_tag","embeddable":true,"href":"https:\/\/luxuryvacationscolombia.com\/index.php\/wp-json\/wp\/v2\/product_tag?post=4872"}],"curies":[{"name":"wp","href":"https:\/\/api.w.org\/{rel}","templated":true}]}}