{"id":4868,"date":"2023-09-15T17:23:06","date_gmt":"2023-09-15T17:23:06","guid":{"rendered":"https:\/\/escapatecartagena.com\/?post_type=product&#038;p=4868"},"modified":"2024-08-21T16:24:27","modified_gmt":"2024-08-21T16:24:27","slug":"avistamiento-de-aves","status":"publish","type":"product","link":"https:\/\/luxuryvacationscolombia.com\/index.php\/producto\/avistamiento-de-aves\/","title":{"rendered":"AVISTAMIENTO DE AVES (Privado)"},"content":{"rendered":"<p>Sum\u00e9rgete en la riqueza de la biodiversidad de la regi\u00f3n con nuestra excursi\u00f3n de avistamiento de aves. Este para\u00edso natural alberga m\u00e1s de 210 especies de aves, incluyendo 2 end\u00e9micas y m\u00e1s de 12 casi end\u00e9micas, en un extenso bosque seco tropical de 40 hect\u00e1reas.<\/p>\n<p>Este lugar es reconocido como el tercer HotSpot con la mayor cantidad de aves registradas en Bol\u00edvar. Cada paso en estos senderos te acerca a un espect\u00e1culo \u00fanico de la naturaleza.<\/p>\n<p>Te llevar\u00e1n a trav\u00e9s de 3 a 4 kil\u00f3metros de pura belleza natural. Con paradas estrat\u00e9gicas dise\u00f1adas para que puedas usar tus binoculares y fotografiar a las aves en su entorno. Adem\u00e1s, \u00a1nunca sabes qu\u00e9 otros animales podr\u00edan dejarse ver!<\/p>\n<p>&nbsp;<\/p>\n","protected":false},"excerpt":{"rendered":"<p>Espectacular avistamiento de aves en su entorno natural.<\/p>\n","protected":false},"featured_media":6362,"comment_status":"open","ping_status":"closed","template":"","meta":{"_acf_changed":false,"_monsterinsights_skip_tracking":false,"_monsterinsights_sitenote_active":false,"_monsterinsights_sitenote_note":"","_monsterinsights_sitenote_category":0,"_joinchat":[]},"product_brand":[],"product_cat":[200,221,219],"product_tag":[],"class_list":{"0":"post-4868","1":"product","2":"type-product","3":"status-publish","4":"has-post-thumbnail","6":"product_cat-experiencias","7":"product_cat-flora-y-fauna-experiencias","8":"product_cat-tours","10":"first","11":"instock","12":"sold-individually","13":"shipping-taxable","14":"purchasable","15":"product-type-booking"},"booking_location":"","booking_location_type":"","booking_duration":1,"booking_duration_unit":"day","booking_buffer":0,"booking_cost":150000,"booking_resources":[],"acf":[],"yoast_head":"<!-- This site is optimized with the Yoast SEO plugin v27.5 - https:\/\/yoast.com\/product\/yoast-seo-wordpress\/ -->\n<title>AVISTAMIENTO DE AVES (Privado) - Luxury Vacations &amp; Getaways in Colombia<\/title>\n<meta name=\"robots\" content=\"index, follow, max-snippet:-1, max-image-preview:large, max-video-preview:-1\" \/>\n<link rel=\"canonical\" href=\"https:\/\/luxuryvacationscolombia.com\/index.php\/producto\/avistamiento-de-aves\/\" \/>\n<meta property=\"og:locale\" content=\"es_ES\" \/>\n<meta property=\"og:type\" content=\"article\" \/>\n<meta property=\"og:title\" content=\"AVISTAMIENTO DE AVES (Privado) - Luxury Vacations &amp; Getaways in Colombia\" \/>\n<meta property=\"og:description\" content=\"Espectacular avistamiento de aves en su entorno natural.\" \/>\n<meta property=\"og:url\" content=\"https:\/\/luxuryvacationscolombia.com\/index.php\/producto\/avistamiento-de-aves\/\" \/>\n<meta property=\"og:site_name\" content=\"Luxury Vacations &amp; Getaways in Colombia\" \/>\n<meta property=\"article:modified_time\" content=\"2024-08-21T16:24:27+00:00\" \/>\n<meta property=\"og:image\" content=\"https:\/\/luxuryvacationscolombia.com\/wp-content\/uploads\/2023\/09\/IMG_4697.jpg\" \/>\n\t<meta property=\"og:image:width\" content=\"750\" \/>\n\t<meta property=\"og:image:height\" content=\"734\" \/>\n\t<meta property=\"og:image:type\" content=\"image\/jpeg\" \/>\n<meta name=\"twitter:card\" content=\"summary_large_image\" \/>\n<meta name=\"twitter:label1\" content=\"Tiempo de lectura\" \/>\n\t<meta name=\"twitter:data1\" content=\"1 minuto\" \/>\n<script type=\"application\/ld+json\" class=\"yoast-schema-graph\">{\"@context\":\"https:\\\/\\\/schema.org\",\"@graph\":[{\"@type\":\"WebPage\",\"@id\":\"https:\\\/\\\/luxuryvacationscolombia.com\\\/index.php\\\/producto\\\/avistamiento-de-aves\\\/\",\"url\":\"https:\\\/\\\/luxuryvacationscolombia.com\\\/index.php\\\/producto\\\/avistamiento-de-aves\\\/\",\"name\":\"AVISTAMIENTO DE AVES (Privado) - Luxury Vacations &amp; Getaways in Colombia\",\"isPartOf\":{\"@id\":\"https:\\\/\\\/luxuryvacationscolombia.com\\\/#website\"},\"primaryImageOfPage\":{\"@id\":\"https:\\\/\\\/luxuryvacationscolombia.com\\\/index.php\\\/producto\\\/avistamiento-de-aves\\\/#primaryimage\"},\"image\":{\"@id\":\"https:\\\/\\\/luxuryvacationscolombia.com\\\/index.php\\\/producto\\\/avistamiento-de-aves\\\/#primaryimage\"},\"thumbnailUrl\":\"https:\\\/\\\/luxuryvacationscolombia.com\\\/wp-content\\\/uploads\\\/2023\\\/09\\\/IMG_4697.jpg\",\"datePublished\":\"2023-09-15T17:23:06+00:00\",\"dateModified\":\"2024-08-21T16:24:27+00:00\",\"breadcrumb\":{\"@id\":\"https:\\\/\\\/luxuryvacationscolombia.com\\\/index.php\\\/producto\\\/avistamiento-de-aves\\\/#breadcrumb\"},\"inLanguage\":\"es\",\"potentialAction\":[{\"@type\":\"ReadAction\",\"target\":[\"https:\\\/\\\/luxuryvacationscolombia.com\\\/index.php\\\/producto\\\/avistamiento-de-aves\\\/\"]}]},{\"@type\":\"ImageObject\",\"inLanguage\":\"es\",\"@id\":\"https:\\\/\\\/luxuryvacationscolombia.com\\\/index.php\\\/producto\\\/avistamiento-de-aves\\\/#primaryimage\",\"url\":\"https:\\\/\\\/luxuryvacationscolombia.com\\\/wp-content\\\/uploads\\\/2023\\\/09\\\/IMG_4697.jpg\",\"contentUrl\":\"https:\\\/\\\/luxuryvacationscolombia.com\\\/wp-content\\\/uploads\\\/2023\\\/09\\\/IMG_4697.jpg\",\"width\":750,\"height\":734},{\"@type\":\"BreadcrumbList\",\"@id\":\"https:\\\/\\\/luxuryvacationscolombia.com\\\/index.php\\\/producto\\\/avistamiento-de-aves\\\/#breadcrumb\",\"itemListElement\":[{\"@type\":\"ListItem\",\"position\":1,\"name\":\"Portada\",\"item\":\"https:\\\/\\\/luxuryvacationscolombia.com\\\/\"},{\"@type\":\"ListItem\",\"position\":2,\"name\":\"Experiencias\",\"item\":\"https:\\\/\\\/luxuryvacationscolombia.com\\\/index.php\\\/home\\\/experiencias\\\/\"},{\"@type\":\"ListItem\",\"position\":3,\"name\":\"AVISTAMIENTO DE AVES (Privado)\"}]},{\"@type\":\"WebSite\",\"@id\":\"https:\\\/\\\/luxuryvacationscolombia.com\\\/#website\",\"url\":\"https:\\\/\\\/luxuryvacationscolombia.com\\\/\",\"name\":\"Luxury Vacations &amp; Getaways in Colombia\",\"description\":\"Agencia de Viajes y Tours, las mejores experiencias en Cartagena de Indias\",\"publisher\":{\"@id\":\"https:\\\/\\\/luxuryvacationscolombia.com\\\/#organization\"},\"potentialAction\":[{\"@type\":\"SearchAction\",\"target\":{\"@type\":\"EntryPoint\",\"urlTemplate\":\"https:\\\/\\\/luxuryvacationscolombia.com\\\/?s={search_term_string}\"},\"query-input\":{\"@type\":\"PropertyValueSpecification\",\"valueRequired\":true,\"valueName\":\"search_term_string\"}}],\"inLanguage\":\"es\"},{\"@type\":\"Organization\",\"@id\":\"https:\\\/\\\/luxuryvacationscolombia.com\\\/#organization\",\"name\":\"Luxury Vacations &amp; Getaways in Colombia\",\"url\":\"https:\\\/\\\/luxuryvacationscolombia.com\\\/\",\"logo\":{\"@type\":\"ImageObject\",\"inLanguage\":\"es\",\"@id\":\"https:\\\/\\\/luxuryvacationscolombia.com\\\/#\\\/schema\\\/logo\\\/image\\\/\",\"url\":\"https:\\\/\\\/luxuryvacationscolombia.com\\\/wp-content\\\/uploads\\\/2023\\\/09\\\/Luxury-Vacations-in-Colombia-Logo-pequeno.webp\",\"contentUrl\":\"https:\\\/\\\/luxuryvacationscolombia.com\\\/wp-content\\\/uploads\\\/2023\\\/09\\\/Luxury-Vacations-in-Colombia-Logo-pequeno.webp\",\"width\":1500,\"height\":580,\"caption\":\"Luxury Vacations &amp; Getaways in Colombia\"},\"image\":{\"@id\":\"https:\\\/\\\/luxuryvacationscolombia.com\\\/#\\\/schema\\\/logo\\\/image\\\/\"}}]}<\/script>\n<!-- \/ Yoast SEO plugin. -->","yoast_head_json":{"title":"AVISTAMIENTO DE AVES (Privado) - Luxury Vacations &amp; Getaways in Colombia","robots":{"index":"index","follow":"follow","max-snippet":"max-snippet:-1","max-image-preview":"max-image-preview:large","max-video-preview":"max-video-preview:-1"},"canonical":"https:\/\/luxuryvacationscolombia.com\/index.php\/producto\/avistamiento-de-aves\/","og_locale":"es_ES","og_type":"article","og_title":"AVISTAMIENTO DE AVES (Privado) - Luxury Vacations &amp; Getaways in Colombia","og_description":"Espectacular avistamiento de aves en su entorno natural.","og_url":"https:\/\/luxuryvacationscolombia.com\/index.php\/producto\/avistamiento-de-aves\/","og_site_name":"Luxury Vacations &amp; Getaways in Colombia","article_modified_time":"2024-08-21T16:24:27+00:00","og_image":[{"width":750,"height":734,"url":"https:\/\/luxuryvacationscolombia.com\/wp-content\/uploads\/2023\/09\/IMG_4697.jpg","type":"image\/jpeg"}],"twitter_card":"summary_large_image","twitter_misc":{"Tiempo de lectura":"1 minuto"},"schema":{"@context":"https:\/\/schema.org","@graph":[{"@type":"WebPage","@id":"https:\/\/luxuryvacationscolombia.com\/index.php\/producto\/avistamiento-de-aves\/","url":"https:\/\/luxuryvacationscolombia.com\/index.php\/producto\/avistamiento-de-aves\/","name":"AVISTAMIENTO DE AVES (Privado) - Luxury Vacations &amp; Getaways in Colombia","isPartOf":{"@id":"https:\/\/luxuryvacationscolombia.com\/#website"},"primaryImageOfPage":{"@id":"https:\/\/luxuryvacationscolombia.com\/index.php\/producto\/avistamiento-de-aves\/#primaryimage"},"image":{"@id":"https:\/\/luxuryvacationscolombia.com\/index.php\/producto\/avistamiento-de-aves\/#primaryimage"},"thumbnailUrl":"https:\/\/luxuryvacationscolombia.com\/wp-content\/uploads\/2023\/09\/IMG_4697.jpg","datePublished":"2023-09-15T17:23:06+00:00","dateModified":"2024-08-21T16:24:27+00:00","breadcrumb":{"@id":"https:\/\/luxuryvacationscolombia.com\/index.php\/producto\/avistamiento-de-aves\/#breadcrumb"},"inLanguage":"es","potentialAction":[{"@type":"ReadAction","target":["https:\/\/luxuryvacationscolombia.com\/index.php\/producto\/avistamiento-de-aves\/"]}]},{"@type":"ImageObject","inLanguage":"es","@id":"https:\/\/luxuryvacationscolombia.com\/index.php\/producto\/avistamiento-de-aves\/#primaryimage","url":"https:\/\/luxuryvacationscolombia.com\/wp-content\/uploads\/2023\/09\/IMG_4697.jpg","contentUrl":"https:\/\/luxuryvacationscolombia.com\/wp-content\/uploads\/2023\/09\/IMG_4697.jpg","width":750,"height":734},{"@type":"BreadcrumbList","@id":"https:\/\/luxuryvacationscolombia.com\/index.php\/producto\/avistamiento-de-aves\/#breadcrumb","itemListElement":[{"@type":"ListItem","position":1,"name":"Portada","item":"https:\/\/luxuryvacationscolombia.com\/"},{"@type":"ListItem","position":2,"name":"Experiencias","item":"https:\/\/luxuryvacationscolombia.com\/index.php\/home\/experiencias\/"},{"@type":"ListItem","position":3,"name":"AVISTAMIENTO DE AVES (Privado)"}]},{"@type":"WebSite","@id":"https:\/\/luxuryvacationscolombia.com\/#website","url":"https:\/\/luxuryvacationscolombia.com\/","name":"Luxury Vacations &amp; Getaways in Colombia","description":"Agencia de Viajes y Tours, las mejores experiencias en Cartagena de Indias","publisher":{"@id":"https:\/\/luxuryvacationscolombia.com\/#organization"},"potentialAction":[{"@type":"SearchAction","target":{"@type":"EntryPoint","urlTemplate":"https:\/\/luxuryvacationscolombia.com\/?s={search_term_string}"},"query-input":{"@type":"PropertyValueSpecification","valueRequired":true,"valueName":"search_term_string"}}],"inLanguage":"es"},{"@type":"Organization","@id":"https:\/\/luxuryvacationscolombia.com\/#organization","name":"Luxury Vacations &amp; Getaways in Colombia","url":"https:\/\/luxuryvacationscolombia.com\/","logo":{"@type":"ImageObject","inLanguage":"es","@id":"https:\/\/luxuryvacationscolombia.com\/#\/schema\/logo\/image\/","url":"https:\/\/luxuryvacationscolombia.com\/wp-content\/uploads\/2023\/09\/Luxury-Vacations-in-Colombia-Logo-pequeno.webp","contentUrl":"https:\/\/luxuryvacationscolombia.com\/wp-content\/uploads\/2023\/09\/Luxury-Vacations-in-Colombia-Logo-pequeno.webp","width":1500,"height":580,"caption":"Luxury Vacations &amp; Getaways in Colombia"},"image":{"@id":"https:\/\/luxuryvacationscolombia.com\/#\/schema\/logo\/image\/"}}]}},"_links":{"self":[{"href":"https:\/\/luxuryvacationscolombia.com\/index.php\/wp-json\/wp\/v2\/product\/4868","targetHints":{"allow":["GET"]}}],"collection":[{"href":"https:\/\/luxuryvacationscolombia.com\/index.php\/wp-json\/wp\/v2\/product"}],"about":[{"href":"https:\/\/luxuryvacationscolombia.com\/index.php\/wp-json\/wp\/v2\/types\/product"}],"replies":[{"embeddable":true,"href":"https:\/\/luxuryvacationscolombia.com\/index.php\/wp-json\/wp\/v2\/comments?post=4868"}],"wp:featuredmedia":[{"embeddable":true,"href":"https:\/\/luxuryvacationscolombia.com\/index.php\/wp-json\/wp\/v2\/media\/6362"}],"wp:attachment":[{"href":"https:\/\/luxuryvacationscolombia.com\/index.php\/wp-json\/wp\/v2\/media?parent=4868"}],"wp:term":[{"taxonomy":"product_brand","embeddable":true,"href":"https:\/\/luxuryvacationscolombia.com\/index.php\/wp-json\/wp\/v2\/product_brand?post=4868"},{"taxonomy":"product_cat","embeddable":true,"href":"https:\/\/luxuryvacationscolombia.com\/index.php\/wp-json\/wp\/v2\/product_cat?post=4868"},{"taxonomy":"product_tag","embeddable":true,"href":"https:\/\/luxuryvacationscolombia.com\/index.php\/wp-json\/wp\/v2\/product_tag?post=4868"}],"curies":[{"name":"wp","href":"https:\/\/api.w.org\/{rel}","templated":true}]}}