{"id":4858,"date":"2023-09-15T17:23:05","date_gmt":"2023-09-15T17:23:05","guid":{"rendered":"https:\/\/escapatecartagena.com\/?post_type=product&#038;p=4858"},"modified":"2025-01-23T18:40:57","modified_gmt":"2025-01-23T18:40:57","slug":"cena-en-embarcacion-express-master","status":"publish","type":"product","link":"https:\/\/luxuryvacationscolombia.com\/index.php\/producto\/cena-en-embarcacion-express-master\/","title":{"rendered":"CENA EN EMBARCACI\u00d3N (Compartida)"},"content":{"rendered":"<p>\u00bfQu\u00e9 podr\u00eda ser m\u00e1s rom\u00e1ntico que una cena a bordo de una embarcaci\u00f3n, navegando en la hermosa bah\u00eda de Cartagena en un tour nocturno? Prep\u00e1rate para una experiencia inolvidable que combina el encanto del mar, la belleza de la noche y el sabor de una cena excepcional.<\/p>\n<p>Ya sea que est\u00e9s celebrando una ocasi\u00f3n especial o simplemente quieras disfrutar de la vida en su m\u00e1xima expresi\u00f3n, nuestra cena a bordo es perfecta para crear recuerdos imborrables.<\/p>\n<p>&nbsp;<\/p>\n","protected":false},"excerpt":{"rendered":"<p>Cena bajo las estrellas por la Bah\u00eda de Cartagena<\/p>\n","protected":false},"featured_media":6430,"comment_status":"open","ping_status":"closed","template":"","meta":{"_acf_changed":false,"_monsterinsights_skip_tracking":false,"_monsterinsights_sitenote_active":false,"_monsterinsights_sitenote_note":"","_monsterinsights_sitenote_category":0,"_joinchat":[]},"product_brand":[],"product_cat":[200,223],"product_tag":[202],"class_list":{"0":"post-4858","1":"product","2":"type-product","3":"status-publish","4":"has-post-thumbnail","6":"product_cat-experiencias","7":"product_cat-planes-de-noche","8":"product_tag-tierra-bomba","10":"first","11":"instock","12":"sold-individually","13":"shipping-taxable","14":"purchasable","15":"product-type-booking"},"booking_location":"","booking_location_type":"","booking_duration":1,"booking_duration_unit":"day","booking_buffer":0,"booking_cost":200000,"booking_resources":[],"acf":[],"yoast_head":"<!-- This site is optimized with the Yoast SEO plugin v27.5 - https:\/\/yoast.com\/product\/yoast-seo-wordpress\/ -->\n<title>CENA EN EMBARCACI\u00d3N (Compartida) - Luxury Vacations &amp; Getaways in Colombia<\/title>\n<meta name=\"robots\" content=\"index, follow, max-snippet:-1, max-image-preview:large, max-video-preview:-1\" \/>\n<link rel=\"canonical\" href=\"https:\/\/luxuryvacationscolombia.com\/index.php\/producto\/cena-en-embarcacion-express-master\/\" \/>\n<meta property=\"og:locale\" content=\"es_ES\" \/>\n<meta property=\"og:type\" content=\"article\" \/>\n<meta property=\"og:title\" content=\"CENA EN EMBARCACI\u00d3N (Compartida) - Luxury Vacations &amp; Getaways in Colombia\" \/>\n<meta property=\"og:description\" content=\"Cena bajo las estrellas por la Bah\u00eda de Cartagena\" \/>\n<meta property=\"og:url\" content=\"https:\/\/luxuryvacationscolombia.com\/index.php\/producto\/cena-en-embarcacion-express-master\/\" \/>\n<meta property=\"og:site_name\" content=\"Luxury Vacations &amp; Getaways in Colombia\" \/>\n<meta property=\"article:modified_time\" content=\"2025-01-23T18:40:57+00:00\" \/>\n<meta property=\"og:image\" content=\"https:\/\/luxuryvacationscolombia.com\/wp-content\/uploads\/2023\/09\/IMG_7270.jpg\" \/>\n\t<meta property=\"og:image:width\" content=\"1169\" \/>\n\t<meta property=\"og:image:height\" content=\"1575\" \/>\n\t<meta property=\"og:image:type\" content=\"image\/jpeg\" \/>\n<meta name=\"twitter:card\" content=\"summary_large_image\" \/>\n<meta name=\"twitter:label1\" content=\"Tiempo de lectura\" \/>\n\t<meta name=\"twitter:data1\" content=\"1 minuto\" \/>\n<script type=\"application\/ld+json\" class=\"yoast-schema-graph\">{\"@context\":\"https:\\\/\\\/schema.org\",\"@graph\":[{\"@type\":\"WebPage\",\"@id\":\"https:\\\/\\\/luxuryvacationscolombia.com\\\/index.php\\\/producto\\\/cena-en-embarcacion-express-master\\\/\",\"url\":\"https:\\\/\\\/luxuryvacationscolombia.com\\\/index.php\\\/producto\\\/cena-en-embarcacion-express-master\\\/\",\"name\":\"CENA EN EMBARCACI\u00d3N (Compartida) - Luxury Vacations &amp; Getaways in Colombia\",\"isPartOf\":{\"@id\":\"https:\\\/\\\/luxuryvacationscolombia.com\\\/#website\"},\"primaryImageOfPage\":{\"@id\":\"https:\\\/\\\/luxuryvacationscolombia.com\\\/index.php\\\/producto\\\/cena-en-embarcacion-express-master\\\/#primaryimage\"},\"image\":{\"@id\":\"https:\\\/\\\/luxuryvacationscolombia.com\\\/index.php\\\/producto\\\/cena-en-embarcacion-express-master\\\/#primaryimage\"},\"thumbnailUrl\":\"https:\\\/\\\/luxuryvacationscolombia.com\\\/wp-content\\\/uploads\\\/2023\\\/09\\\/IMG_7270.jpg\",\"datePublished\":\"2023-09-15T17:23:05+00:00\",\"dateModified\":\"2025-01-23T18:40:57+00:00\",\"breadcrumb\":{\"@id\":\"https:\\\/\\\/luxuryvacationscolombia.com\\\/index.php\\\/producto\\\/cena-en-embarcacion-express-master\\\/#breadcrumb\"},\"inLanguage\":\"es\",\"potentialAction\":[{\"@type\":\"ReadAction\",\"target\":[\"https:\\\/\\\/luxuryvacationscolombia.com\\\/index.php\\\/producto\\\/cena-en-embarcacion-express-master\\\/\"]}]},{\"@type\":\"ImageObject\",\"inLanguage\":\"es\",\"@id\":\"https:\\\/\\\/luxuryvacationscolombia.com\\\/index.php\\\/producto\\\/cena-en-embarcacion-express-master\\\/#primaryimage\",\"url\":\"https:\\\/\\\/luxuryvacationscolombia.com\\\/wp-content\\\/uploads\\\/2023\\\/09\\\/IMG_7270.jpg\",\"contentUrl\":\"https:\\\/\\\/luxuryvacationscolombia.com\\\/wp-content\\\/uploads\\\/2023\\\/09\\\/IMG_7270.jpg\",\"width\":1169,\"height\":1575},{\"@type\":\"BreadcrumbList\",\"@id\":\"https:\\\/\\\/luxuryvacationscolombia.com\\\/index.php\\\/producto\\\/cena-en-embarcacion-express-master\\\/#breadcrumb\",\"itemListElement\":[{\"@type\":\"ListItem\",\"position\":1,\"name\":\"Portada\",\"item\":\"https:\\\/\\\/luxuryvacationscolombia.com\\\/\"},{\"@type\":\"ListItem\",\"position\":2,\"name\":\"Experiencias\",\"item\":\"https:\\\/\\\/luxuryvacationscolombia.com\\\/index.php\\\/home\\\/experiencias\\\/\"},{\"@type\":\"ListItem\",\"position\":3,\"name\":\"CENA EN EMBARCACI\u00d3N (Compartida)\"}]},{\"@type\":\"WebSite\",\"@id\":\"https:\\\/\\\/luxuryvacationscolombia.com\\\/#website\",\"url\":\"https:\\\/\\\/luxuryvacationscolombia.com\\\/\",\"name\":\"Luxury Vacations &amp; Getaways in Colombia\",\"description\":\"Agencia de Viajes y Tours, las mejores experiencias en Cartagena de Indias\",\"publisher\":{\"@id\":\"https:\\\/\\\/luxuryvacationscolombia.com\\\/#organization\"},\"potentialAction\":[{\"@type\":\"SearchAction\",\"target\":{\"@type\":\"EntryPoint\",\"urlTemplate\":\"https:\\\/\\\/luxuryvacationscolombia.com\\\/?s={search_term_string}\"},\"query-input\":{\"@type\":\"PropertyValueSpecification\",\"valueRequired\":true,\"valueName\":\"search_term_string\"}}],\"inLanguage\":\"es\"},{\"@type\":\"Organization\",\"@id\":\"https:\\\/\\\/luxuryvacationscolombia.com\\\/#organization\",\"name\":\"Luxury Vacations &amp; Getaways in Colombia\",\"url\":\"https:\\\/\\\/luxuryvacationscolombia.com\\\/\",\"logo\":{\"@type\":\"ImageObject\",\"inLanguage\":\"es\",\"@id\":\"https:\\\/\\\/luxuryvacationscolombia.com\\\/#\\\/schema\\\/logo\\\/image\\\/\",\"url\":\"https:\\\/\\\/luxuryvacationscolombia.com\\\/wp-content\\\/uploads\\\/2023\\\/09\\\/Luxury-Vacations-in-Colombia-Logo-pequeno.webp\",\"contentUrl\":\"https:\\\/\\\/luxuryvacationscolombia.com\\\/wp-content\\\/uploads\\\/2023\\\/09\\\/Luxury-Vacations-in-Colombia-Logo-pequeno.webp\",\"width\":1500,\"height\":580,\"caption\":\"Luxury Vacations &amp; Getaways in Colombia\"},\"image\":{\"@id\":\"https:\\\/\\\/luxuryvacationscolombia.com\\\/#\\\/schema\\\/logo\\\/image\\\/\"}}]}<\/script>\n<!-- \/ Yoast SEO plugin. -->","yoast_head_json":{"title":"CENA EN EMBARCACI\u00d3N (Compartida) - Luxury Vacations &amp; Getaways in Colombia","robots":{"index":"index","follow":"follow","max-snippet":"max-snippet:-1","max-image-preview":"max-image-preview:large","max-video-preview":"max-video-preview:-1"},"canonical":"https:\/\/luxuryvacationscolombia.com\/index.php\/producto\/cena-en-embarcacion-express-master\/","og_locale":"es_ES","og_type":"article","og_title":"CENA EN EMBARCACI\u00d3N (Compartida) - Luxury Vacations &amp; Getaways in Colombia","og_description":"Cena bajo las estrellas por la Bah\u00eda de Cartagena","og_url":"https:\/\/luxuryvacationscolombia.com\/index.php\/producto\/cena-en-embarcacion-express-master\/","og_site_name":"Luxury Vacations &amp; Getaways in Colombia","article_modified_time":"2025-01-23T18:40:57+00:00","og_image":[{"width":1169,"height":1575,"url":"https:\/\/luxuryvacationscolombia.com\/wp-content\/uploads\/2023\/09\/IMG_7270.jpg","type":"image\/jpeg"}],"twitter_card":"summary_large_image","twitter_misc":{"Tiempo de lectura":"1 minuto"},"schema":{"@context":"https:\/\/schema.org","@graph":[{"@type":"WebPage","@id":"https:\/\/luxuryvacationscolombia.com\/index.php\/producto\/cena-en-embarcacion-express-master\/","url":"https:\/\/luxuryvacationscolombia.com\/index.php\/producto\/cena-en-embarcacion-express-master\/","name":"CENA EN EMBARCACI\u00d3N (Compartida) - Luxury Vacations &amp; Getaways in Colombia","isPartOf":{"@id":"https:\/\/luxuryvacationscolombia.com\/#website"},"primaryImageOfPage":{"@id":"https:\/\/luxuryvacationscolombia.com\/index.php\/producto\/cena-en-embarcacion-express-master\/#primaryimage"},"image":{"@id":"https:\/\/luxuryvacationscolombia.com\/index.php\/producto\/cena-en-embarcacion-express-master\/#primaryimage"},"thumbnailUrl":"https:\/\/luxuryvacationscolombia.com\/wp-content\/uploads\/2023\/09\/IMG_7270.jpg","datePublished":"2023-09-15T17:23:05+00:00","dateModified":"2025-01-23T18:40:57+00:00","breadcrumb":{"@id":"https:\/\/luxuryvacationscolombia.com\/index.php\/producto\/cena-en-embarcacion-express-master\/#breadcrumb"},"inLanguage":"es","potentialAction":[{"@type":"ReadAction","target":["https:\/\/luxuryvacationscolombia.com\/index.php\/producto\/cena-en-embarcacion-express-master\/"]}]},{"@type":"ImageObject","inLanguage":"es","@id":"https:\/\/luxuryvacationscolombia.com\/index.php\/producto\/cena-en-embarcacion-express-master\/#primaryimage","url":"https:\/\/luxuryvacationscolombia.com\/wp-content\/uploads\/2023\/09\/IMG_7270.jpg","contentUrl":"https:\/\/luxuryvacationscolombia.com\/wp-content\/uploads\/2023\/09\/IMG_7270.jpg","width":1169,"height":1575},{"@type":"BreadcrumbList","@id":"https:\/\/luxuryvacationscolombia.com\/index.php\/producto\/cena-en-embarcacion-express-master\/#breadcrumb","itemListElement":[{"@type":"ListItem","position":1,"name":"Portada","item":"https:\/\/luxuryvacationscolombia.com\/"},{"@type":"ListItem","position":2,"name":"Experiencias","item":"https:\/\/luxuryvacationscolombia.com\/index.php\/home\/experiencias\/"},{"@type":"ListItem","position":3,"name":"CENA EN EMBARCACI\u00d3N (Compartida)"}]},{"@type":"WebSite","@id":"https:\/\/luxuryvacationscolombia.com\/#website","url":"https:\/\/luxuryvacationscolombia.com\/","name":"Luxury Vacations &amp; Getaways in Colombia","description":"Agencia de Viajes y Tours, las mejores experiencias en Cartagena de Indias","publisher":{"@id":"https:\/\/luxuryvacationscolombia.com\/#organization"},"potentialAction":[{"@type":"SearchAction","target":{"@type":"EntryPoint","urlTemplate":"https:\/\/luxuryvacationscolombia.com\/?s={search_term_string}"},"query-input":{"@type":"PropertyValueSpecification","valueRequired":true,"valueName":"search_term_string"}}],"inLanguage":"es"},{"@type":"Organization","@id":"https:\/\/luxuryvacationscolombia.com\/#organization","name":"Luxury Vacations &amp; Getaways in Colombia","url":"https:\/\/luxuryvacationscolombia.com\/","logo":{"@type":"ImageObject","inLanguage":"es","@id":"https:\/\/luxuryvacationscolombia.com\/#\/schema\/logo\/image\/","url":"https:\/\/luxuryvacationscolombia.com\/wp-content\/uploads\/2023\/09\/Luxury-Vacations-in-Colombia-Logo-pequeno.webp","contentUrl":"https:\/\/luxuryvacationscolombia.com\/wp-content\/uploads\/2023\/09\/Luxury-Vacations-in-Colombia-Logo-pequeno.webp","width":1500,"height":580,"caption":"Luxury Vacations &amp; Getaways in Colombia"},"image":{"@id":"https:\/\/luxuryvacationscolombia.com\/#\/schema\/logo\/image\/"}}]}},"_links":{"self":[{"href":"https:\/\/luxuryvacationscolombia.com\/index.php\/wp-json\/wp\/v2\/product\/4858","targetHints":{"allow":["GET"]}}],"collection":[{"href":"https:\/\/luxuryvacationscolombia.com\/index.php\/wp-json\/wp\/v2\/product"}],"about":[{"href":"https:\/\/luxuryvacationscolombia.com\/index.php\/wp-json\/wp\/v2\/types\/product"}],"replies":[{"embeddable":true,"href":"https:\/\/luxuryvacationscolombia.com\/index.php\/wp-json\/wp\/v2\/comments?post=4858"}],"wp:featuredmedia":[{"embeddable":true,"href":"https:\/\/luxuryvacationscolombia.com\/index.php\/wp-json\/wp\/v2\/media\/6430"}],"wp:attachment":[{"href":"https:\/\/luxuryvacationscolombia.com\/index.php\/wp-json\/wp\/v2\/media?parent=4858"}],"wp:term":[{"taxonomy":"product_brand","embeddable":true,"href":"https:\/\/luxuryvacationscolombia.com\/index.php\/wp-json\/wp\/v2\/product_brand?post=4858"},{"taxonomy":"product_cat","embeddable":true,"href":"https:\/\/luxuryvacationscolombia.com\/index.php\/wp-json\/wp\/v2\/product_cat?post=4858"},{"taxonomy":"product_tag","embeddable":true,"href":"https:\/\/luxuryvacationscolombia.com\/index.php\/wp-json\/wp\/v2\/product_tag?post=4858"}],"curies":[{"name":"wp","href":"https:\/\/api.w.org\/{rel}","templated":true}]}}